{"id":787,"date":"2025-06-07T20:05:06","date_gmt":"2025-06-07T20:05:06","guid":{"rendered":"https:\/\/www.gym-toelz.de\/?page_id=787"},"modified":"2026-01-28T16:35:24","modified_gmt":"2026-01-28T15:35:24","slug":"parkmoeglichkeiten","status":"publish","type":"page","link":"https:\/\/www.gym-toelz.de\/index.php\/unsere-schule\/ueber-uns\/parkmoeglichkeiten\/","title":{"rendered":"Parkm\u00f6glichkeiten"},"content":{"rendered":"<p><img loading=\"lazy\" decoding=\"async\" class=\"wp-image-788 aligncenter\" src=\"https:\/\/www.gym-toelz.de\/wp-content\/uploads\/2025\/06\/parken2-300x258.png\" alt=\"\" width=\"529\" height=\"455\" srcset=\"https:\/\/www.gym-toelz.de\/wp-content\/uploads\/2025\/06\/parken2-300x258.png 300w, https:\/\/www.gym-toelz.de\/wp-content\/uploads\/2025\/06\/parken2.png 608w\" sizes=\"auto, (max-width: 529px) 100vw, 529px\" \/><\/p>\n<p style=\"text-align: center;\">1. Parkplatz \u00f6ffentlich hinter der Stadtb\u00fccherei (teilweise kostenfrei)<br \/>\n2. Parkplatz \u00f6ffentlich (geb\u00fchrenpflichtig)<br \/>\n3. Parkplatz \u00f6ffentlich (kostenfrei)<br \/>\n4. Parkplatz F\u00f6rderschule\/Realschule (10 Pl\u00e4tze f\u00fcr GvS \u2013 Parkausweis!)<br \/>\n5. Parkplatz \u00f6ffentlich (geb\u00fchrenpflichtig)<br \/>\n6. GvS Parkplatz<br \/>\nT. GvS Tiefgarage (nur f\u00fcr Lehrkr\u00e4fte)<br \/>\nG. GvS G\u00e4ste (3 Stellpl\u00e4tze)<\/p>\n","protected":false},"excerpt":{"rendered":"<p>1. Parkplatz \u00f6ffentlich hinter der Stadtb\u00fccherei (teilweise kostenfrei) 2. Parkplatz \u00f6ffentlich (geb\u00fchrenpflichtig) 3. Parkplatz \u00f6ffentlich (kostenfrei) 4. Parkplatz F\u00f6rderschule\/Realschule (10 Pl\u00e4tze f\u00fcr GvS \u2013 Parkausweis!) 5. Parkplatz \u00f6ffentlich (geb\u00fchrenpflichtig) 6. GvS Parkplatz T. GvS Tiefgarage (nur f\u00fcr Lehrkr\u00e4fte) G. GvS G\u00e4ste (3 Stellpl\u00e4tze)<\/p>\n","protected":false},"author":3,"featured_media":0,"parent":109,"menu_order":26,"comment_status":"closed","ping_status":"closed","template":"","meta":{"footnotes":""},"class_list":["post-787","page","type-page","status-publish","hentry"],"_links":{"self":[{"href":"https:\/\/www.gym-toelz.de\/index.php\/wp-json\/wp\/v2\/pages\/787","targetHints":{"allow":["GET"]}}],"collection":[{"href":"https:\/\/www.gym-toelz.de\/index.php\/wp-json\/wp\/v2\/pages"}],"about":[{"href":"https:\/\/www.gym-toelz.de\/index.php\/wp-json\/wp\/v2\/types\/page"}],"author":[{"embeddable":true,"href":"https:\/\/www.gym-toelz.de\/index.php\/wp-json\/wp\/v2\/users\/3"}],"replies":[{"embeddable":true,"href":"https:\/\/www.gym-toelz.de\/index.php\/wp-json\/wp\/v2\/comments?post=787"}],"version-history":[{"count":3,"href":"https:\/\/www.gym-toelz.de\/index.php\/wp-json\/wp\/v2\/pages\/787\/revisions"}],"predecessor-version":[{"id":790,"href":"https:\/\/www.gym-toelz.de\/index.php\/wp-json\/wp\/v2\/pages\/787\/revisions\/790"}],"up":[{"embeddable":true,"href":"https:\/\/www.gym-toelz.de\/index.php\/wp-json\/wp\/v2\/pages\/109"}],"wp:attachment":[{"href":"https:\/\/www.gym-toelz.de\/index.php\/wp-json\/wp\/v2\/media?parent=787"}],"curies":[{"name":"wp","href":"https:\/\/api.w.org\/{rel}","templated":true}]}}