{"id":546,"date":"2025-06-06T16:51:34","date_gmt":"2025-06-06T16:51:34","guid":{"rendered":"https:\/\/www.gym-toelz.de\/?page_id=546"},"modified":"2026-01-28T16:35:23","modified_gmt":"2026-01-28T15:35:23","slug":"kalender","status":"publish","type":"page","link":"https:\/\/www.gym-toelz.de\/index.php\/aktuelles\/kalender\/","title":{"rendered":"Kalender"},"content":{"rendered":"<h2>Aktuelle Termine<\/h2>\n\t\t<div class=\"row_grid wpea_frontend_archive\" data-paged=\"1\" data-shortcode=\"{&quot;layout&quot;:&quot;style3&quot;,&quot;paged&quot;:1,&quot;posts_per_page&quot;:&quot;&quot;,&quot;col&quot;:&quot;2&quot;,&quot;ajaxpagi&quot;:&quot;no&quot;,&quot;past_events&quot;:&quot;&quot;,&quot;order&quot;:&quot;ASC&quot;,&quot;orderby&quot;:&quot;&quot;,&quot;start_date&quot;:&quot;&quot;,&quot;end_date&quot;:&quot;&quot;}\" >\n\t\t\t<div class=\"col-wpea-md-6 archive-event post-3247 wp_events type-wp_events status-publish hentry\" >\n    <div class=\"wpea-card\" >\n        <div class=\"wpea-card-body\" >\n            <div class=\"wpea-d-flex wpea-border-bottom wpea-pb-3 wpea-align-items\" >\n                <div class=\"wpea-badge wpea-bg-label wpea-d-flex wpea-flex-column wpea-justify-content-center wpea-px-3 wpea-rounded-3 wpea-me-3 wpea-align-items\" >\n                    <span class=\"wpea-fw-bold wpea-mt-5\" >Mai<\/span>\n                    <span class=\"wpea-fw-bold wpea-mt-0 wpea-mb-5 \" >05<\/span>\n                <\/div>\n                <div class=\"wpea-w-75 wpea-text-limit wpea-fw-bold\" >\n                    <a class=\"wpea-text-deco\" style=\"color:#2a6d80;\" href=\"https:\/\/www.gym-toelz.de\/index.php\/wp-event\/moutainbike-bezirksfinale-oberbayern-laspo\/\"  ><span class=\"wpea-card-title wpea-mb-1\" >Moutainbike Bezirksfinale Oberbayern LASPO<\/span><\/a>\n                <\/div>\n            <\/div>\n            <div class=\"wpea-h-60\">\n                <div class=\"wpea-d-flex wpea-mt-3 wpea-gap-2 wpea-align-items\" >\n                    <span class=\"wpea-d-flex\" >\n                        <svg xmlns=\"http:\/\/www.w3.org\/2000\/svg\" width=\"20\" height=\"20\" viewBox=\"0 0 24 24\">\n                            <path fill=\"#2a6d80\" d=\"M12 20a8 8 0 0 0 8-8a8 8 0 0 0-8-8a8 8 0 0 0-8 8a8 8 0 0 0 8 8m0-18a10 10 0 0 1 10 10a10 10 0 0 1-10 10C6.47 22 2 17.5 2 12A10 10 0 0 1 12 2m.5 5v5.25l4.5 2.67l-.75 1.23L11 13V7z\"\/>\n                        <\/svg>\n                    <\/span>\n                    <div >\n                        <p class=\"wpea-mb-0\">Tuesday, 5 May, 0:00<\/p>\n                    <\/div>\n                <\/div>\n                <div class=\"wpea-d-flex wpea-gap-2 wpea-align-items\" >\n                                    <\/div>\n            <\/div>\n        <\/div>\n    <\/div>  \n<\/div>\n<style>\n.wpea-bg-label {\n\tbackground-color: #2a6d80;\n\tcolor: #fff;\n}\n.wpea-badge {\n\tbackground: #2a6d80;\n\tborder-color: #2a6d80;\n\tcolor: #fff;\n}\n<\/style><div class=\"col-wpea-md-6 archive-event post-3248 wp_events type-wp_events status-publish hentry\" >\n    <div class=\"wpea-card\" >\n        <div class=\"wpea-card-body\" >\n            <div class=\"wpea-d-flex wpea-border-bottom wpea-pb-3 wpea-align-items\" >\n                <div class=\"wpea-badge wpea-bg-label wpea-d-flex wpea-flex-column wpea-justify-content-center wpea-px-3 wpea-rounded-3 wpea-me-3 wpea-align-items\" >\n                    <span class=\"wpea-fw-bold wpea-mt-5\" >Mai<\/span>\n                    <span class=\"wpea-fw-bold wpea-mt-0 wpea-mb-5 \" >06<\/span>\n                <\/div>\n                <div class=\"wpea-w-75 wpea-text-limit wpea-fw-bold\" >\n                    <a class=\"wpea-text-deco\" style=\"color:#2a6d80;\" href=\"https:\/\/www.gym-toelz.de\/index.php\/wp-event\/abiturpruefung-mathematik\/\"  ><span class=\"wpea-card-title wpea-mb-1\" >Abiturpr\u00fcfung Mathematik<\/span><\/a>\n                <\/div>\n            <\/div>\n            <div class=\"wpea-h-60\">\n                <div class=\"wpea-d-flex wpea-mt-3 wpea-gap-2 wpea-align-items\" >\n                    <span class=\"wpea-d-flex\" >\n                        <svg xmlns=\"http:\/\/www.w3.org\/2000\/svg\" width=\"20\" height=\"20\" viewBox=\"0 0 24 24\">\n                            <path fill=\"#2a6d80\" d=\"M12 20a8 8 0 0 0 8-8a8 8 0 0 0-8-8a8 8 0 0 0-8 8a8 8 0 0 0 8 8m0-18a10 10 0 0 1 10 10a10 10 0 0 1-10 10C6.47 22 2 17.5 2 12A10 10 0 0 1 12 2m.5 5v5.25l4.5 2.67l-.75 1.23L11 13V7z\"\/>\n                        <\/svg>\n                    <\/span>\n                    <div >\n                        <p class=\"wpea-mb-0\">Wednesday, 6 May, 0:00<\/p>\n                    <\/div>\n                <\/div>\n                <div class=\"wpea-d-flex wpea-gap-2 wpea-align-items\" >\n                                    <\/div>\n            <\/div>\n        <\/div>\n    <\/div>  \n<\/div>\n<style>\n.wpea-bg-label {\n\tbackground-color: #2a6d80;\n\tcolor: #fff;\n}\n.wpea-badge {\n\tbackground: #2a6d80;\n\tborder-color: #2a6d80;\n\tcolor: #fff;\n}\n<\/style><div class=\"col-wpea-md-6 archive-event post-3249 wp_events type-wp_events status-publish hentry\" >\n    <div class=\"wpea-card\" >\n        <div class=\"wpea-card-body\" >\n            <div class=\"wpea-d-flex wpea-border-bottom wpea-pb-3 wpea-align-items\" >\n                <div class=\"wpea-badge wpea-bg-label wpea-d-flex wpea-flex-column wpea-justify-content-center wpea-px-3 wpea-rounded-3 wpea-me-3 wpea-align-items\" >\n                    <span class=\"wpea-fw-bold wpea-mt-5\" >Mai<\/span>\n                    <span class=\"wpea-fw-bold wpea-mt-0 wpea-mb-5 \" >07<\/span>\n                <\/div>\n                <div class=\"wpea-w-75 wpea-text-limit wpea-fw-bold\" >\n                    <a class=\"wpea-text-deco\" style=\"color:#2a6d80;\" href=\"https:\/\/www.gym-toelz.de\/index.php\/wp-event\/dachaufahrt-der-9-klassen\/\"  ><span class=\"wpea-card-title wpea-mb-1\" >Dachaufahrt der 9. Klassen<\/span><\/a>\n                <\/div>\n            <\/div>\n            <div class=\"wpea-h-60\">\n                <div class=\"wpea-d-flex wpea-mt-3 wpea-gap-2 wpea-align-items\" >\n                    <span class=\"wpea-d-flex\" >\n                        <svg xmlns=\"http:\/\/www.w3.org\/2000\/svg\" width=\"20\" height=\"20\" viewBox=\"0 0 24 24\">\n                            <path fill=\"#2a6d80\" d=\"M12 20a8 8 0 0 0 8-8a8 8 0 0 0-8-8a8 8 0 0 0-8 8a8 8 0 0 0 8 8m0-18a10 10 0 0 1 10 10a10 10 0 0 1-10 10C6.47 22 2 17.5 2 12A10 10 0 0 1 12 2m.5 5v5.25l4.5 2.67l-.75 1.23L11 13V7z\"\/>\n                        <\/svg>\n                    <\/span>\n                    <div >\n                        <p class=\"wpea-mb-0\">Thursday, 7 May, 0:00<\/p>\n                    <\/div>\n                <\/div>\n                <div class=\"wpea-d-flex wpea-gap-2 wpea-align-items\" >\n                                    <\/div>\n            <\/div>\n        <\/div>\n    <\/div>  \n<\/div>\n<style>\n.wpea-bg-label {\n\tbackground-color: #2a6d80;\n\tcolor: #fff;\n}\n.wpea-badge {\n\tbackground: #2a6d80;\n\tborder-color: #2a6d80;\n\tcolor: #fff;\n}\n<\/style><div class=\"col-wpea-md-6 archive-event post-3250 wp_events type-wp_events status-publish hentry\" >\n    <div class=\"wpea-card\" >\n        <div class=\"wpea-card-body\" >\n            <div class=\"wpea-d-flex wpea-border-bottom wpea-pb-3 wpea-align-items\" >\n                <div class=\"wpea-badge wpea-bg-label wpea-d-flex wpea-flex-column wpea-justify-content-center wpea-px-3 wpea-rounded-3 wpea-me-3 wpea-align-items\" >\n                    <span class=\"wpea-fw-bold wpea-mt-5\" >Mai<\/span>\n                    <span class=\"wpea-fw-bold wpea-mt-0 wpea-mb-5 \" >07<\/span>\n                <\/div>\n                <div class=\"wpea-w-75 wpea-text-limit wpea-fw-bold\" >\n                    <a class=\"wpea-text-deco\" style=\"color:#2a6d80;\" href=\"https:\/\/www.gym-toelz.de\/index.php\/wp-event\/q12-besuch-der-messe-vocatium\/\"  ><span class=\"wpea-card-title wpea-mb-1\" >Q12: Besuch der Messe Vocatium<\/span><\/a>\n                <\/div>\n            <\/div>\n            <div class=\"wpea-h-60\">\n                <div class=\"wpea-d-flex wpea-mt-3 wpea-gap-2 wpea-align-items\" >\n                    <span class=\"wpea-d-flex\" >\n                        <svg xmlns=\"http:\/\/www.w3.org\/2000\/svg\" width=\"20\" height=\"20\" viewBox=\"0 0 24 24\">\n                            <path fill=\"#2a6d80\" d=\"M12 20a8 8 0 0 0 8-8a8 8 0 0 0-8-8a8 8 0 0 0-8 8a8 8 0 0 0 8 8m0-18a10 10 0 0 1 10 10a10 10 0 0 1-10 10C6.47 22 2 17.5 2 12A10 10 0 0 1 12 2m.5 5v5.25l4.5 2.67l-.75 1.23L11 13V7z\"\/>\n                        <\/svg>\n                    <\/span>\n                    <div >\n                        <p class=\"wpea-mb-0\">Thursday, 7 May, 0:00<\/p>\n                    <\/div>\n                <\/div>\n                <div class=\"wpea-d-flex wpea-gap-2 wpea-align-items\" >\n                                    <\/div>\n            <\/div>\n        <\/div>\n    <\/div>  \n<\/div>\n<style>\n.wpea-bg-label {\n\tbackground-color: #2a6d80;\n\tcolor: #fff;\n}\n.wpea-badge {\n\tbackground: #2a6d80;\n\tborder-color: #2a6d80;\n\tcolor: #fff;\n}\n<\/style><div class=\"col-wpea-md-6 archive-event post-3251 wp_events type-wp_events status-publish hentry\" >\n    <div class=\"wpea-card\" >\n        <div class=\"wpea-card-body\" >\n            <div class=\"wpea-d-flex wpea-border-bottom wpea-pb-3 wpea-align-items\" >\n                <div class=\"wpea-badge wpea-bg-label wpea-d-flex wpea-flex-column wpea-justify-content-center wpea-px-3 wpea-rounded-3 wpea-me-3 wpea-align-items\" >\n                    <span class=\"wpea-fw-bold wpea-mt-5\" >Mai<\/span>\n                    <span class=\"wpea-fw-bold wpea-mt-0 wpea-mb-5 \" >08<\/span>\n                <\/div>\n                <div class=\"wpea-w-75 wpea-text-limit wpea-fw-bold\" >\n                    <a class=\"wpea-text-deco\" style=\"color:#2a6d80;\" href=\"https:\/\/www.gym-toelz.de\/index.php\/wp-event\/abiturpruefung-franzoesisch-gaea\/\"  ><span class=\"wpea-card-title wpea-mb-1\" >Abiturpr\u00fcfung Franz\u00f6sisch (gA+eA)<\/span><\/a>\n                <\/div>\n            <\/div>\n            <div class=\"wpea-h-60\">\n                <div class=\"wpea-d-flex wpea-mt-3 wpea-gap-2 wpea-align-items\" >\n                    <span class=\"wpea-d-flex\" >\n                        <svg xmlns=\"http:\/\/www.w3.org\/2000\/svg\" width=\"20\" height=\"20\" viewBox=\"0 0 24 24\">\n                            <path fill=\"#2a6d80\" d=\"M12 20a8 8 0 0 0 8-8a8 8 0 0 0-8-8a8 8 0 0 0-8 8a8 8 0 0 0 8 8m0-18a10 10 0 0 1 10 10a10 10 0 0 1-10 10C6.47 22 2 17.5 2 12A10 10 0 0 1 12 2m.5 5v5.25l4.5 2.67l-.75 1.23L11 13V7z\"\/>\n                        <\/svg>\n                    <\/span>\n                    <div >\n                        <p class=\"wpea-mb-0\">Friday, 8 May, 0:00<\/p>\n                    <\/div>\n                <\/div>\n                <div class=\"wpea-d-flex wpea-gap-2 wpea-align-items\" >\n                                    <\/div>\n            <\/div>\n        <\/div>\n    <\/div>  \n<\/div>\n<style>\n.wpea-bg-label {\n\tbackground-color: #2a6d80;\n\tcolor: #fff;\n}\n.wpea-badge {\n\tbackground: #2a6d80;\n\tborder-color: #2a6d80;\n\tcolor: #fff;\n}\n<\/style><div class=\"col-wpea-md-6 archive-event post-3252 wp_events type-wp_events status-publish hentry\" >\n    <div class=\"wpea-card\" >\n        <div class=\"wpea-card-body\" >\n            <div class=\"wpea-d-flex wpea-border-bottom wpea-pb-3 wpea-align-items\" >\n                <div class=\"wpea-badge wpea-bg-label wpea-d-flex wpea-flex-column wpea-justify-content-center wpea-px-3 wpea-rounded-3 wpea-me-3 wpea-align-items\" >\n                    <span class=\"wpea-fw-bold wpea-mt-5\" >Mai<\/span>\n                    <span class=\"wpea-fw-bold wpea-mt-0 wpea-mb-5 \" >08<\/span>\n                <\/div>\n                <div class=\"wpea-w-75 wpea-text-limit wpea-fw-bold\" >\n                    <a class=\"wpea-text-deco\" style=\"color:#2a6d80;\" href=\"https:\/\/www.gym-toelz.de\/index.php\/wp-event\/fruehschicht-8\/\"  ><span class=\"wpea-card-title wpea-mb-1\" >Fr\u00fchschicht<\/span><\/a>\n                <\/div>\n            <\/div>\n            <div class=\"wpea-h-60\">\n                <div class=\"wpea-d-flex wpea-mt-3 wpea-gap-2 wpea-align-items\" >\n                    <span class=\"wpea-d-flex\" >\n                        <svg xmlns=\"http:\/\/www.w3.org\/2000\/svg\" width=\"20\" height=\"20\" viewBox=\"0 0 24 24\">\n                            <path fill=\"#2a6d80\" d=\"M12 20a8 8 0 0 0 8-8a8 8 0 0 0-8-8a8 8 0 0 0-8 8a8 8 0 0 0 8 8m0-18a10 10 0 0 1 10 10a10 10 0 0 1-10 10C6.47 22 2 17.5 2 12A10 10 0 0 1 12 2m.5 5v5.25l4.5 2.67l-.75 1.23L11 13V7z\"\/>\n                        <\/svg>\n                    <\/span>\n                    <div >\n                        <p class=\"wpea-mb-0\">Friday, 8 May, 0:00<\/p>\n                    <\/div>\n                <\/div>\n                <div class=\"wpea-d-flex wpea-gap-2 wpea-align-items\" >\n                                    <\/div>\n            <\/div>\n        <\/div>\n    <\/div>  \n<\/div>\n<style>\n.wpea-bg-label {\n\tbackground-color: #2a6d80;\n\tcolor: #fff;\n}\n.wpea-badge {\n\tbackground: #2a6d80;\n\tborder-color: #2a6d80;\n\tcolor: #fff;\n}\n<\/style><div class=\"col-wpea-md-6 archive-event post-3253 wp_events type-wp_events status-publish hentry\" >\n    <div class=\"wpea-card\" >\n        <div class=\"wpea-card-body\" >\n            <div class=\"wpea-d-flex wpea-border-bottom wpea-pb-3 wpea-align-items\" >\n                <div class=\"wpea-badge wpea-bg-label wpea-d-flex wpea-flex-column wpea-justify-content-center wpea-px-3 wpea-rounded-3 wpea-me-3 wpea-align-items\" >\n                    <span class=\"wpea-fw-bold wpea-mt-5\" >Mai<\/span>\n                    <span class=\"wpea-fw-bold wpea-mt-0 wpea-mb-5 \" >09<\/span>\n                <\/div>\n                <div class=\"wpea-w-75 wpea-text-limit wpea-fw-bold\" >\n                    <a class=\"wpea-text-deco\" style=\"color:#2a6d80;\" href=\"https:\/\/www.gym-toelz.de\/index.php\/wp-event\/probe-dracula-5\/\"  ><span class=\"wpea-card-title wpea-mb-1\" >Probe Dracula<\/span><\/a>\n                <\/div>\n            <\/div>\n            <div class=\"wpea-h-60\">\n                <div class=\"wpea-d-flex wpea-mt-3 wpea-gap-2 wpea-align-items\" >\n                    <span class=\"wpea-d-flex\" >\n                        <svg xmlns=\"http:\/\/www.w3.org\/2000\/svg\" width=\"20\" height=\"20\" viewBox=\"0 0 24 24\">\n                            <path fill=\"#2a6d80\" d=\"M12 20a8 8 0 0 0 8-8a8 8 0 0 0-8-8a8 8 0 0 0-8 8a8 8 0 0 0 8 8m0-18a10 10 0 0 1 10 10a10 10 0 0 1-10 10C6.47 22 2 17.5 2 12A10 10 0 0 1 12 2m.5 5v5.25l4.5 2.67l-.75 1.23L11 13V7z\"\/>\n                        <\/svg>\n                    <\/span>\n                    <div >\n                        <p class=\"wpea-mb-0\">Saturday, 9 May, 7:00<\/p>\n                    <\/div>\n                <\/div>\n                <div class=\"wpea-d-flex wpea-gap-2 wpea-align-items\" >\n                                            <span class=\"wpea-d-flex\" >\n                            <svg xmlns=\"http:\/\/www.w3.org\/2000\/svg\" width=\"20\" height=\"20\" viewBox=\"0 0 24 24\">\n                                <path fill=\"#2a6d80\" d=\"M12 6.5A2.5 2.5 0 0 1 14.5 9a2.5 2.5 0 0 1-2.5 2.5A2.5 2.5 0 0 1 9.5 9A2.5 2.5 0 0 1 12 6.5M12 2a7 7 0 0 1 7 7c0 5.25-7 13-7 13S5 14.25 5 9a7 7 0 0 1 7-7m0 2a5 5 0 0 0-5 5c0 1 0 3 5 9.71C17 12 17 10 17 9a5 5 0 0 0-5-5\"\/>\n                            <\/svg>\n                        <\/span>\n                        <div class=\"wpea-w-90\" >\n                            <p class=\"wpea-mb-0 wpea-text-limit\" >Probenort wird noch bekannt gegeben<\/p>\n                        <\/div>\n                                    <\/div>\n            <\/div>\n        <\/div>\n    <\/div>  \n<\/div>\n<style>\n.wpea-bg-label {\n\tbackground-color: #2a6d80;\n\tcolor: #fff;\n}\n.wpea-badge {\n\tbackground: #2a6d80;\n\tborder-color: #2a6d80;\n\tcolor: #fff;\n}\n<\/style><div class=\"col-wpea-md-6 archive-event post-1831 wp_events type-wp_events status-publish hentry\" >\n    <div class=\"wpea-card\" >\n        <div class=\"wpea-card-body\" >\n            <div class=\"wpea-d-flex wpea-border-bottom wpea-pb-3 wpea-align-items\" >\n                <div class=\"wpea-badge wpea-bg-label wpea-d-flex wpea-flex-column wpea-justify-content-center wpea-px-3 wpea-rounded-3 wpea-me-3 wpea-align-items\" >\n                    <span class=\"wpea-fw-bold wpea-mt-5\" >Mai<\/span>\n                    <span class=\"wpea-fw-bold wpea-mt-0 wpea-mb-5 \" >11<\/span>\n                <\/div>\n                <div class=\"wpea-w-75 wpea-text-limit wpea-fw-bold\" >\n                    <a class=\"wpea-text-deco\" style=\"color:#2a6d80;\" href=\"https:\/\/www.gym-toelz.de\/index.php\/wp-event\/neuanmeldung-fuer-die-aufnahme-in-die-jahrgangsstufe-5\/\"  ><span class=\"wpea-card-title wpea-mb-1\" >Neuanmeldung f\u00fcr die Aufnahme in die Jahrgangsstufe 5<\/span><\/a>\n                <\/div>\n            <\/div>\n            <div class=\"wpea-h-60\">\n                <div class=\"wpea-d-flex wpea-mt-3 wpea-gap-2 wpea-align-items\" >\n                    <span class=\"wpea-d-flex\" >\n                        <svg xmlns=\"http:\/\/www.w3.org\/2000\/svg\" width=\"20\" height=\"20\" viewBox=\"0 0 24 24\">\n                            <path fill=\"#2a6d80\" d=\"M12 20a8 8 0 0 0 8-8a8 8 0 0 0-8-8a8 8 0 0 0-8 8a8 8 0 0 0 8 8m0-18a10 10 0 0 1 10 10a10 10 0 0 1-10 10C6.47 22 2 17.5 2 12A10 10 0 0 1 12 2m.5 5v5.25l4.5 2.67l-.75 1.23L11 13V7z\"\/>\n                        <\/svg>\n                    <\/span>\n                    <div >\n                        <p class=\"wpea-mb-0\">Monday, 11 May, 0:00<\/p>\n                    <\/div>\n                <\/div>\n                <div class=\"wpea-d-flex wpea-gap-2 wpea-align-items\" >\n                                    <\/div>\n            <\/div>\n        <\/div>\n    <\/div>  \n<\/div>\n<style>\n.wpea-bg-label {\n\tbackground-color: #2a6d80;\n\tcolor: #fff;\n}\n.wpea-badge {\n\tbackground: #2a6d80;\n\tborder-color: #2a6d80;\n\tcolor: #fff;\n}\n<\/style><div class=\"col-wpea-md-6 archive-event post-3254 wp_events type-wp_events status-publish hentry\" >\n    <div class=\"wpea-card\" >\n        <div class=\"wpea-card-body\" >\n            <div class=\"wpea-d-flex wpea-border-bottom wpea-pb-3 wpea-align-items\" >\n                <div class=\"wpea-badge wpea-bg-label wpea-d-flex wpea-flex-column wpea-justify-content-center wpea-px-3 wpea-rounded-3 wpea-me-3 wpea-align-items\" >\n                    <span class=\"wpea-fw-bold wpea-mt-5\" >Mai<\/span>\n                    <span class=\"wpea-fw-bold wpea-mt-0 wpea-mb-5 \" >11<\/span>\n                <\/div>\n                <div class=\"wpea-w-75 wpea-text-limit wpea-fw-bold\" >\n                    <a class=\"wpea-text-deco\" style=\"color:#2a6d80;\" href=\"https:\/\/www.gym-toelz.de\/index.php\/wp-event\/abiturpruefung-aller-uebrigen-faecher-auf-grundlegendem-anforderungsniveau\/\"  ><span class=\"wpea-card-title wpea-mb-1\" >Abiturpr\u00fcfung aller \u00fcbrigen F\u00e4cher auf grundlegendem Anforderungsniveau<\/span><\/a>\n                <\/div>\n            <\/div>\n            <div class=\"wpea-h-60\">\n                <div class=\"wpea-d-flex wpea-mt-3 wpea-gap-2 wpea-align-items\" >\n                    <span class=\"wpea-d-flex\" >\n                        <svg xmlns=\"http:\/\/www.w3.org\/2000\/svg\" width=\"20\" height=\"20\" viewBox=\"0 0 24 24\">\n                            <path fill=\"#2a6d80\" d=\"M12 20a8 8 0 0 0 8-8a8 8 0 0 0-8-8a8 8 0 0 0-8 8a8 8 0 0 0 8 8m0-18a10 10 0 0 1 10 10a10 10 0 0 1-10 10C6.47 22 2 17.5 2 12A10 10 0 0 1 12 2m.5 5v5.25l4.5 2.67l-.75 1.23L11 13V7z\"\/>\n                        <\/svg>\n                    <\/span>\n                    <div >\n                        <p class=\"wpea-mb-0\">Monday, 11 May, 0:00<\/p>\n                    <\/div>\n                <\/div>\n                <div class=\"wpea-d-flex wpea-gap-2 wpea-align-items\" >\n                                    <\/div>\n            <\/div>\n        <\/div>\n    <\/div>  \n<\/div>\n<style>\n.wpea-bg-label {\n\tbackground-color: #2a6d80;\n\tcolor: #fff;\n}\n.wpea-badge {\n\tbackground: #2a6d80;\n\tborder-color: #2a6d80;\n\tcolor: #fff;\n}\n<\/style><div class=\"col-wpea-md-6 archive-event post-4055 wp_events type-wp_events status-publish hentry\" >\n    <div class=\"wpea-card\" >\n        <div class=\"wpea-card-body\" >\n            <div class=\"wpea-d-flex wpea-border-bottom wpea-pb-3 wpea-align-items\" >\n                <div class=\"wpea-badge wpea-bg-label wpea-d-flex wpea-flex-column wpea-justify-content-center wpea-px-3 wpea-rounded-3 wpea-me-3 wpea-align-items\" >\n                    <span class=\"wpea-fw-bold wpea-mt-5\" >Mai<\/span>\n                    <span class=\"wpea-fw-bold wpea-mt-0 wpea-mb-5 \" >11<\/span>\n                <\/div>\n                <div class=\"wpea-w-75 wpea-text-limit wpea-fw-bold\" >\n                    <a class=\"wpea-text-deco\" style=\"color:#2a6d80;\" href=\"https:\/\/www.gym-toelz.de\/index.php\/wp-event\/q12-vortrag-ernaehrung-in-der-aula\/\"  ><span class=\"wpea-card-title wpea-mb-1\" >Q12 Vortrag Ern\u00e4hrung in der Aula<\/span><\/a>\n                <\/div>\n            <\/div>\n            <div class=\"wpea-h-60\">\n                <div class=\"wpea-d-flex wpea-mt-3 wpea-gap-2 wpea-align-items\" >\n                    <span class=\"wpea-d-flex\" >\n                        <svg xmlns=\"http:\/\/www.w3.org\/2000\/svg\" width=\"20\" height=\"20\" viewBox=\"0 0 24 24\">\n                            <path fill=\"#2a6d80\" d=\"M12 20a8 8 0 0 0 8-8a8 8 0 0 0-8-8a8 8 0 0 0-8 8a8 8 0 0 0 8 8m0-18a10 10 0 0 1 10 10a10 10 0 0 1-10 10C6.47 22 2 17.5 2 12A10 10 0 0 1 12 2m.5 5v5.25l4.5 2.67l-.75 1.23L11 13V7z\"\/>\n                        <\/svg>\n                    <\/span>\n                    <div >\n                        <p class=\"wpea-mb-0\">Monday, 11 May, 11:45<\/p>\n                    <\/div>\n                <\/div>\n                <div class=\"wpea-d-flex wpea-gap-2 wpea-align-items\" >\n                                    <\/div>\n            <\/div>\n        <\/div>\n    <\/div>  \n<\/div>\n<style>\n.wpea-bg-label {\n\tbackground-color: #2a6d80;\n\tcolor: #fff;\n}\n.wpea-badge {\n\tbackground: #2a6d80;\n\tborder-color: #2a6d80;\n\tcolor: #fff;\n}\n<\/style>\t\t\t\t\t\t<div class=\"col-wpea-md-12\">\n\t\t\t\t\t\t\t<nav class=\"prev-next-posts\">\n\t\t\t\t\t\t\t\t<div class=\"prev-posts-link alignright\">\n\t\t\t\t\t\t\t\t\t<a href=\"https:\/\/www.gym-toelz.de\/index.php\/wp-json\/wp\/v2\/pages\/546\/page\/2\/\" >Next Events &raquo;<\/a>\t\t\t\t\t\t\t\t<\/div>\n\t\t\t\t\t\t\t\t<div class=\"next-posts-link alignleft\">\n\t\t\t\t\t\t\t\t\t\t\t\t\t\t\t\t\t<\/div>\n\t\t\t\t\t\t\t<\/nav>\n\t\t\t\t\t\t<\/div>\n\t\t\t\t\t\t\t<\/div>\n\t\t<style type=\"text\/css\">\n\t\t\t.wpea_frontend_archive .event_date{\n\t\t\t    background-color: #2a6d80;\n\t\t\t}\n\t\t\t.wpea_frontend_archive .event_desc .event_title, .wpea_frontend_archive .event_desc a{\n\t\t\t    color: #2a6d80;\n\t\t\t}\n\t\t<\/style>\n\t\t\n","protected":false},"excerpt":{"rendered":"<p>Aktuelle Termine<\/p>\n","protected":false},"author":2,"featured_media":0,"parent":29,"menu_order":8,"comment_status":"closed","ping_status":"closed","template":"","meta":{"footnotes":""},"class_list":["post-546","page","type-page","status-publish","hentry"],"_links":{"self":[{"href":"https:\/\/www.gym-toelz.de\/index.php\/wp-json\/wp\/v2\/pages\/546","targetHints":{"allow":["GET"]}}],"collection":[{"href":"https:\/\/www.gym-toelz.de\/index.php\/wp-json\/wp\/v2\/pages"}],"about":[{"href":"https:\/\/www.gym-toelz.de\/index.php\/wp-json\/wp\/v2\/types\/page"}],"author":[{"embeddable":true,"href":"https:\/\/www.gym-toelz.de\/index.php\/wp-json\/wp\/v2\/users\/2"}],"replies":[{"embeddable":true,"href":"https:\/\/www.gym-toelz.de\/index.php\/wp-json\/wp\/v2\/comments?post=546"}],"version-history":[{"count":8,"href":"https:\/\/www.gym-toelz.de\/index.php\/wp-json\/wp\/v2\/pages\/546\/revisions"}],"predecessor-version":[{"id":1109,"href":"https:\/\/www.gym-toelz.de\/index.php\/wp-json\/wp\/v2\/pages\/546\/revisions\/1109"}],"up":[{"embeddable":true,"href":"https:\/\/www.gym-toelz.de\/index.php\/wp-json\/wp\/v2\/pages\/29"}],"wp:attachment":[{"href":"https:\/\/www.gym-toelz.de\/index.php\/wp-json\/wp\/v2\/media?parent=546"}],"curies":[{"name":"wp","href":"https:\/\/api.w.org\/{rel}","templated":true}]}}