{"id":3100,"date":"2025-11-26T17:25:34","date_gmt":"2025-11-26T17:25:09","guid":{"rendered":"https:\/\/www.gym-toelz.de\/?page_id=3100"},"modified":"2026-01-13T15:44:46","modified_gmt":"2026-01-13T15:44:46","slug":"personalrat","status":"publish","type":"page","link":"https:\/\/www.gym-toelz.de\/index.php\/unsere-schule\/schulfamilie\/personalrat\/","title":{"rendered":"Personalrat"},"content":{"rendered":"<p><strong>Personalrat<\/strong><\/p>\n<p>Der Personalrat des Gabriel-von-Seidl-Gymnasiums vertritt die Interessen aller an unserer Schule besch\u00e4ftigten Lehrkr\u00e4fte und Mitarbeiterinnen und Mitarbeiter.<br \/>\nWir setzen uns f\u00fcr gute Arbeitsbedingungen, Transparenz und eine vertrauensvolle Zusammenarbeit zwischen Kollegium und Schulleitung ein.<br \/>\nUnser Ziel ist es, das schulische Miteinander konstruktiv mitzugestalten und die Anliegen der Besch\u00e4ftigten zu unterst\u00fctzen.<\/p>\n<p>Die Mitglieder des Personalrats 2021 \u2013 2026 sind:<br \/>\nMarkus Zimmermann (Vorsitzender), Monika Wiesnet, Stefanie Regus, Andreas Me\u00dfner, Sepp Aschauer<\/p>\n<p>Wann kann ich mich an den Personalrat wenden?<br \/>\n\u2022 Bei Fragen zu Arbeitszeit, Teilzeit, Elternzeit oder Beurlaubung<br \/>\n\u2022 Wenn Sie Unterst\u00fctzung bei dienstlichen Konflikten oder Belastungssituationen ben\u00f6tigen<br \/>\n\u2022 Bei Fragen zu Bef\u00f6rderungen, Versetzungen oder Bewerbungen<br \/>\n\u2022 Wenn Sie Informationen zu Ihren Rechten und Pflichten w\u00fcnschen<br \/>\n\u2022 Wenn Sie sich anonym oder vertraulich beraten lassen m\u00f6chten<br \/>\n\u2022 Wenn Sie neu an unsere Schule kommen und f\u00fcr Ihre Fragen einen Ansprechpartner suchen<\/p>\n<p>Alle Anfragen und Gespr\u00e4che mit dem Personalrat werden selbstverst\u00e4ndlich vertraulich behandelt.<\/p>\n<p>Kontaktaufnahme:<br \/>\nEmail: <a href=\"mailto:personalrat@gymtoelz.de\">personalrat@gymtoelz.de<\/a><\/p>\n","protected":false},"excerpt":{"rendered":"<p>Personalrat Der Personalrat des Gabriel-von-Seidl-Gymnasiums vertritt die Interessen aller an unserer Schule besch\u00e4ftigten Lehrkr\u00e4fte und Mitarbeiterinnen und Mitarbeiter. Wir setzen uns f\u00fcr gute Arbeitsbedingungen, Transparenz und eine vertrauensvolle Zusammenarbeit zwischen Kollegium und Schulleitung ein. Unser Ziel ist es, das schulische Miteinander konstruktiv mitzugestalten und die Anliegen der Besch\u00e4ftigten zu unterst\u00fctzen. Die Mitglieder des Personalrats 2021 [&hellip;]<\/p>\n","protected":false},"author":3,"featured_media":0,"parent":113,"menu_order":0,"comment_status":"closed","ping_status":"closed","template":"","meta":{"footnotes":""},"class_list":["post-3100","page","type-page","status-publish","hentry"],"_links":{"self":[{"href":"https:\/\/www.gym-toelz.de\/index.php\/wp-json\/wp\/v2\/pages\/3100","targetHints":{"allow":["GET"]}}],"collection":[{"href":"https:\/\/www.gym-toelz.de\/index.php\/wp-json\/wp\/v2\/pages"}],"about":[{"href":"https:\/\/www.gym-toelz.de\/index.php\/wp-json\/wp\/v2\/types\/page"}],"author":[{"embeddable":true,"href":"https:\/\/www.gym-toelz.de\/index.php\/wp-json\/wp\/v2\/users\/3"}],"replies":[{"embeddable":true,"href":"https:\/\/www.gym-toelz.de\/index.php\/wp-json\/wp\/v2\/comments?post=3100"}],"version-history":[{"count":4,"href":"https:\/\/www.gym-toelz.de\/index.php\/wp-json\/wp\/v2\/pages\/3100\/revisions"}],"predecessor-version":[{"id":3410,"href":"https:\/\/www.gym-toelz.de\/index.php\/wp-json\/wp\/v2\/pages\/3100\/revisions\/3410"}],"up":[{"embeddable":true,"href":"https:\/\/www.gym-toelz.de\/index.php\/wp-json\/wp\/v2\/pages\/113"}],"wp:attachment":[{"href":"https:\/\/www.gym-toelz.de\/index.php\/wp-json\/wp\/v2\/media?parent=3100"}],"curies":[{"name":"wp","href":"https:\/\/api.w.org\/{rel}","templated":true}]}}