{"id":2324,"date":"2025-08-08T14:12:34","date_gmt":"2025-08-08T14:12:00","guid":{"rendered":"https:\/\/www.gym-toelz.de\/?page_id=2324"},"modified":"2025-08-08T14:15:41","modified_gmt":"2025-08-08T14:15:41","slug":"crossmedia","status":"publish","type":"page","link":"https:\/\/www.gym-toelz.de\/index.php\/angebote-aktivitaeten\/partner-projekte\/crossmedia\/","title":{"rendered":"Crossmedia"},"content":{"rendered":"<p><strong>Crossmedia<\/strong><br \/>\nAnsprechpartner: Edgar Schumann<br \/>\nSch\u00fcler(inne)n die Benutzung von Computer, Handy und Co. als Lehrer\/-in zu erkl\u00e4ren, erscheint wie \u201eEulen nach Athen\u201c zu tragen, also als etwas im Grunde genommen \u00dcberfl\u00fcssiges. Etwas ganz anderes allerdings ist es, Sch\u00fcler\/-innen dazu zu bewegen, etwas Eigenes mit ihren Ger\u00e4ten zu schaffen. Hier bietet der Wettbewerb \u201ecrossmedia\u201c, der sich an Sch\u00fcler(inne)n aller Schularten und aller Altersstufen in Bayern richtet, eine kaum zu \u00fcbersch\u00e4tzende Motivationshilfe. Mit Hilfe dieses Wettbewerbs haben n\u00e4mlich Lehrerkr\u00e4fte nun die M\u00f6glichkeit, Sch\u00fcler(inne)n ein nahes Ziel f\u00fcr ihre Aktivit\u00e4ten zu geben. Neben einem Geldpreis und einem Zugewinn f\u00fcr den pers\u00f6nlichen Lebenslauf k\u00f6nnen die Endrundenteilnehmer\/-innen auch in extra f\u00fcr sie veranstalteten Workshops der Bayerischen Rundfunks neue Informationen gewinnen. Themen wie z.B. \u201eWas muss ich machen, um als Influencer erfolgreich zu sein?\u201c o.\u00c4. d\u00fcrften dabei die Teilnehmer\/-innen in jedem Fall ansprechen. In den letzten Jahren hat sich hierbei das Gabriel-von-Seidl-Gymnasium Bad T\u00f6lz \u2013 wie die vielen Preistr\u00e4ger zeigen \u2013 zu einer der erfolgreichsten Schulen in Bayern entwickelt. Im Schuljahr 2021\/2022 waren z.B. Florian Briksa und Timo Freyenberg erfolgreich. In diesem Zusammenhang werden im Speziellen alle Sch\u00fclerinnen und Sch\u00fcler aufgefordert, durch ihre Teilnahme den in diesem Wettbewerb in Bad T\u00f6lz bisher existierenden M\u00e4nner\u00fcberschuss aufzuheben.<\/p>\n","protected":false},"excerpt":{"rendered":"<p>Crossmedia Ansprechpartner: Edgar Schumann Sch\u00fcler(inne)n die Benutzung von Computer, Handy und Co. als Lehrer\/-in zu erkl\u00e4ren, erscheint wie \u201eEulen nach Athen\u201c zu tragen, also als etwas im Grunde genommen \u00dcberfl\u00fcssiges. Etwas ganz anderes allerdings ist es, Sch\u00fcler\/-innen dazu zu bewegen, etwas Eigenes mit ihren Ger\u00e4ten zu schaffen. Hier bietet der Wettbewerb \u201ecrossmedia\u201c, der sich an [&hellip;]<\/p>\n","protected":false},"author":3,"featured_media":0,"parent":215,"menu_order":0,"comment_status":"closed","ping_status":"closed","template":"","meta":{"footnotes":""},"class_list":["post-2324","page","type-page","status-publish","hentry"],"_links":{"self":[{"href":"https:\/\/www.gym-toelz.de\/index.php\/wp-json\/wp\/v2\/pages\/2324","targetHints":{"allow":["GET"]}}],"collection":[{"href":"https:\/\/www.gym-toelz.de\/index.php\/wp-json\/wp\/v2\/pages"}],"about":[{"href":"https:\/\/www.gym-toelz.de\/index.php\/wp-json\/wp\/v2\/types\/page"}],"author":[{"embeddable":true,"href":"https:\/\/www.gym-toelz.de\/index.php\/wp-json\/wp\/v2\/users\/3"}],"replies":[{"embeddable":true,"href":"https:\/\/www.gym-toelz.de\/index.php\/wp-json\/wp\/v2\/comments?post=2324"}],"version-history":[{"count":2,"href":"https:\/\/www.gym-toelz.de\/index.php\/wp-json\/wp\/v2\/pages\/2324\/revisions"}],"predecessor-version":[{"id":2330,"href":"https:\/\/www.gym-toelz.de\/index.php\/wp-json\/wp\/v2\/pages\/2324\/revisions\/2330"}],"up":[{"embeddable":true,"href":"https:\/\/www.gym-toelz.de\/index.php\/wp-json\/wp\/v2\/pages\/215"}],"wp:attachment":[{"href":"https:\/\/www.gym-toelz.de\/index.php\/wp-json\/wp\/v2\/media?parent=2324"}],"curies":[{"name":"wp","href":"https:\/\/api.w.org\/{rel}","templated":true}]}}