{"id":2147,"date":"2025-08-01T05:12:43","date_gmt":"2025-08-01T05:12:43","guid":{"rendered":"https:\/\/www.gym-toelz.de\/index.php\/unterricht\/faecher\/latein-2\/"},"modified":"2025-10-15T10:40:51","modified_gmt":"2025-10-15T10:40:51","slug":"latein","status":"publish","type":"page","link":"https:\/\/www.gym-toelz.de\/index.php\/unterricht\/faecher\/latein\/","title":{"rendered":"Latein"},"content":{"rendered":"<div  class='avia-button-wrap av-37x4lq-8365e69f462023c11d1c0a3978eb69bb-wrap avia-button-right  avia-builder-el-0  el_before_av_textblock  avia-builder-el-first '><a href='https:\/\/www.gym-toelz.de\/index.php\/unterricht\/faecher\/'  class='avia-button av-37x4lq-8365e69f462023c11d1c0a3978eb69bb av-link-btn avia-icon_select-no avia-size-medium avia-position-right avia-color-theme-color'   aria-label=\"Zur\u00fcck zu allen F\u00e4chern\"><span class='avia_iconbox_title' >Zur\u00fcck zu allen F\u00e4chern<\/span><\/a><\/div>\n<section  class='av_textblock_section av-mdc18ury-1257f5e7933ebc1975398a04382a7099 '   itemscope=\"itemscope\" itemtype=\"https:\/\/schema.org\/CreativeWork\" ><div class='avia_textblock'  itemprop=\"text\" ><p><strong>Latein<\/strong><\/p>\n<\/div><\/section>\n\n<div  class='flex_column av-6le75b-c4b17d0cbcf06224bbc64f75fdb5880f av_one_half  avia-builder-el-3  el_after_av_postslider  el_before_av_one_half  first flex_column_div  '     ><section  class='av_textblock_section av-md5m8b02-d8d25be6372ae020d38928aa06f80d47 '   itemscope=\"itemscope\" itemtype=\"https:\/\/schema.org\/CreativeWork\" ><div class='avia_textblock'  itemprop=\"text\" ><p><strong>Das Fach<\/strong><\/p>\n<p>Latein wird an unserer Schule als 2. Fremdsprache ab der 6. Jahrgangsstufe unterrichtet.<br \/>\nIm Zentrum des Sprach- und Kulturfaches steht der Umgang mit lateinischen Texten, wobei die Unterrichtssprache Deutsch ist.<br \/>\nNach der Spracherwerbsphase in den Jahrgangsstufen 6 &#8211; 8 kommen die Sch\u00fcler im Zuge der Lekt\u00fcre von Originaltexten zunehmend zu einem vertieften sprachlich-stilistischen und inhaltlichen Verst\u00e4ndnis der Texte.<br \/>\nDas Erlernen der Sprache und die best\u00e4ndige Besch\u00e4ftigung mit Texten helfen dabei grundlegende Kompetenzen wie Genauigkeit und analytisches Denken zu entwickeln.<br \/>\nDie Sch\u00fcler profitieren von der Spracharbeit besonders auch mit Blick auf das muttersprachliche Ausdrucksverm\u00f6gen, das Verst\u00e4ndnis von Fremdw\u00f6rtern sowie das Erlernen moderner Fremdsprachen wie z. B. Franz\u00f6sisch oder Italienisch.<br \/>\nInteresse weckt vor allem der kulturelle Kontext der Texte: Den Sch\u00fclern erschlie\u00dfen sich mythologische Themen, historisch Bedeutsames, zentrale philosophische Denkmodelle oder grundlegende politische Denkweisen der griechisch-r\u00f6mische Antike als ein Fundament unserer europ\u00e4ischen Tradition. Damit leistet Latein einen wichtigen Beitrag zur Allgemeinbildung am Gymnasium.<\/p>\n<\/div><\/section><\/div>\n<div  class='flex_column av-4l46b3-a0225c42bbaf70a50f43e4a0a1be8a36 av_one_half  avia-builder-el-5  el_after_av_one_half  el_before_av_toggle_container  flex_column_div  '     ><section  class='av_textblock_section av-md5m9yeg-a9d28fd7cdae222de796d850bdc4be30 '   itemscope=\"itemscope\" itemtype=\"https:\/\/schema.org\/CreativeWork\" ><div class='avia_textblock'  itemprop=\"text\" ><p><strong>Fachschaftsleitung<\/strong><\/p>\n<p>Tobias Rothbauer<\/p>\n<p><strong>Lehrwerke<\/strong><\/p>\n<p>Jgst. 6 &#8211; 8: Campus C neu, Bd. 1 &#8211; 3 (C.C.Buchner-Verlag)<br \/>\nJgst. 9 &#8211; 10: Sammlung ratio Lesebuch Mittelstufe, Bd. 1 &#8211; 2 (C.C.Buchner-Verlag)<br \/>\nJgst. 11 &#8211; 13: Sammlung ratio Lesebuch Oberstufe neu, Bd. 1 &#8211; 3 (C.C.Buchner-Verlag)<\/p>\n<p><strong>Schulaufgaben<\/strong><\/p>\n<p class=\"docData;DOCY;v5;1809;BQiAAgAAEYQCAAAGiAIAAAN1BgAABYMGAAAAAAAAAAAAAAAAAAAAAAAAAAAAAAAAAAAAAAAAAAAAAAAAAAAAAAAAAAAAAAAAAAAAAAAAAAAAAAAAAAAAAAAAAAAAAAAAAAAAAAAAAAAAAAAAAAAAAAAAAAAAAAAAAAAAAAAAAAAAAAAAAAAAAAAAAAAAAAAAAAAAAAAAAAAAAAAAAAAAAAAAAAAAAAAAAAAAAAAAAAAAAAAAAAAAAAAAAAAAAAAAAAAAAAAAAAAAAAAAAAAAAAAAAAAAAAAAAAAAAAAAAAAAAAAAAAAAAAAAAAAAAAAAAAAAAAAAAAAAAAAAAAAAAAAAAAAAAAAAAAAAAAAAAAAAAAAAAAAAAAAAAAAAAAAAAAAAAAAAAAAAAAAAAAAAAAAAAAAAAAAAAAAAAAAAAAAAAAAAAAAAAAAAAAAAAAAAAAAAAAAAAAAAAAAAAAAAAAAAAAAAAAAAAAAAAAAAAAAAAAAAAAAAAAAAAAAAAAAAAAAAAAAAAAAAAAAAAAAAAAAAAAAAAAAAAAAAAAAAAAAAAAAAAAAAAAAAAAAAAAAAAAAAAAAAAAAAAAAAAAAAAAAAAAAAAAAAAAAAAAAAAAAAAAAAAAAAAAAAAAAAAAAAAAAAAAAAAAAAAAAAAAAAAAAAAAAAAAAAAAAAAAAAAAAAAAAAAAAAAAAAAAAAAAAAAAAAAAAAAAAAAAAAAAAAAAAAAAAAAAAAAAAAAAAAAAAAAAAAAAAAAAAAAAAAAAAAAAAAAAAAAAAAAAAAAAAAAAAAAAAAAAAAAAAAAAAAAAAAAAAAAAAAAAAAAAAAAAAAAAAAAAAAAAAAAAAAAAAAAAAAAAAAAAAA6QMAAAASAQAAAR4AAAABBgAAAAAJBgAAAAAaBgYAAAABAQEVAQEbBgAAAAAC6gAAAAUnAAAAAQYAAAABAQEVAQEIFwAAAAASAAAAOAAuACAALQAgADEAMQAuACAABR0AAAABBgAAAAEBARUBAQgNAAAAAAgAAABKAGcAcwB0AAVtAAAAAQYAAAABAQEVAQEIXQAAAABYAAAALgAgAE4AVABHADoAIABqAGUAdwBlAGkAbABzACAAMgAgAFMAYwBoAHUAbABhAHUAZgBnAGEAYgBlAG4AIABwAHIAbwAgAFMAYwBoAHUAbABqAGEAaAByAAUQAAAAAQYAAAABAQEVAQEIAAAAAAUQAAAAAQYAAAABAQEVAQEIAAAAAAC2AQAAAR4AAAABBgAAAAAJBgAAAAAaBgYAAAABAQEVAQEbBgAAAAACjgEAAAUbAAAAAQYAAAABAQEVAQEICwAAAAAGAAAAOQAuACAABRsAAAABBgAAAAEBARUBAQgLAAAAAAYAAAB1AG4AZAAFHwAAAAEGAAAAAQEBFQEBCA8AAAAACgAAACAAMQAwAC4AIAAFHQAAAAEGAAAAAQEBFQEBCA0AAAAACAAAAEoAZwBzAHQABRkAAAABBgAAAAEBARUBAQgJAAAAAAQAAAAuACAABRcAAAABBgAAAAEBARUBAQgHAAAAAAIAAABNAAUZAAAAAQYAAAABAQEVAQEICQAAAAAEAAAAdQBHAAVRAAAAAQYAAAABAQEVAQEIQQAAAAA8AAAALwBTAEcAOgAgAGoAZQB3AGUAaQBsAHMAIAAyACAASwB1AHIAegBhAHIAYgBlAGkAdABlAG4AIABwAHIABSsAAAABBgAAAAEBARUBAQgbAAAAABYAAABvACAAUwBjAGgAdQBsAGoAYQBoAHIABRAAAAABBgAAAAEBARUBAQgAAAAABRAAAAABBgAAAAEBARUBAQgAAAAAABIBAAABHgAAAAEGAAAAAAkGAAAAABoGBgAAAAEBARUBARsGAAAAAALqAAAABS0AAAABBgAAAAEBARUBAQgdAAAAABgAAAAxADIALgAgAHUAbgBkACAAMQAzAC4AIAAFHQAAAAEGAAAAAQEBFQEBCA0AAAAACAAAAEoAZwBzAHQABWcAAAABBgAAAAEBARUBAQhXAAAAAFIAAAAuADoAIABqAGUAdwBlAGkAbABzACAAZQBpAG4AZQAgAFMAYwBoAHUAbABhAHUAZgBnAGEAYgBlACAAcAByAG8AIABIAGEAbABiAGoAYQBoAHIABRAAAAABBgAAAAEBARUBAQgAAAAABRAAAAABBgAAAAEBARUBAQgAAAAACgAAAAAAAAAAEQAAAACKAAAAAC0AAAABBgAAAAAJBhsAAAAnBBYBAAALAQEcAQAoBAAAAAAdAQApBKAAAAAbBgAAAAABTgAAACgBBykBByoBBysBBRMBAQgEGAAAABYEGAAAABkGCgAAAGQAZQAtAEQARQAaBgoAAABhAHIALQBTAEEAGwYKAAAAZQBuAC0AVQBTAC4BAwIAAAAA\">Jgst. 6 &#8211; 8: 4 Schulaufgaben<br \/>\nJgst. 9 &#8211; 11: 3 Schulaufgaben<br \/>\nJgst. 12: je 1 Schulaufgabe in 12\/1 und 12\/2 (gA und eA)<br \/>\nJgst. 13: 1 Schulaufgabe in 13\/1 (gA und eA), 1 Schulaufgabe in 13\/2 (eA)<br \/>\nAlle regul\u00e4ren Schulaufgaben sind zweigeteilt. Die Gewichtung von \u00dcbersetzungstext und Aufgabenteil zueinander \u00e4ndert sich jedoch kontinuierlich: In der Spracherwerbsphase (Jgst. 6 &#8211; 8) liegt mit der Gewichtung 3:1 der Schwerpunkt auf der sprachlichen Basis. \u00dcber die Jgst. 9 -10 (2:1) bekommen bis zur Jgst. 11 (1:1) Textverst\u00e4ndnis und kulturgeschichtlicher Hintergrund der Originaltexte einen immer gr\u00f6\u00dferen Stellenwert. Dieses Verh\u00e4ltnis wird auch in der Kursphase in Jgst. 12\/13 beibehalten. Entsprechend dem zunehmend geforderten Umgang mit lateinischen Texten kann in Jgst. 11 eine regul\u00e4re durch eine Interpretationsschulaufgabe ersetzt werden, in 13\/1 ist diese verpflichtend.<\/p>\n<\/div><\/section><\/div>\n<div  class='togglecontainer av-md8z71fw-9c68f11392c0a375f96ba079024b62d4  avia-builder-el-7  el_after_av_one_half  avia-builder-el-last  toggle_close_all' >\n<section class='av_toggle_section av-mgru6kw4-43bb14ccb0082fbd9a19b6bd5ca9e0d7'  itemscope=\"itemscope\" itemtype=\"https:\/\/schema.org\/CreativeWork\" ><div role=\"tablist\" class=\"single_toggle\" data-tags=\"{Alle} \"  ><p id='toggle-toggle-id-1' data-fake-id='#toggle-id-1' class='toggler  av-title-above '  itemprop=\"headline\"  role='tab' tabindex='0' aria-controls='toggle-id-1' data-slide-speed=\"200\" data-title=\"Besonderheiten\" data-title-open=\"\" data-aria_collapsed=\"Click to expand: Besonderheiten\" data-aria_expanded=\"Click to collapse: Besonderheiten\">Besonderheiten<span class=\"toggle_icon\"><span class=\"vert_icon\"><\/span><span class=\"hor_icon\"><\/span><\/span><\/p><div id='toggle-id-1' aria-labelledby='toggle-toggle-id-1' role='region' class='toggle_wrap  av-title-above'  ><div class='toggle_content invers-color '  itemprop=\"text\" ><p>Im Zuge des Lateinunterrichts k\u00f6nnen verschieden Niveaustufen des Lateinischen automatisch erworben werden, die in unterschiedlichen Studieng\u00e4ngen zu verschiedenen Zeitpunkten evtl. nachzuweisen sind: Mit der Jahresendnote \u201eausreichend\u201c werden in Jgst. 8 \u201eLateinkenntnisse\u201c best\u00e4tigt, in Jgst. 9 \u201egesicherte Lateinkenntnisse\u201c (Kleines Latinum) und in Jgst. 10 oder 11 das \u201eLatinum\u201c.<\/p>\n<\/div><\/div><\/div><\/section>\n<section class='av_toggle_section av-md8z1mib-ed394ff9f57fc6e16ddf339b9c6e5657'  itemscope=\"itemscope\" itemtype=\"https:\/\/schema.org\/CreativeWork\" ><div role=\"tablist\" class=\"single_toggle\" data-tags=\"{Alle} \"  ><p id='toggle-toggle-id-2' data-fake-id='#toggle-id-2' class='toggler  av-title-above '  itemprop=\"headline\"  role='tab' tabindex='0' aria-controls='toggle-id-2' data-slide-speed=\"200\" data-title=\"Wettbewerbe\" data-title-open=\"\" data-aria_collapsed=\"Click to expand: Wettbewerbe\" data-aria_expanded=\"Click to collapse: Wettbewerbe\">Wettbewerbe<span class=\"toggle_icon\"><span class=\"vert_icon\"><\/span><span class=\"hor_icon\"><\/span><\/span><\/p><div id='toggle-id-2' aria-labelledby='toggle-toggle-id-2' role='region' class='toggle_wrap  av-title-above'  ><div class='toggle_content invers-color '  itemprop=\"text\" ><p>Landeswettbewerb Alte Sprachen: Teilnahmem\u00f6glichkeit f\u00fcr Sch\u00fclerInnen der Jgst. 12<\/p>\n<p style=\"text-align: center;\"><a href=\"https:\/\/www.km.bayern.de\/wettbewerb\/landeswettbewerb-alte-sprachen\" target=\"_blank\" rel=\"noopener\">externer Link zum Landeswettbewerb <img loading=\"lazy\" decoding=\"async\" class=\"alignnone wp-image-1873\" src=\"https:\/\/www.gym-toelz.de\/wp-content\/uploads\/2025\/07\/icons8-new-tab-48.png\" alt=\"\" width=\"18\" height=\"18\" srcset=\"https:\/\/www.gym-toelz.de\/wp-content\/uploads\/2025\/07\/icons8-new-tab-48.png 48w, https:\/\/www.gym-toelz.de\/wp-content\/uploads\/2025\/07\/icons8-new-tab-48-36x36.png 36w\" sizes=\"auto, (max-width: 18px) 100vw, 18px\" \/><\/a><\/p>\n<p style=\"text-align: center;\">Bundeswettbewerb Fremdsprachen: Teilnahmem\u00f6glichkeit im Fach Latein in verschiedenen Wettbewerben f\u00fcr Sch\u00fclerInnen den Jgst. 6 &#8211; 13<\/p>\n<p style=\"text-align: center;\"><a href=\"https:\/\/www.bundeswettbewerb-fremdsprachen.de\/\" target=\"_blank\" rel=\"noopener\">externer Link zum Bundeswettbewerb <img loading=\"lazy\" decoding=\"async\" class=\"alignnone wp-image-1873\" src=\"https:\/\/www.gym-toelz.de\/wp-content\/uploads\/2025\/07\/icons8-new-tab-48.png\" alt=\"\" width=\"18\" height=\"18\" srcset=\"https:\/\/www.gym-toelz.de\/wp-content\/uploads\/2025\/07\/icons8-new-tab-48.png 48w, https:\/\/www.gym-toelz.de\/wp-content\/uploads\/2025\/07\/icons8-new-tab-48-36x36.png 36w\" sizes=\"auto, (max-width: 18px) 100vw, 18px\" \/><\/a><\/p>\n<\/div><\/div><\/div><\/section>\n<\/div>\n","protected":false},"excerpt":{"rendered":"","protected":false},"author":1,"featured_media":0,"parent":240,"menu_order":4,"comment_status":"closed","ping_status":"closed","template":"","meta":{"footnotes":""},"class_list":["post-2147","page","type-page","status-publish","hentry"],"_links":{"self":[{"href":"https:\/\/www.gym-toelz.de\/index.php\/wp-json\/wp\/v2\/pages\/2147","targetHints":{"allow":["GET"]}}],"collection":[{"href":"https:\/\/www.gym-toelz.de\/index.php\/wp-json\/wp\/v2\/pages"}],"about":[{"href":"https:\/\/www.gym-toelz.de\/index.php\/wp-json\/wp\/v2\/types\/page"}],"author":[{"embeddable":true,"href":"https:\/\/www.gym-toelz.de\/index.php\/wp-json\/wp\/v2\/users\/1"}],"replies":[{"embeddable":true,"href":"https:\/\/www.gym-toelz.de\/index.php\/wp-json\/wp\/v2\/comments?post=2147"}],"version-history":[{"count":5,"href":"https:\/\/www.gym-toelz.de\/index.php\/wp-json\/wp\/v2\/pages\/2147\/revisions"}],"predecessor-version":[{"id":2919,"href":"https:\/\/www.gym-toelz.de\/index.php\/wp-json\/wp\/v2\/pages\/2147\/revisions\/2919"}],"up":[{"embeddable":true,"href":"https:\/\/www.gym-toelz.de\/index.php\/wp-json\/wp\/v2\/pages\/240"}],"wp:attachment":[{"href":"https:\/\/www.gym-toelz.de\/index.php\/wp-json\/wp\/v2\/media?parent=2147"}],"curies":[{"name":"wp","href":"https:\/\/api.w.org\/{rel}","templated":true}]}}