{"id":207,"date":"2025-05-16T15:16:51","date_gmt":"2025-05-16T15:16:51","guid":{"rendered":"https:\/\/www.gym-toelz.de\/index.php\/nachhilfe-durch-schueler\/"},"modified":"2026-01-28T16:35:24","modified_gmt":"2026-01-28T15:35:24","slug":"nachhilfe-durch-schueler","status":"publish","type":"page","link":"https:\/\/www.gym-toelz.de\/index.php\/angebote-aktivitaeten\/nachhilfe-durch-schueler\/","title":{"rendered":"Nachhilfe durch Sch\u00fcler"},"content":{"rendered":"<p><strong>Nachhilfe durch Sch\u00fcler<\/strong><br \/>\nEine Liste von Sch\u00fclern, die Nachhilfeunterricht erteilen, liegt im Sekretariat aus. Die Schule vermittelt lediglich; sie \u00fcbernimmt keine Haftung. Die Konditionen des Nachhilfeunterrichts sind unmittelbar zwischen den Sch\u00fclern zu vereinbaren.<\/p>\n","protected":false},"excerpt":{"rendered":"<p>Nachhilfe durch Sch\u00fcler Eine Liste von Sch\u00fclern, die Nachhilfeunterricht erteilen, liegt im Sekretariat aus. Die Schule vermittelt lediglich; sie \u00fcbernimmt keine Haftung. Die Konditionen des Nachhilfeunterrichts sind unmittelbar zwischen den Sch\u00fclern zu vereinbaren.<\/p>\n","protected":false},"author":2,"featured_media":0,"parent":35,"menu_order":41,"comment_status":"closed","ping_status":"closed","template":"","meta":{"footnotes":""},"class_list":["post-207","page","type-page","status-publish","hentry"],"_links":{"self":[{"href":"https:\/\/www.gym-toelz.de\/index.php\/wp-json\/wp\/v2\/pages\/207","targetHints":{"allow":["GET"]}}],"collection":[{"href":"https:\/\/www.gym-toelz.de\/index.php\/wp-json\/wp\/v2\/pages"}],"about":[{"href":"https:\/\/www.gym-toelz.de\/index.php\/wp-json\/wp\/v2\/types\/page"}],"author":[{"embeddable":true,"href":"https:\/\/www.gym-toelz.de\/index.php\/wp-json\/wp\/v2\/users\/2"}],"replies":[{"embeddable":true,"href":"https:\/\/www.gym-toelz.de\/index.php\/wp-json\/wp\/v2\/comments?post=207"}],"version-history":[{"count":2,"href":"https:\/\/www.gym-toelz.de\/index.php\/wp-json\/wp\/v2\/pages\/207\/revisions"}],"predecessor-version":[{"id":772,"href":"https:\/\/www.gym-toelz.de\/index.php\/wp-json\/wp\/v2\/pages\/207\/revisions\/772"}],"up":[{"embeddable":true,"href":"https:\/\/www.gym-toelz.de\/index.php\/wp-json\/wp\/v2\/pages\/35"}],"wp:attachment":[{"href":"https:\/\/www.gym-toelz.de\/index.php\/wp-json\/wp\/v2\/media?parent=207"}],"curies":[{"name":"wp","href":"https:\/\/api.w.org\/{rel}","templated":true}]}}