{"id":205,"date":"2025-05-16T15:16:51","date_gmt":"2025-05-16T15:16:51","guid":{"rendered":"https:\/\/www.gym-toelz.de\/index.php\/schulsanitaetsdienst\/"},"modified":"2026-01-28T16:35:24","modified_gmt":"2026-01-28T15:35:24","slug":"schulsanitaetsdienst","status":"publish","type":"page","link":"https:\/\/www.gym-toelz.de\/index.php\/angebote-aktivitaeten\/schulsanitaetsdienst\/","title":{"rendered":"Schulsanit\u00e4tsdienst"},"content":{"rendered":"<p><strong>\u201eDer Sanit\u00e4tsdienst bitte dringend in den Westhof \u2026\u201c<\/strong><br \/>\n<img loading=\"lazy\" decoding=\"async\" class=\"wp-image-761 alignright\" src=\"https:\/\/www.gym-toelz.de\/wp-content\/uploads\/2025\/06\/sanis-300x166.jpg\" alt=\"\" width=\"277\" height=\"153\" srcset=\"https:\/\/www.gym-toelz.de\/wp-content\/uploads\/2025\/06\/sanis-300x166.jpg 300w, https:\/\/www.gym-toelz.de\/wp-content\/uploads\/2025\/06\/sanis.jpg 550w\" sizes=\"auto, (max-width: 277px) 100vw, 277px\" \/>Durchsagen wie diese geh\u00f6ren seit Mitte des Schuljahres 2011\/12 der Vergangenheit an, denn in diesem Schuljahr erfolgte die Umstellung der Alarmierung des Schulsanit\u00e4tsdienstes von Durchsagen auf Sprechfunk. Vier bis sechs diensthabende Schulsanis holen sich nach einem festen Dienstplan am Morgen ihr Funkger\u00e4t im Sekretariat ab.<\/p>\n<p>\u00dcber den gesamten Unterrichtstag sind sie dann \u00fcber diese Sprechfunkger\u00e4te im Notfall \u00fcber das Sekretariat erreichbar. Die Alarmierung \u00fcber Sprechfunk bringt mehrere Vorteile: So wird der Unterricht in der gesamten Schule nicht mehr durch Durchsagen gest\u00f6rt. Des Weiteren kommunizieren die Sanis \u00fcber die Funkger\u00e4te miteinander, und eine Gruppe kann unmittelbar zum Unfallort eilen, w\u00e4hrend die andere Gruppe sofort zum Sanit\u00e4tszimmer l\u00e4uft und die ben\u00f6tigten Materialien holt. Ausgestattet mit einem roten Notfall-Rucksack sieht man eine Gruppe Sch\u00fclerInnen unterschiedlichen Alters fast t\u00e4glich nach einer Alarmierung des Schulsanit\u00e4tsdienstes durchs Schulhaus eilen. Ein Einsatz kann darin bestehen, ein Pflaster auf eine kleine Absch\u00fcrfung zu kleben und tr\u00f6stende Worte zuzusprechen. Jedoch kommt auch nicht selten vor, dass die Schulsanit\u00e4ter zu schwerwiegenderen F\u00e4llen gerufen werden, bei denen die Alarmierung des Rettungsdienstes unumg\u00e4nglich ist. Damit bis dahin eine optimale Versorgung des Patienten erfolgt, ist jeden Tag auch mindestens ein erfahrener Sanit\u00e4ter dabei, der die Lage richtig einzusch\u00e4tzen und angemessen zu handeln vermag. Bei jedem Einsatz wird darauf geachtet, dass die \u201eAnf\u00e4nger\u201c unter den Sanis nicht zu kurz kommen und so viel wie m\u00f6glich lernen. Damit aus diesen \u201eAnf\u00e4ngern\u201c auch \u201eProfis\u201c werden, ist zun\u00e4chst die Grundlage ein gro\u00dfer Erste-Hilfe-Kurs. Wichtiges Basiswissen wird durch \u00dcbungsnachmittage oder kleine Handgriffe w\u00e4hrend der Patientenversorgung, z.B. Anlagen eines Verbandes, in Routine umgewandelt. Nach jedem Einsatz muss ein Protokoll verfasst werden, um s\u00e4mtliche Daten festzuhalten. Um auch in Zukunft eine zuverl\u00e4ssige Versorgung der Schule zu gew\u00e4hrleisten, ist der Schulsanit\u00e4tsdienst darauf angewiesen, dass interessierte, engagierte Sch\u00fclerInnen sich weiter zus\u00e4tzlich zu ihrem Pflichtunterricht in dieser Gruppe engagieren. Neuinteressenten sind immer herzlich willkommen! Bitte meldet euch bei Interesse bei Herrn Me\u00dfner!<\/p>\n","protected":false},"excerpt":{"rendered":"<p>\u201eDer Sanit\u00e4tsdienst bitte dringend in den Westhof \u2026\u201c Durchsagen wie diese geh\u00f6ren seit Mitte des Schuljahres 2011\/12 der Vergangenheit an, denn in diesem Schuljahr erfolgte die Umstellung der Alarmierung des Schulsanit\u00e4tsdienstes von Durchsagen auf Sprechfunk. Vier bis sechs diensthabende Schulsanis holen sich nach einem festen Dienstplan am Morgen ihr Funkger\u00e4t im Sekretariat ab. \u00dcber den [&hellip;]<\/p>\n","protected":false},"author":2,"featured_media":0,"parent":35,"menu_order":45,"comment_status":"closed","ping_status":"closed","template":"","meta":{"footnotes":""},"class_list":["post-205","page","type-page","status-publish","hentry"],"_links":{"self":[{"href":"https:\/\/www.gym-toelz.de\/index.php\/wp-json\/wp\/v2\/pages\/205","targetHints":{"allow":["GET"]}}],"collection":[{"href":"https:\/\/www.gym-toelz.de\/index.php\/wp-json\/wp\/v2\/pages"}],"about":[{"href":"https:\/\/www.gym-toelz.de\/index.php\/wp-json\/wp\/v2\/types\/page"}],"author":[{"embeddable":true,"href":"https:\/\/www.gym-toelz.de\/index.php\/wp-json\/wp\/v2\/users\/2"}],"replies":[{"embeddable":true,"href":"https:\/\/www.gym-toelz.de\/index.php\/wp-json\/wp\/v2\/comments?post=205"}],"version-history":[{"count":4,"href":"https:\/\/www.gym-toelz.de\/index.php\/wp-json\/wp\/v2\/pages\/205\/revisions"}],"predecessor-version":[{"id":762,"href":"https:\/\/www.gym-toelz.de\/index.php\/wp-json\/wp\/v2\/pages\/205\/revisions\/762"}],"up":[{"embeddable":true,"href":"https:\/\/www.gym-toelz.de\/index.php\/wp-json\/wp\/v2\/pages\/35"}],"wp:attachment":[{"href":"https:\/\/www.gym-toelz.de\/index.php\/wp-json\/wp\/v2\/media?parent=205"}],"curies":[{"name":"wp","href":"https:\/\/api.w.org\/{rel}","templated":true}]}}