{"id":203,"date":"2025-05-16T15:16:51","date_gmt":"2025-05-16T15:16:51","guid":{"rendered":"https:\/\/www.gym-toelz.de\/index.php\/tutoren\/"},"modified":"2026-01-28T16:35:24","modified_gmt":"2026-01-28T15:35:24","slug":"tutoren","status":"publish","type":"page","link":"https:\/\/www.gym-toelz.de\/index.php\/angebote-aktivitaeten\/tutoren\/","title":{"rendered":"Tutoren"},"content":{"rendered":"<p><strong>Tutoren<\/strong><\/p>\n<p>Der Start am Gymnasium ist f\u00fcr die F\u00fcnftkl\u00e4ssler eine spannende und aufregende Zeit, sie m\u00fcssen sich auf viel Neues einstellen: einen neuen Schulweg; ein neues, riesiges, Schulhaus mit vielen Lehrern und noch mehr Mitsch\u00fclern; auf eine neue Klassengemeinschaft, auf neue F\u00e4cher und Klassenlehrer. Um diese Neuorientierung und vor allem das Zusammenwachsen der neuen Klassengemeinschaften sowie das Hineinwachsen der F\u00fcnftkl\u00e4ssler in die Schulgemeinschaft zu begleiten gibt es die Tutoren.<\/p>\n<p>Jeweils drei bis vier Sch\u00fcler\/innen aus den Klassen 9 und 10 betreuen eine 5. Klasse. Sie gestalten nachmittags Spielstunden, bei denen sich die Kinder gegenseitig kennen lernen und so zu einer wirklichen Klassengemeinschaft zusammenwachsen k\u00f6nnen. Sie versch\u00f6nern mit ihrer 5. Klasse das Klassenzimmer, sie basteln zusammen mit den F\u00fcnftkl\u00e4sslern Dinge, die dann bei dem allj\u00e4hrlichen Weihnachtsbasar zugunsten unseres Schulprojektes in Burkina Faso verkauft werden. Weiter gibt es Rallyes, Turniere, Partys, Unternehmungen in Bad T\u00f6lz und Umgebung und vieles mehr.<\/p>\n<p>Auf diese Arbeit werden die Tutoren durch ein Tutorenseminar und regelm\u00e4\u00dfige Treffen mit ihrem Betreuer, Herrn K\u00f6pf, vorbereitet; da werden Erfahrungen ausgetauscht, Hilfen und Anregungen gegeben und die klassen\u00fcbergreifenden Veranstaltungen geplant, wie z.B. die Klassenparty, oder die Turniere.<\/p>\n<p>Zum Halbjahr haben sich die &#8222;Neuen&#8220; dann erfahrungsgem\u00e4\u00df ins Schulleben integriert, und daher endet im Februar (zumindest offiziell) die T\u00e4tigkeit der Tutoren.<\/p>\n","protected":false},"excerpt":{"rendered":"<p>Tutoren Der Start am Gymnasium ist f\u00fcr die F\u00fcnftkl\u00e4ssler eine spannende und aufregende Zeit, sie m\u00fcssen sich auf viel Neues einstellen: einen neuen Schulweg; ein neues, riesiges, Schulhaus mit vielen Lehrern und noch mehr Mitsch\u00fclern; auf eine neue Klassengemeinschaft, auf neue F\u00e4cher und Klassenlehrer. Um diese Neuorientierung und vor allem das Zusammenwachsen der neuen Klassengemeinschaften [&hellip;]<\/p>\n","protected":false},"author":2,"featured_media":0,"parent":35,"menu_order":47,"comment_status":"closed","ping_status":"closed","template":"","meta":{"footnotes":""},"class_list":["post-203","page","type-page","status-publish","hentry"],"_links":{"self":[{"href":"https:\/\/www.gym-toelz.de\/index.php\/wp-json\/wp\/v2\/pages\/203","targetHints":{"allow":["GET"]}}],"collection":[{"href":"https:\/\/www.gym-toelz.de\/index.php\/wp-json\/wp\/v2\/pages"}],"about":[{"href":"https:\/\/www.gym-toelz.de\/index.php\/wp-json\/wp\/v2\/types\/page"}],"author":[{"embeddable":true,"href":"https:\/\/www.gym-toelz.de\/index.php\/wp-json\/wp\/v2\/users\/2"}],"replies":[{"embeddable":true,"href":"https:\/\/www.gym-toelz.de\/index.php\/wp-json\/wp\/v2\/comments?post=203"}],"version-history":[{"count":3,"href":"https:\/\/www.gym-toelz.de\/index.php\/wp-json\/wp\/v2\/pages\/203\/revisions"}],"predecessor-version":[{"id":769,"href":"https:\/\/www.gym-toelz.de\/index.php\/wp-json\/wp\/v2\/pages\/203\/revisions\/769"}],"up":[{"embeddable":true,"href":"https:\/\/www.gym-toelz.de\/index.php\/wp-json\/wp\/v2\/pages\/35"}],"wp:attachment":[{"href":"https:\/\/www.gym-toelz.de\/index.php\/wp-json\/wp\/v2\/media?parent=203"}],"curies":[{"name":"wp","href":"https:\/\/api.w.org\/{rel}","templated":true}]}}