{"id":199,"date":"2025-05-16T15:16:51","date_gmt":"2025-05-16T15:16:51","guid":{"rendered":"https:\/\/www.gym-toelz.de\/index.php\/bibliothek\/"},"modified":"2026-01-28T16:35:24","modified_gmt":"2026-01-28T15:35:24","slug":"bibliothek","status":"publish","type":"page","link":"https:\/\/www.gym-toelz.de\/index.php\/angebote-aktivitaeten\/bibliothek\/","title":{"rendered":"Bibliothek"},"content":{"rendered":"<p><strong>Unsere Bibliothek: Der Dritte Raum<\/strong><\/p>\n<p>Verantwortliche Lehrkraft: Frau Christine Brunner (Kontakt: <a href=\"mailto:brc@brunniversum.de\">brc@brunniversum.de<\/a>)<\/p>\n<p><img loading=\"lazy\" decoding=\"async\" class=\" wp-image-294 alignleft\" src=\"https:\/\/www.gym-toelz.de\/wp-content\/uploads\/2025\/06\/Bildschirmfoto-2025-06-01-um-19.03.52-300x226.png\" alt=\"\" width=\"362\" height=\"273\" srcset=\"https:\/\/www.gym-toelz.de\/wp-content\/uploads\/2025\/06\/Bildschirmfoto-2025-06-01-um-19.03.52-300x226.png 300w, https:\/\/www.gym-toelz.de\/wp-content\/uploads\/2025\/06\/Bildschirmfoto-2025-06-01-um-19.03.52-1030x775.png 1030w, https:\/\/www.gym-toelz.de\/wp-content\/uploads\/2025\/06\/Bildschirmfoto-2025-06-01-um-19.03.52-768x578.png 768w, https:\/\/www.gym-toelz.de\/wp-content\/uploads\/2025\/06\/Bildschirmfoto-2025-06-01-um-19.03.52-705x530.png 705w, https:\/\/www.gym-toelz.de\/wp-content\/uploads\/2025\/06\/Bildschirmfoto-2025-06-01-um-19.03.52.png 1034w\" sizes=\"auto, (max-width: 362px) 100vw, 362px\" \/> Die Bibliothek 2.0 \u2013 Dein Place zum Lernen, Chillen &amp; Connecten!<br \/>\nLicht an, WLAN rein, Lieblingsplatz sichern!<br \/>\nUnsere Schulbibliothek ist l\u00e4ngst nicht mehr nur ein Ort zum B\u00fccher-Ausleihen. Sie ist dein Dritter Raum (neben Klassenzimmer und Pausenhof), dein Place to be \u2013 zum Lernen, St\u00f6bern, Kreativsein oder einfach nur zum entspannten Abh\u00e4ngen mit einem guten Buch. Mit dem Blick auf die &#8222;open concept library&#8220; wird sich unsere Bib im Laufe des<br \/>\nn\u00e4chsten Jahres (am 2. Mai 2026 feiern wir den 10. Jahrestag der Er\u00f6ffnung!) in einen echten Ort der Begegnung verwandeln, wo Wissen, Inspiration und digitale Medien zusammenkommen.<\/p>\n<p>Lernen, wie du willst \u2013 solo oder im Team<img loading=\"lazy\" decoding=\"async\" class=\" wp-image-295 alignright\" src=\"https:\/\/www.gym-toelz.de\/wp-content\/uploads\/2025\/06\/Bildschirmfoto-2025-06-01-um-19.04.00-215x300.png\" alt=\"\" width=\"294\" height=\"410\" srcset=\"https:\/\/www.gym-toelz.de\/wp-content\/uploads\/2025\/06\/Bildschirmfoto-2025-06-01-um-19.04.00-215x300.png 215w, https:\/\/www.gym-toelz.de\/wp-content\/uploads\/2025\/06\/Bildschirmfoto-2025-06-01-um-19.04.00-738x1030.png 738w, https:\/\/www.gym-toelz.de\/wp-content\/uploads\/2025\/06\/Bildschirmfoto-2025-06-01-um-19.04.00-505x705.png 505w, https:\/\/www.gym-toelz.de\/wp-content\/uploads\/2025\/06\/Bildschirmfoto-2025-06-01-um-19.04.00.png 752w\" sizes=\"auto, (max-width: 294px) 100vw, 294px\" \/><br \/>\nUnsere hellen, gro\u00dfz\u00fcgigen Arbeitspl\u00e4tze direkt am Fenster bieten nicht nur eine tolle Aussicht auf den gr\u00fcnen Innenhof, sondern auch maximale Flexibilit\u00e4t:<\/p>\n<ul>\n<li>Einzelarbeit oder Gruppenprojekte? Stell dir (bald) die Tische zusammen, wie\u2019s passt!<\/li>\n<li>Laptop, Tablet oder Buch \u2013 alles geht, denn WLAN und Steckdosen sind am Start.<\/li>\n<li>Endlich Ruhe! W\u00e4hrend der Oberstufenraum manchmal eher an einen \u00fcberf\u00fcllten Club erinnert, bietet die Bibliothek angenehme Arbeitspl\u00e4tze f\u00fcr Oberstufensch\u00fcler:innen, die wirklich etwas schaffen wollen.<\/li>\n<li>Und wenn du mal nicht weiterkommst? Das hilfsbereite Bibliotheksteam steht dir jederzeit zur Seite \u2013 egal ob du ein bestimmtes Buch suchst, Hilfe bei der Recherche brauchst oder einfach einen guten Lesetipp m\u00f6chtest!<\/li>\n<\/ul>\n<p><img loading=\"lazy\" decoding=\"async\" class=\" wp-image-296 alignleft\" src=\"https:\/\/www.gym-toelz.de\/wp-content\/uploads\/2025\/06\/Bildschirmfoto-2025-06-01-um-19.04.08-300x225.png\" alt=\"\" width=\"299\" height=\"224\" srcset=\"https:\/\/www.gym-toelz.de\/wp-content\/uploads\/2025\/06\/Bildschirmfoto-2025-06-01-um-19.04.08-300x225.png 300w, https:\/\/www.gym-toelz.de\/wp-content\/uploads\/2025\/06\/Bildschirmfoto-2025-06-01-um-19.04.08-1030x773.png 1030w, https:\/\/www.gym-toelz.de\/wp-content\/uploads\/2025\/06\/Bildschirmfoto-2025-06-01-um-19.04.08-768x577.png 768w, https:\/\/www.gym-toelz.de\/wp-content\/uploads\/2025\/06\/Bildschirmfoto-2025-06-01-um-19.04.08-705x529.png 705w, https:\/\/www.gym-toelz.de\/wp-content\/uploads\/2025\/06\/Bildschirmfoto-2025-06-01-um-19.04.08.png 1316w\" sizes=\"auto, (max-width: 299px) 100vw, 299px\" \/>Leselounge \u2013 dein Cozy Corner f\u00fcr eine Pause vom Alltag<br \/>\nOb Freistunde, Mittagspause oder einfach nach der Schule: Mach\u2019s dir bequem! Die Leselounge ist der perfekte Spot, um in eine Story einzutauchen oder einfach mal runterzukommen. Aber auch in der ganzen Bibliothek gibt\u2019s viele bequeme Sitzm\u00f6glichkeiten \u2013 such dir deinen Lieblingsplatz!<\/p>\n<p>Flexibel &amp; immer wieder neu \u2013 Platz f\u00fcr Events, Lesungen &amp; mehr<br \/>\nDie Bibliothek lebt! Unsere mobilen B\u00fccherregale machen\u2019s m\u00f6glich: Mal wird Platz f\u00fcr eine Autorenlesung,<br \/>\nmal f\u00fcr eine Kreativ-Session oder Unterricht in der Bib geschaffen. Ein Highlight ist auch der Vorlesewettbewerb, bei dem junge Talente zeigen, wie spannend sie eine Geschichte zum Leben erwecken k\u00f6nnen. So bleibt alles dynamisch und spannend!<\/p>\n<p>Mehr als B\u00fccher \u2013 dein Medienmix der Zukunft<br \/>\nHier gibt\u2019s nicht nur B\u00fccher, sondern auch Fachzeitschriften, Wochen-Zeitungen, CDs, DVDs und digitale Medien. Und das Beste? Dank der Kooperation<br \/>\nmit der Stadtb\u00fccherei Bad T\u00f6lz hast du Zugriff auf \u00fcber 50.000 Medien \u2013 einfach online st\u00f6bern und ab geht\u2019s!<\/p>\n<p>QR Code (Link: <a href=\"https:\/\/webopac.winbiap.de\/badtoelz\/index.aspx\" target=\"_blank\" rel=\"noopener\">https:\/\/webopac.winbiap.de\/badtoelz\/index.aspx<\/a>) direkt zum Bibliothekskatalog:<img loading=\"lazy\" decoding=\"async\" class=\"wp-image-297 aligncenter\" src=\"https:\/\/www.gym-toelz.de\/wp-content\/uploads\/2025\/06\/Bildschirmfoto-2025-06-01-um-19.04.16-300x298.png\" alt=\"\" width=\"218\" height=\"217\" srcset=\"https:\/\/www.gym-toelz.de\/wp-content\/uploads\/2025\/06\/Bildschirmfoto-2025-06-01-um-19.04.16-300x298.png 300w, https:\/\/www.gym-toelz.de\/wp-content\/uploads\/2025\/06\/Bildschirmfoto-2025-06-01-um-19.04.16-80x80.png 80w, https:\/\/www.gym-toelz.de\/wp-content\/uploads\/2025\/06\/Bildschirmfoto-2025-06-01-um-19.04.16-36x36.png 36w, https:\/\/www.gym-toelz.de\/wp-content\/uploads\/2025\/06\/Bildschirmfoto-2025-06-01-um-19.04.16-180x180.png 180w, https:\/\/www.gym-toelz.de\/wp-content\/uploads\/2025\/06\/Bildschirmfoto-2025-06-01-um-19.04.16.png 484w\" sizes=\"auto, (max-width: 218px) 100vw, 218px\" \/><\/p>\n<p>Tipp: In der &#8222;erweiterten Suche&#8220; als Zweigstelle &#8222;Schulbibliothek GVS&#8220; ausw\u00e4hlen, um gezielt unseren Bestand zu durchsuchen. Ausleihen kannst du alles bequem in der Bib.<\/p>\n<p>\u00d6ffnungszeiten &amp; Ausleihe \u2013 easy &amp; flexibel<\/p>\n<p>Ge\u00f6ffnet ab der ersten Stunde \u2013 Lernen, Recherchieren, Chillen, du entscheidest!<br \/>\nAusleihe in der ersten &amp; zweiten Pause \u2013 schnapp dir dein n\u00e4chstes Lieblingsbuch!<\/p>\n<p>B\u00fccher, WLAN und gute Vibes \u2013 was fehlt? Genau, du! Das Bibliotheksteam freut sich auf deinen Besuch!<br \/>\nDas reicht dir noch nicht? Bibliothek ist mehr als B\u00fccher \u2013 entdecke es im Wahlkurs \u201eBibliotheksteam\u201c!<\/p>\n<p><img loading=\"lazy\" decoding=\"async\" class=\"size-medium wp-image-298 alignleft\" src=\"https:\/\/www.gym-toelz.de\/wp-content\/uploads\/2025\/06\/Bildschirmfoto-2025-06-01-um-19.04.23-300x222.png\" alt=\"\" width=\"300\" height=\"222\" srcset=\"https:\/\/www.gym-toelz.de\/wp-content\/uploads\/2025\/06\/Bildschirmfoto-2025-06-01-um-19.04.23-300x222.png 300w, https:\/\/www.gym-toelz.de\/wp-content\/uploads\/2025\/06\/Bildschirmfoto-2025-06-01-um-19.04.23.png 642w\" sizes=\"auto, (max-width: 300px) 100vw, 300px\" \/><\/p>\n","protected":false},"excerpt":{"rendered":"<p>Unsere Bibliothek: Der Dritte Raum Verantwortliche Lehrkraft: Frau Christine Brunner (Kontakt: brc@brunniversum.de) Die Bibliothek 2.0 \u2013 Dein Place zum Lernen, Chillen &amp; Connecten! Licht an, WLAN rein, Lieblingsplatz sichern! Unsere Schulbibliothek ist l\u00e4ngst nicht mehr nur ein Ort zum B\u00fccher-Ausleihen. Sie ist dein Dritter Raum (neben Klassenzimmer und Pausenhof), dein Place to be \u2013 zum [&hellip;]<\/p>\n","protected":false},"author":2,"featured_media":0,"parent":35,"menu_order":39,"comment_status":"closed","ping_status":"closed","template":"","meta":{"footnotes":""},"class_list":["post-199","page","type-page","status-publish","hentry"],"_links":{"self":[{"href":"https:\/\/www.gym-toelz.de\/index.php\/wp-json\/wp\/v2\/pages\/199","targetHints":{"allow":["GET"]}}],"collection":[{"href":"https:\/\/www.gym-toelz.de\/index.php\/wp-json\/wp\/v2\/pages"}],"about":[{"href":"https:\/\/www.gym-toelz.de\/index.php\/wp-json\/wp\/v2\/types\/page"}],"author":[{"embeddable":true,"href":"https:\/\/www.gym-toelz.de\/index.php\/wp-json\/wp\/v2\/users\/2"}],"replies":[{"embeddable":true,"href":"https:\/\/www.gym-toelz.de\/index.php\/wp-json\/wp\/v2\/comments?post=199"}],"version-history":[{"count":24,"href":"https:\/\/www.gym-toelz.de\/index.php\/wp-json\/wp\/v2\/pages\/199\/revisions"}],"predecessor-version":[{"id":2260,"href":"https:\/\/www.gym-toelz.de\/index.php\/wp-json\/wp\/v2\/pages\/199\/revisions\/2260"}],"up":[{"embeddable":true,"href":"https:\/\/www.gym-toelz.de\/index.php\/wp-json\/wp\/v2\/pages\/35"}],"wp:attachment":[{"href":"https:\/\/www.gym-toelz.de\/index.php\/wp-json\/wp\/v2\/media?parent=199"}],"curies":[{"name":"wp","href":"https:\/\/api.w.org\/{rel}","templated":true}]}}