{"id":1756,"date":"2025-07-23T07:12:02","date_gmt":"2025-07-23T07:12:02","guid":{"rendered":"https:\/\/www.gym-toelz.de\/?page_id=1756"},"modified":"2025-11-17T15:40:01","modified_gmt":"2025-11-17T15:40:01","slug":"deutsch","status":"publish","type":"page","link":"https:\/\/www.gym-toelz.de\/index.php\/unterricht\/faecher\/deutsch\/","title":{"rendered":"Deutsch"},"content":{"rendered":"<div  class='avia-button-wrap av-mdeokxx2-ba348ff40bcf67ab637d5c571ba8d309-wrap avia-button-right  avia-builder-el-0  el_before_av_textblock  avia-builder-el-first '><a href='https:\/\/www.gym-toelz.de\/index.php\/unterricht\/faecher\/'  class='avia-button av-mdeokxx2-ba348ff40bcf67ab637d5c571ba8d309 av-link-btn avia-icon_select-no avia-size-medium avia-position-right avia-color-theme-color'   aria-label=\"Zur\u00fcck zu allen F\u00e4chern\"><span class='avia_iconbox_title' >Zur\u00fcck zu allen F\u00e4chern<\/span><\/a><\/div>\n<section  class='av_textblock_section av-mdc1a1w6-06b94ad16ecbe6ecafcf709e106978eb '   itemscope=\"itemscope\" itemtype=\"https:\/\/schema.org\/CreativeWork\" ><div class='avia_textblock'  itemprop=\"text\" ><p><strong>DEUTSCH<\/strong><\/p>\n<\/div><\/section>\n<div  data-slideshow-options=\"{&quot;animation&quot;:&quot;fade&quot;,&quot;autoplay&quot;:false,&quot;loop_autoplay&quot;:&quot;once&quot;,&quot;interval&quot;:&quot;5&quot;,&quot;loop_manual&quot;:&quot;manual-endless&quot;,&quot;autoplay_stopper&quot;:false,&quot;noNavigation&quot;:false,&quot;show_slide_delay&quot;:90}\" class='avia-content-slider avia-content-slider-active avia-content-slider1 avia-content-slider-odd  avia-builder-el-2  el_after_av_textblock  el_before_av_one_half  av-slideshow-ui av-control-default   av-no-slider-navigation av-slideshow-manual av-loop-once av-loop-manual-endless '  itemscope=\"itemscope\" itemtype=\"https:\/\/schema.org\/Blog\" ><div class=\"avia-content-slider-inner\"><div class=\"slide-entry-wrap\"><article class='slide-entry flex_column  post-entry post-entry-4077 slide-entry-overview slide-loop-1 slide-parity-odd  post-entry-last  av_one_third first real-thumbnail posttype-post post-format-standard'  itemscope=\"itemscope\" itemtype=\"https:\/\/schema.org\/CreativeWork\" ><a href='https:\/\/www.gym-toelz.de\/index.php\/2026\/04\/12\/fake-news-vergiftungen-und-flugkosten\/' data-rel='slide-1' class='slide-image' title='Fake News, Vergiftungen und Flugkosten'><img decoding=\"async\" fetchpriority=\"high\" width=\"455\" height=\"317\" src=\"https:\/\/www.gym-toelz.de\/wp-content\/uploads\/2026\/04\/journalismus-macht-schule-unglaub-2026.jpg\" class=\"wp-image-4076 avia-img-lazy-loading-not-4076 attachment-portfolio size-portfolio wp-post-image\" alt=\"\" srcset=\"https:\/\/www.gym-toelz.de\/wp-content\/uploads\/2026\/04\/journalismus-macht-schule-unglaub-2026.jpg 455w, https:\/\/www.gym-toelz.de\/wp-content\/uploads\/2026\/04\/journalismus-macht-schule-unglaub-2026-300x209.jpg 300w\" sizes=\"(max-width: 455px) 100vw, 455px\" \/><\/a><div class=\"slide-content\"><header class=\"entry-content-header\" aria-label=\"Slide: Fake News, Vergiftungen und Flugkosten\"><h3 class='slide-entry-title entry-title '  itemprop=\"headline\" ><a href='https:\/\/www.gym-toelz.de\/index.php\/2026\/04\/12\/fake-news-vergiftungen-und-flugkosten\/' title='Fake News, Vergiftungen und Flugkosten'>Fake News, Vergiftungen und Flugkosten<\/a><\/h3><span class=\"av-vertical-delimiter\"><\/span><\/header><div class=\"slide-meta\"><time class='slide-meta-time updated'  itemprop=\"datePublished\" datetime=\"2026-04-12T17:34:26+02:00\" >Sonntag, April 12, 2026<\/time><\/div><div class='slide-entry-excerpt entry-content'  itemprop=\"text\" >Von Jessica Unglaub\r\nWas haben Fake News, Vergiftungen und Flugkosten\u2026<\/div><\/div><footer class=\"entry-footer\"><\/footer><span class='hidden'>\n\t\t\t\t<span class='av-structured-data'  itemprop=\"image\" itemscope=\"itemscope\" itemtype=\"https:\/\/schema.org\/ImageObject\" >\n\t\t\t\t\t\t<span itemprop='url'>https:\/\/www.gym-toelz.de\/wp-content\/uploads\/2026\/04\/journalismus-macht-schule-unglaub-2026.jpg<\/span>\n\t\t\t\t\t\t<span itemprop='height'>317<\/span>\n\t\t\t\t\t\t<span itemprop='width'>455<\/span>\n\t\t\t\t<\/span>\n\t\t\t\t<span class='av-structured-data'  itemprop=\"publisher\" itemtype=\"https:\/\/schema.org\/Organization\" itemscope=\"itemscope\" >\n\t\t\t\t\t\t<span itemprop='name'>Hanno Froehlich<\/span>\n\t\t\t\t\t\t<span itemprop='logo' itemscope itemtype='https:\/\/schema.org\/ImageObject'>\n\t\t\t\t\t\t\t<span itemprop='url'>https:\/\/www.gym-toelz.de\/wp-content\/uploads\/2025\/06\/schriftzug-Kopf-weissGVS_Logo-klein-300x114.png<\/span>\n\t\t\t\t\t\t<\/span>\n\t\t\t\t<\/span><span class='av-structured-data'  itemprop=\"author\" itemscope=\"itemscope\" itemtype=\"https:\/\/schema.org\/Person\" ><span itemprop='name'>Hanno Froehlich<\/span><\/span><span class='av-structured-data'  itemprop=\"datePublished\" datetime=\"2025-07-23T07:12:02+02:00\" >2026-04-12 17:34:26<\/span><span class='av-structured-data'  itemprop=\"dateModified\" itemtype=\"https:\/\/schema.org\/dateModified\" >2026-04-12 17:34:43<\/span><span class='av-structured-data'  itemprop=\"mainEntityOfPage\" itemtype=\"https:\/\/schema.org\/mainEntityOfPage\" ><span itemprop='name'>Fake News, Vergiftungen und Flugkosten<\/span><\/span><\/span><\/article><\/div><\/div><\/div>\n<div  class='flex_column av-6le75b-c4b17d0cbcf06224bbc64f75fdb5880f av_one_half  avia-builder-el-3  el_after_av_postslider  el_before_av_one_half  first flex_column_div  '     ><section  class='av_textblock_section av-md5m8b02-d8d25be6372ae020d38928aa06f80d47 '   itemscope=\"itemscope\" itemtype=\"https:\/\/schema.org\/CreativeWork\" ><div class='avia_textblock'  itemprop=\"text\" ><p><strong>Das Fach<\/strong><\/p>\n<p class=\"docData;DOCY;v5;3794;BQiAAgAAEYQCAAAGiAIAAAM2DgAABUQOAAAAAAAAAAAAAAAAAAAAAAAAAAAAAAAAAAAAAAAAAAAAAAAAAAAAAAAAAAAAAAAAAAAAAAAAAAAAAAAAAAAAAAAAAAAAAAAAAAAAAAAAAAAAAAAAAAAAAAAAAAAAAAAAAAAAAAAAAAAAAAAAAAAAAAAAAAAAAAAAAAAAAAAAAAAAAAAAAAAAAAAAAAAAAAAAAAAAAAAAAAAAAAAAAAAAAAAAAAAAAAAAAAAAAAAAAAAAAAAAAAAAAAAAAAAAAAAAAAAAAAAAAAAAAAAAAAAAAAAAAAAAAAAAAAAAAAAAAAAAAAAAAAAAAAAAAAAAAAAAAAAAAAAAAAAAAAAAAAAAAAAAAAAAAAAAAAAAAAAAAAAAAAAAAAAAAAAAAAAAAAAAAAAAAAAAAAAAAAAAAAAAAAAAAAAAAAAAAAAAAAAAAAAAAAAAAAAAAAAAAAAAAAAAAAAAAAAAAAAAAAAAAAAAAAAAAAAAAAAAAAAAAAAAAAAAAAAAAAAAAAAAAAAAAAAAAAAAAAAAAAAAAAAAAAAAAAAAAAAAAAAAAAAAAAAAAAAAAAAAAAAAAAAAAAAAAAAAAAAAAAAAAAAAAAAAAAAAAAAAAAAAAAAAAAAAAAAAAAAAAAAAAAAAAAAAAAAAAAAAAAAAAAAAAAAAAAAAAAAAAAAAAAAAAAAAAAAAAAAAAAAAAAAAAAAAAAAAAAAAAAAAAAAAAAAAAAAAAAAAAAAAAAAAAAAAAAAAAAAAAAAAAAAAAAAAAAAAAAAAAAAAAAAAAAAAAAAAAAAAAAAAAAAAAAAAAAAAAAAAAAAAAAAAAAAAAAAAAAAAAAAAAAAAAAAAqgsAAAC2BgAAAR4AAAABBgAAAAAJBgAAAAAaBgYAAAABAQEVAQEbBgAAAAACjgYAAAV5AAAAAQYAAAABAQEVAQEIaQAAAABkAAAARABlAHUAdABzAGMAaAAgAGcAaQBsAHQAIABhAGwAcwAgAGQAYQBzACAAQgBhAHMAaQBzAGYAYQBjAGgAIABmAPwAcgAgAGEAbABsAGUAIABhAG4AZABlAHIAZQBuACAARgDkAAUVAgAAAQYAAAABAQEVAQEIBQIAAAAAAgAAYwBoAGUAcgBuACAAEyAgAGgAYQB0ACAAYQBiAGUAcgAgAG4AYQB0APwAcgBsAGkAYwBoACAAYQB1AGMAaAAgAHMAZQBpAG4AZQBuACAAZQBpAGcAZQBuAGUAbgAgAHUAbgB1AG0AcwB0AHIAaQB0AHQAZQBuAGUAbgAgAFMAdABlAGwAbABlAG4AdwBlAHIAdAAuACAARQBzACAAZABpAGUAbgB0ACAAZABlAHIAIABCAGUAaABlAHIAcgBzAGMAaAB1AG4AZwAgAGQAZQByACAASwBlAHIAbgBrAG8AbQBwAGUAdABlAG4AegBlAG4AIABTAHAAcgBlAGMAaABlAG4ALAAgAEgA9gByAGUAbgAsACAATABlAHMAZQBuACwAIABTAGMAaAByAGUAaQBiAGUAbgAuACAAQQBsAGwAZQAgAHYAaQBlAHIAIABCAGUAcgBlAGkAYwBoAGUAIABzAGkAbgBkACAAZwByAHUAbgBkAGwAZQBnAGUAbgBkACAAZgD8AHIAIABlAGkAbgAgAGcAZQBsAGkAbgBnAGUAbgBkAGUAcwAgAE0AaQB0AGUAaQBuAGEAbgBkAGUAcgAgAHUAbgBkACAAZQBpAG4AZQAgAHMAdABhAGIAaQBsAGUAIABJAGMAaAAtAEkAZABlAG4AdABpAHQA5AB0AC4AIAAFFQAAAAEGAAAAAQEBFQEBCAUAAAAFAAAAAAV7AAAAAQYAAAABAQEVAQEIawAAAABmAAAASQBuACAAZABlAHIAIABVAG4AdABlAHIAcwB0AHUAZgBlACAAcwB0AGUAaABlAG4AIABkAGkAZQAgAEUAcgB6AOQAaABsAGYAbwByAG0AZQBuACAAKABFAHIAbABlAGIAbgBpAHMABTEAAAABBgAAAAEBARUBAQghAAAAABwAAAAtACAAdQBuAGQAIABGAGEAbgB0AGEAcwBpAGUABbUAAAABBgAAAAEBARUBAQilAAAAAKAAAABlAHIAegDkAGgAbAB1AG4AZwAsACAATQDkAHIAYwBoAGUAbgAsACAARgBhAGIAZQBsACwAIABTAGEAZwBlACkAIAB1AG4AZAAgAGkAbgBmAG8AcgBtAGkAZQByAGUAbgBkAGUAIABUAGUAeAB0AGUAIAAoAEIAZQByAGkAYwBoAHQALAAgAEIAZQBzAGMAaAByAGUAaQBiAHUAbgBnACkABSMAAAABBgAAAAEBARUBAQgTAAAAAA4AAAAgAGkAbQAgAFoAZQBuAAUVAgAAAQYAAAABAQEVAQEIBQIAAAAAAgAAdAByAHUAbQAgAGQAZQByACAAQQB1AGYAcwBhAHQAegBhAHIAdABlAG4ALgAgAEQAaQBlAHMAZQAgAHcAZQByAGQAZQBuACAAaQBuACAAZABlAHIAIABNAGkAdAB0AGUAbABzAHQAdQBmAGUAIAB6AHUAbgBlAGgAbQBlAG4AZAAgAHYAbwBuACAAaQBuAGYAbwByAG0AaQBlAHIAZQBuAGQAZQBuACAAdQBuAGQAIABhAHIAZwB1AG0AZQBuAHQAaQBlAHIAZQBuAGQAZQBuACAAUwBjAGgAcgBlAGkAYgBmAG8AcgBtAGEAdABlAG4AIABhAGIAZwBlAGwA9gBzAHQAIAB1AG4AZAAgAGIAZQByAGUAaQB0AGUAbgAgAGQAYQBtAGkAdAAgAGEAdQBmACAAZABpAGUAIABPAGIAZQByAHMAdAB1AGYAZQAgAHYAbwByACwAIABkAGkAZQAgAGEAdQBmACAAZABpAGUAcwBlAG4AIABHAHIAdQBuAGQAdABlAGMAaABuAGkAawBlAG4AIABhAHUAZgBiAGEAdQB0ACAAdQBuAGQAIABpAG4AIABkAGUAcgAgAFAAcgBvAGcAcgBlAHMAcwBpAG8AbgAgAGEAbgAgAEEAYgBzAHQAcgBhAGsAdABpAG8AbgAgAHoAdQBuAGkAbQBtAHQALgAFEAAAAAEGAAAAAQEBFQEBCAAAAAAFEAAAAAEGAAAAAQEBFQEBCAAAAAAA6gQAAAEjAAAAAQYAAAAACQYAAAAAGgYLAAAAAQEBCQP\/AAAVAQEbBgAAAAACvQQAAAVtAAAAAQYAAAABAQEVAQEIXQAAAABYAAAARABpAGUAIABNAPwAbgBkAGwAaQBjAGgAawBlAGkAdAAgAGkAbQAgAEYAYQBjAGgAIABEAGUAdQB0AHMAYwBoACAAdwBpAHIAZAAgAG4AZQBiAGUAbgAgAAVTAAAAAQYAAAABAQEVAQEIQwAAAAA+AAAAawBsAGUAaQBuAGUAbgAgAEwAZQBpAHMAdAB1AG4AZwBzAG4AYQBjAGgAdwBlAGkAcwBlAG4AIABpAG4AIAAFJwAAAAEGAAAAAQEBFQEBCBcAAAAAEgAAAFIAZQBmAGUAcgBhAHQAZQBuAAWVAAAAAQYAAAABAQEVAQEIhQAAAACAAAAAIAB1AG4AZAAgAGkAbQAgAFUAbgB0AGUAcgByAGkAYwBoAHQAcwBnAGUAcwBwAHIA5ABjAGgAIABhAHUAYwBoACAAaQBuACAAZABlAHIAIABEAGUAYgBhAHQAdABlACAAKAA5AC4AIABLAGwAYQBzAHMAZQApACAAdQBuAGQAIAAFvQAAAAEGAAAAAQEBFQEBCK0AAAAAqAAAAHcAZQBpAHQAZQByAGUAbgAgAG0A9gBnAGwAaQBjAGgAZQBuACAAUwB1AGIAcwB0AGkAdAB1AHQAaQBvAG4AcwBmAG8AcgBtAGUAbgAgAGEAbABzACAAVgBvAHIAYgBlAHIAZQBpAHQAdQBuAGcAIABhAHUAZgAgAGQAYQBzACAASwBvAGwAbABvAHEAdQBpAHUAbQAgAGcAZQBzAHQA5AByAGsAdAAuAAUXAAAAAQYAAAABAQEVAQEIBwAAAAACAAAAIAAFlwAAAAEGAAAAAQEBFQEBCIcAAAAAggAAAEgAaQBlAHIAegB1ACAAegDkAGgAbAB0ACAAbgBlAGIAZQBuACAAZABlAG0AIABTAHAAcgBlAGMAaABlAG4AIAB1AG4AZAAgACgAWgB1ACkASAD2AHIAZQBuACAAYQB1AGMAaAAgAGQAYQBzACAATABlAHMAZQBuACwAIABkAGEAcwAFGQEAAAEGAAAAAQEBFQEBCAkBAAAABAEAACAAbQBpAHQAIABCAGwAaQBjAGsAIABhAHUAZgAgAGQAZQBuACAAVgBvAHIAbABlAHMAZQB3AGUAdAB0AGIAZQB3AGUAcgBiACAAaQBuACAAZABlAHIAIAA2AC4AIABKAGEAaAByAGcAYQBuAGcAcwBzAHQAdQBmAGUAIAB2AG8AbgAgAEEAbgBmAGEAbgBnACAAYQBuACAAZAB1AHIAYwBoACAATABlAGsAdAD8AHIAZQBuACAAaQBuACAAQQB1AHMAegD8AGcAZQBuACAAdQBuAGQAIABHAGEAbgB6AHMAYwBoAHIAaQBmAHQAZQBuACAAZwBlAGYA9gByAGQAZQByAHQABR8AAAABBgAAAAEBARUBAQgPAAAAAAoAAAAgAHcAaQByAGQABRcAAAABBgAAAAEBARUBAQgHAAAAAAIAAAAuAAUcAAAAAQsAAAABAQEJA\/8AABUBAQgHAAAAAAIAAAAgAAUVAAAAAQsAAAABAQEJA\/8AABUBAQgAAAAABRUAAAABCwAAAAEBAQkD\/wAAFQEBCAAAAAAKAAAAAAAAAAARAAAAAIoAAAAALQAAAAEGAAAAAAkGGwAAACcEFgEAAAsBARwBACgEAAAAAB0BACkEoAAAABsGAAAAAAFOAAAAKAEHKQEHKgEHKwEFEwEBCAQYAAAAFgQYAAAAGQYKAAAAZABlAC0ARABFABoGCgAAAGEAcgAtAFMAQQAbBgoAAABlAG4ALQBVAFMALgEDAgAAAAA=\">Deutsch gilt als das Basisfach f\u00fcr alle anderen F\u00e4chern \u2013 hat aber nat\u00fcrlich auch seinen eigenen unumstrittenen Stellenwert. Es dient der Beherrschung der Kernkompetenzen Sprechen, H\u00f6ren, Lesen, Schreiben. Alle vier Bereiche sind grundlegend f\u00fcr ein gelingendes Miteinander und eine stabile Ich-Identit\u00e4t.<br \/>\nIn der Unterstufe stehen die Erz\u00e4hlformen (Erlebnis- und Fantasieerz\u00e4hlung, M\u00e4rchen, Fabel, Sage) und informierende Texte (Bericht, Beschreibung) im Zentrum der Aufsatzarten. Diese werden in der Mittelstufe zunehmend von informierenden und argumentierenden Schreibformaten abgel\u00f6st und bereiten damit auf die Oberstufe vor, die auf diesen Grundtechniken aufbaut und in der Progression an Abstraktion zunimmt.<\/p>\n<p><i>Die M\u00fcndlichkeit im Fach Deutsch wird neben <\/i><i>kleinen Leistungsnachweisen in <\/i><i>Referaten<\/i><i> und im Unterrichtsgespr\u00e4ch auch in der Debatte (9. Klasse) und <\/i><i>weiteren m\u00f6glichen Substitutionsformen als Vorbereitung auf das Kolloquium gest\u00e4rkt.<\/i><i>\u00a0<\/i><i>Hierzu z\u00e4hlt neben dem Sprechen und (Zu)H\u00f6ren auch das Lesen, das<\/i><i> mit Blick auf den Vorlesewettbewerb in der 6. Jahrgangsstufe von Anfang an durch Lekt\u00fcren in Ausz\u00fcgen und Ganzschriften gef\u00f6rdert<\/i><i> wird<\/i><i>.<\/i><i>\u00a0<\/i><\/p>\n<\/div><\/section><\/div>\n<div  class='flex_column av-4l46b3-a0225c42bbaf70a50f43e4a0a1be8a36 av_one_half  avia-builder-el-5  el_after_av_one_half  el_before_av_toggle_container  flex_column_div  '     ><section  class='av_textblock_section av-md5m9yeg-a9d28fd7cdae222de796d850bdc4be30 '   itemscope=\"itemscope\" itemtype=\"https:\/\/schema.org\/CreativeWork\" ><div class='avia_textblock'  itemprop=\"text\" ><p><strong>Fachschaftsleitung<\/strong><\/p>\n<p>Julia Rau, Margit Mayrock<\/p>\n<p><strong>Lehrwerke<\/strong><\/p>\n<p><i>\u201eDeutschbuch\u201c des Cornelsen-Verlags (f\u00fcr alle Jahrgangsstufen)<\/i><\/p>\n<p><strong>Schulaufgaben<\/strong><\/p>\n<p class=\"docData;DOCY;v5;1552;BQiAAgAAEYQCAAAGiAIAAAN0BQAABYIFAAAAAAAAAAAAAAAAAAAAAAAAAAAAAAAAAAAAAAAAAAAAAAAAAAAAAAAAAAAAAAAAAAAAAAAAAAAAAAAAAAAAAAAAAAAAAAAAAAAAAAAAAAAAAAAAAAAAAAAAAAAAAAAAAAAAAAAAAAAAAAAAAAAAAAAAAAAAAAAAAAAAAAAAAAAAAAAAAAAAAAAAAAAAAAAAAAAAAAAAAAAAAAAAAAAAAAAAAAAAAAAAAAAAAAAAAAAAAAAAAAAAAAAAAAAAAAAAAAAAAAAAAAAAAAAAAAAAAAAAAAAAAAAAAAAAAAAAAAAAAAAAAAAAAAAAAAAAAAAAAAAAAAAAAAAAAAAAAAAAAAAAAAAAAAAAAAAAAAAAAAAAAAAAAAAAAAAAAAAAAAAAAAAAAAAAAAAAAAAAAAAAAAAAAAAAAAAAAAAAAAAAAAAAAAAAAAAAAAAAAAAAAAAAAAAAAAAAAAAAAAAAAAAAAAAAAAAAAAAAAAAAAAAAAAAAAAAAAAAAAAAAAAAAAAAAAAAAAAAAAAAAAAAAAAAAAAAAAAAAAAAAAAAAAAAAAAAAAAAAAAAAAAAAAAAAAAAAAAAAAAAAAAAAAAAAAAAAAAAAAAAAAAAAAAAAAAAAAAAAAAAAAAAAAAAAAAAAAAAAAAAAAAAAAAAAAAAAAAAAAAAAAAAAAAAAAAAAAAAAAAAAAAAAAAAAAAAAAAAAAAAAAAAAAAAAAAAAAAAAAAAAAAAAAAAAAAAAAAAAAAAAAAAAAAAAAAAAAAAAAAAAAAAAAAAAAAAAAAAAAAAAAAAAAAAAAAAAAAAAAAAAAAAAAAAAAAAAAAAAAAAAAAAAAAAA6AIAAADzAAAAAR4AAAABBgAAAAAJBgAAAAAaBgYAAAABAQEVAQEbBgAAAAACywAAAAUnAAAAAQYAAAABAQEVAQEIFwAAAAASAAAANQAsACAANgAsACAANwAsACAABRcAAAABBgAAAAEBARUBAQgHAAAAAAIAAAA4AAUXAAAAAQYAAAABAQEVAQEIBwAAAAACAAAAOgAFOAAAAAEGAAAAAQEBFQEBCCgAAAACAAAAAAAeAAAANAAgAFMAYwBoAHUAbABhAHUAZgBnAGEAYgBlAG4ABRAAAAABBgAAAAEBARUBAQgAAAAABRAAAAABBgAAAAEBARUBAQgAAAAAAL0AAAABHgAAAAEGAAAAAAkGAAAAABoGBgAAAAEBARQBARsGAAAAAAKVAAAABSkAAAABBgAAAAEBARUBAQgZAAAAABQAAAA5ACwAIAAxADAALAAgADEAMQA6AAU4AAAAAQYAAAABAQEVAQEIKAAAAAIAAAAAAB4AAAAzACAAUwBjAGgAdQBsAGEAdQBmAGcAYQBiAGUAbgAFEAAAAAEGAAAAAQEBFAEBCAAAAAAFEAAAAAEGAAAAAQEBFAEBCAAAAAAAKQEAAAEeAAAAAQYAAAAACQYAAAAAGgYGAAAAAQEBFAEBGwYAAAAAAgEBAAAFGQAAAAEGAAAAAQEBFQEBCAkAAAAABAAAADEAMgAFGQAAAAEGAAAAAQEBFQEBCAkAAAAABAAAACwAIAAFGwAAAAEGAAAAAQEBFQEBCAsAAAAABgAAADEAMwA6AAUVAAAAAQYAAAABAQEVAQEIBQAAAAIAAAAABVwAAAABBgAAAAEBARUBAQhMAAAAAgAAAAAAQgAAAGoAZQAgAGUAaQBuAGUAIABTAGMAaAB1AGwAYQB1AGYAZwBhAGIAZQAgAHAAcgBvACAAUwBlAG0AZQBzAHQAZQByAAUQAAAAAQYAAAABAQEUAQEIAAAAAAUQAAAAAQYAAAABAQEUAQEIAAAAAAoAAAAAAAAAABEAAAAAigAAAAAtAAAAAQYAAAAACQYbAAAAJwQWAQAACwEBHAEAKAQAAAAAHQEAKQSgAAAAGwYAAAAAAU4AAAAoAQcpAQcqAQcrAQUTAQEIBBgAAAAWBBgAAAAZBgoAAABkAGUALQBEAEUAGgYKAAAAYQByAC0AUwBBABsGCgAAAGUAbgAtAFUAUwAuAQMCAAAAAA==\"><i>5, 6, 7, <\/i><i>8<\/i><i>:<\/i><i> 4 Schulaufgaben<\/i><\/p>\n<p><i>9, 10, 11:<\/i><i> 3 Schulaufgaben<\/i><\/p>\n<p><i>12<\/i><i>, <\/i><i>13:<\/i><i> <\/i><i>je eine Schulaufgabe pro Semester<\/i><\/p>\n<\/div><\/section><\/div>\n<div  class='togglecontainer av-mdc1hxog-e4e52255208d755383b652a152290701  avia-builder-el-7  el_after_av_one_half  avia-builder-el-last  toggle_close_all' >\n<section class='av_toggle_section av-mdc1hwzh-a42e90d5fa09157d05ace544f373c062'  itemscope=\"itemscope\" itemtype=\"https:\/\/schema.org\/CreativeWork\" ><div role=\"tablist\" class=\"single_toggle\" data-tags=\"{Alle} \"  ><p id='toggle-toggle-id-1' data-fake-id='#toggle-id-1' class='toggler  av-title-above '  itemprop=\"headline\"  role='tab' tabindex='0' aria-controls='toggle-id-1' data-slide-speed=\"200\" data-title=\"Sonstiges\" data-title-open=\"\" data-aria_collapsed=\"Click to expand: Sonstiges\" data-aria_expanded=\"Click to collapse: Sonstiges\">Sonstiges<span class=\"toggle_icon\"><span class=\"vert_icon\"><\/span><span class=\"hor_icon\"><\/span><\/span><\/p><div id='toggle-id-1' aria-labelledby='toggle-toggle-id-1' role='region' class='toggle_wrap  av-title-above'  ><div class='toggle_content invers-color '  itemprop=\"text\" ><p>In der Oberstufe wird ein sogenannter <strong>Vertiefungskurs<\/strong> angeboten, bei dem die Sch\u00fclerinnen und Sch\u00fcler in einer Doppelstunde pro Woche in der 12. Jahrgangsstufe \u00fcber den allgemeinen Deutschunterricht hinaus noch in zus\u00e4tzlichen Themenbereichen unterrichtet werden k\u00f6nnen. Zu diesen w\u00e4hlbaren Modulen z\u00e4hlen die deutsche\u00a0 Sprachgeschichte,Semiotik, Rhetorik und Filmgenre aber auch Theaterinszenierungen, Literaturbetrieb, Weltliteratur und literarisches Schreiben.<\/p>\n<p>In der 13. Jahrgangsstufe besteht f\u00fcr die Sch\u00fclerinnen und Sch\u00fcler das Angebot, an einem freiwilligen <strong>Differenzierungskurs<\/strong> teilzunehmen, der der Wiederholung und individuellen F\u00f6rderung dient. Einge\u00fcbt werden die verschiedenen Schreibformate f\u00fcr die schriftliche Abiturpr\u00fcfung und fachspezifische Kompetenzen f\u00fcr das Kolloquium. Der Fokus liegt in bei diesem Kurs auf den W\u00fcnschen und Bed\u00fcrfnissen der Sch\u00fclerinnen und Sch\u00fcler, die sie konkret in die Unterrichtsplanung einbringen k\u00f6nnen. Leistungserhebungen finden in diesem Kurs nicht statt.<\/p>\n<\/div><\/div><\/div><\/section>\n<section class='av_toggle_section av-mdc1h1pg-d2500ecbb5f59bd61b1c43003db850e5'  itemscope=\"itemscope\" itemtype=\"https:\/\/schema.org\/CreativeWork\" ><div role=\"tablist\" class=\"single_toggle\" data-tags=\"{Alle} \"  ><p id='toggle-toggle-id-2' data-fake-id='#toggle-id-2' class='toggler  av-title-above '  itemprop=\"headline\"  role='tab' tabindex='0' aria-controls='toggle-id-2' data-slide-speed=\"200\" data-title=\"Besonderes\" data-title-open=\"\" data-aria_collapsed=\"Click to expand: Besonderes\" data-aria_expanded=\"Click to collapse: Besonderes\">Besonderes<span class=\"toggle_icon\"><span class=\"vert_icon\"><\/span><span class=\"hor_icon\"><\/span><\/span><\/p><div id='toggle-id-2' aria-labelledby='toggle-toggle-id-2' role='region' class='toggle_wrap  av-title-above'  ><div class='toggle_content invers-color '  itemprop=\"text\" ><p class=\"docData;DOCY;v5;2038;BQiAAgAAEYQCAAAGiAIAAANaBwAABWgHAAAAAAAAAAAAAAAAAAAAAAAAAAAAAAAAAAAAAAAAAAAAAAAAAAAAAAAAAAAAAAAAAAAAAAAAAAAAAAAAAAAAAAAAAAAAAAAAAAAAAAAAAAAAAAAAAAAAAAAAAAAAAAAAAAAAAAAAAAAAAAAAAAAAAAAAAAAAAAAAAAAAAAAAAAAAAAAAAAAAAAAAAAAAAAAAAAAAAAAAAAAAAAAAAAAAAAAAAAAAAAAAAAAAAAAAAAAAAAAAAAAAAAAAAAAAAAAAAAAAAAAAAAAAAAAAAAAAAAAAAAAAAAAAAAAAAAAAAAAAAAAAAAAAAAAAAAAAAAAAAAAAAAAAAAAAAAAAAAAAAAAAAAAAAAAAAAAAAAAAAAAAAAAAAAAAAAAAAAAAAAAAAAAAAAAAAAAAAAAAAAAAAAAAAAAAAAAAAAAAAAAAAAAAAAAAAAAAAAAAAAAAAAAAAAAAAAAAAAAAAAAAAAAAAAAAAAAAAAAAAAAAAAAAAAAAAAAAAAAAAAAAAAAAAAAAAAAAAAAAAAAAAAAAAAAAAAAAAAAAAAAAAAAAAAAAAAAAAAAAAAAAAAAAAAAAAAAAAAAAAAAAAAAAAAAAAAAAAAAAAAAAAAAAAAAAAAAAAAAAAAAAAAAAAAAAAAAAAAAAAAAAAAAAAAAAAAAAAAAAAAAAAAAAAAAAAAAAAAAAAAAAAAAAAAAAAAAAAAAAAAAAAAAAAAAAAAAAAAAAAAAAAAAAAAAAAAAAAAAAAAAAAAAAAAAAAAAAAAAAAAAAAAAAAAAAAAAAAAAAAAAAAAAAAAAAAAAAAAAAAAAAAAAAAAAAAAAAAAAAAAAAAAAAAAAAzgQAAAA+AgAAARgAAAABBgAAAAAJBgAAAAAaBgAAAAAbBgAAAAACHAIAAAX5AQAAAQAAAAAI7wEAAADqAQAAVwBhAGgAbABrAHUAcgBzAGUAIAB3AGkAZQAgAB4gVABoAGUAYQB0AGUAcgAcICAAdQBuAGQAIAAeIFQAYQBuAHoAHCAgAHcAZQByAGQAZQBuACAAaQBuACAAZABlAG4AIAB2AGUAcgBzAGMAaABpAGUAZABlAG4AZQBuACAAUwB0AHUAZgBlAG4AIABhAG4AZwBlAGIAbwB0AGUAbgAgAHUAbgBkACAAbQBpAHQAIABlAGkAbgBlAHIAIABnAHIAbwDfAGEAcgB0AGkAZwBlAG4AIABBAHUAZgBmAPwAaAByAHUAbgBnACAAYQBiAGcAZQBzAGMAaABsAG8AcwBzAGUAbgAsACAAZABpAGUAIABtAGkAdAAgAGQAZQByACAASwBvAG0AcABlAHQAZQBuAHoAZQByAHcAZQBpAHQAZQByAHUAbgBnACAAaQBuACAAUwBwAHIAZQBjAGgAZQByAHoAaQBlAGgAdQBuAGcAIAB1AG4AZAAgAGQAYQByAHMAdABlAGwAbABlAG4AZABlAG0AIABTAHAAaQBlAGwAIAB3AGUAaQB0ACAA\/ABiAGUAcgAgAGQAYQBzACAAUwBjAGgAdQBsAGwAZQBiAGUAbgAgAGgAaQBuAGEAdQBzAHcAZQBpAHMAdAAuAAUKAAAAAQAAAAAIAAAAAAUKAAAAAQAAAAAIAAAAAACGAgAAARgAAAABBgAAAAAJBgAAAAAaBgAAAAAbBgAAAAACZAIAAAUtAAAAAQAAAAAIIwAAAAAeAAAAQQB1AGMAaAAgAGsA9gBuAG4AZQBuACAAZABpAGUABQ8CAAABAAAAAAgFAgAAAAACAAAgAEoAdQBnAGUAbgBkAGwAaQBjAGgAZQBuACAAYQBsAGwAZQByACAASgBhAGgAcgBnAGEAbgBnAHMAcwB0AHUAZgBlAG4AIABpAGgAcgBlACAAagBvAHUAcgBuAGEAbABpAHMAdABpAHMAYwBoAGUAbgAgAEYA5ABoAGkAZwBrAGUAaQB0AGUAbgAgAGkAbQAgAFcAYQBoAGwAZgBhAGMAaAAgAB4gUwBjAGgA\/ABsAGUAcgBwAG8AZABjAGEAcwB0AC8AUwBjAGgA\/ABsAGUAcgB6AGUAaQB0AHUAbgBnABwgIABlAGkAbgBiAHIAaQBuAGcAZQBuAC4AIABFAGkAbgBlACAAawBsAGEAcgBlACAAdQBuAGQAIABnAHUAdAAgAHYAZQByAHMAdADkAG4AZABsAGkAYwBoAGUAIABBAHUAcwBzAHAAcgBhAGMAaABlACAAdwBlAHIAZABlAG4AIABkAGEAYgBlAGkAIABnAGUAbgBhAHUAcwBvACAAYQB1AHMAZwBlAGIAYQB1AHQAIAB3AGkAZQAgAFMAYwBoAHIAZQBpAGIAZgBlAHIAdABpAGcAawBlAGkAdABlAG4AIAB1AG4AZAAgAGcAdQB0AGUAcwAgAFoAdQBoAPYAcgBlAG4AIABpAG0AIABJAG4AdABlAHIAdgBpAGUAdwAuAAUKAAAAAQAAAAAIAAAAAAUKAAAAAQAAAAAIAAAAAAoAAAAAAAAAABEAAAAAigAAAAAtAAAAAQYAAAAACQYbAAAAJwQWAQAACwEBHAEAKAQAAAAAHQEAKQSgAAAAGwYAAAAAAU4AAAAoAQcpAQcqAQcrAQUTAQEIBBgAAAAWBBgAAAAZBgoAAABkAGUALQBEAEUAGgYKAAAAYQByAC0AUwBBABsGCgAAAGUAbgAtAFUAUwAuAQMCAAAAAA==\">Wahlkurse wie \u201eTheater\u201c und \u201eTanz\u201c werden in den verschiedenen Stufen angeboten und mit einer gro\u00dfartigen Auff\u00fchrung abgeschlossen, die mit der Kompetenzerweiterung in Sprecherziehung und darstellendem Spiel weit \u00fcber das Schulleben hinausweist.<\/p>\n<p>Auch k\u00f6nnen die Jugendlichen aller Jahrgangsstufen ihre journalistischen F\u00e4higkeiten im Wahlfach \u201eSch\u00fclerpodcast\/Sch\u00fclerzeitung\u201c einbringen. Eine klare und gut verst\u00e4ndliche Aussprache werden dabei genauso ausgebaut wie Schreibfertigkeiten und gutes Zuh\u00f6ren im Interview.<\/p>\n<\/div><\/div><\/div><\/section>\n<\/div>\n","protected":false},"excerpt":{"rendered":"","protected":false},"author":3,"featured_media":0,"parent":240,"menu_order":9,"comment_status":"closed","ping_status":"closed","template":"","meta":{"footnotes":""},"class_list":["post-1756","page","type-page","status-publish","hentry"],"_links":{"self":[{"href":"https:\/\/www.gym-toelz.de\/index.php\/wp-json\/wp\/v2\/pages\/1756","targetHints":{"allow":["GET"]}}],"collection":[{"href":"https:\/\/www.gym-toelz.de\/index.php\/wp-json\/wp\/v2\/pages"}],"about":[{"href":"https:\/\/www.gym-toelz.de\/index.php\/wp-json\/wp\/v2\/types\/page"}],"author":[{"embeddable":true,"href":"https:\/\/www.gym-toelz.de\/index.php\/wp-json\/wp\/v2\/users\/3"}],"replies":[{"embeddable":true,"href":"https:\/\/www.gym-toelz.de\/index.php\/wp-json\/wp\/v2\/comments?post=1756"}],"version-history":[{"count":7,"href":"https:\/\/www.gym-toelz.de\/index.php\/wp-json\/wp\/v2\/pages\/1756\/revisions"}],"predecessor-version":[{"id":3002,"href":"https:\/\/www.gym-toelz.de\/index.php\/wp-json\/wp\/v2\/pages\/1756\/revisions\/3002"}],"up":[{"embeddable":true,"href":"https:\/\/www.gym-toelz.de\/index.php\/wp-json\/wp\/v2\/pages\/240"}],"wp:attachment":[{"href":"https:\/\/www.gym-toelz.de\/index.php\/wp-json\/wp\/v2\/media?parent=1756"}],"curies":[{"name":"wp","href":"https:\/\/api.w.org\/{rel}","templated":true}]}}