{"id":1742,"date":"2025-07-23T05:30:53","date_gmt":"2025-07-23T05:30:53","guid":{"rendered":"https:\/\/www.gym-toelz.de\/?page_id=1742"},"modified":"2025-11-20T17:30:23","modified_gmt":"2025-11-20T17:30:23","slug":"italienisch","status":"publish","type":"page","link":"https:\/\/www.gym-toelz.de\/index.php\/unterricht\/faecher\/italienisch\/","title":{"rendered":"Italienisch"},"content":{"rendered":"<div  class='avia-button-wrap av-mdeokxx2-ba348ff40bcf67ab637d5c571ba8d309-wrap avia-button-right  avia-builder-el-0  el_before_av_textblock  avia-builder-el-first '><a href='https:\/\/www.gym-toelz.de\/index.php\/unterricht\/faecher\/'  class='avia-button av-mdeokxx2-ba348ff40bcf67ab637d5c571ba8d309 av-link-btn avia-icon_select-no avia-size-medium avia-position-right avia-color-theme-color'   aria-label=\"Zur\u00fcck zu allen F\u00e4chern\"><span class='avia_iconbox_title' >Zur\u00fcck zu allen F\u00e4chern<\/span><\/a><\/div>\n<section  class='av_textblock_section av-mdc1a1w6-06b94ad16ecbe6ecafcf709e106978eb '   itemscope=\"itemscope\" itemtype=\"https:\/\/schema.org\/CreativeWork\" ><div class='avia_textblock'  itemprop=\"text\" ><p><strong>ITALIENISCH (als sp\u00e4t beginnende Fremdsprache)<\/strong><\/p>\n<\/div><\/section>\n\n<div  class='flex_column av-6le75b-c4b17d0cbcf06224bbc64f75fdb5880f av_one_half  avia-builder-el-3  el_after_av_postslider  el_before_av_one_half  first flex_column_div  '     ><section  class='av_textblock_section av-md5m8b02-d8d25be6372ae020d38928aa06f80d47 '   itemscope=\"itemscope\" itemtype=\"https:\/\/schema.org\/CreativeWork\" ><div class='avia_textblock'  itemprop=\"text\" ><p><strong>Das Fach<\/strong><\/p>\n<p style=\"font-weight: 400;\"><em>Italienisch ist eine sehr sch\u00f6ne romanische Sprache<\/em><\/p>\n<p style=\"font-weight: 400;\">Die italienische Sprache zieht schon immer die Menschen in ihren Bann: Was f\u00fcr eine Freude ist es, diese wundersch\u00f6ne Sprache sprechen und verstehen zu k\u00f6nnen! Jetzt ist die Gelegenheit, das eigene Leben durch Italienischkenntnisse zu bereichern. Nat\u00fcrlich ist Italienisch in seinem praktischen Nutzen nicht mit dem Englischen zu vergleichen, jedoch ist es beispielsweise schon ein Vergn\u00fcgen, eine Oper im Original zu verstehen, ganz zu schweigen von der Freude, sich in Italien verst\u00e4ndigen zu k\u00f6nnen, Kontakte zu kn\u00fcpfen und Freundschaften zu schlie\u00dfen.<\/p>\n<p style=\"font-weight: 400;\"><em>Italienische\u00a0 Konversation ist relativ schnell m\u00f6glich <\/em><\/p>\n<p style=\"font-weight: 400;\">Im Italienischen kann man nach relativ kurzer Zeit Alltagsgespr\u00e4che f\u00fchren! Da die Sprache festen Ausspracheregeln folgt (\u00e4hnlich wie im Deutschen), k\u00f6nnen auch Anf\u00e4nger ziemlich bald fremde W\u00f6rter korrekt aussprechen bzw. schreiben.<\/p>\n<p style=\"font-weight: 400;\"><em>Italienisch hat viele \u00c4hnlichkeiten mit Latein und Franz\u00f6sisch<\/em><\/p>\n<p><span style=\"font-weight: 400;\">Als romanische Sprache besitzt das Italienische zahlreiche \u00c4hnlichkeiten mit dem Lateinischen und Franz\u00f6sischen, was beim Erlernen ein Vorteil ist. So sind Texte oft gar nicht so schwer zu verstehen, was motivierend wirkt und hilfreich ist. <\/span><\/p>\n<\/div><\/section><\/div>\n<div  class='flex_column av-4l46b3-a0225c42bbaf70a50f43e4a0a1be8a36 av_one_half  avia-builder-el-5  el_after_av_one_half  el_before_av_toggle_container  flex_column_div  '     ><section  class='av_textblock_section av-md5m9yeg-a9d28fd7cdae222de796d850bdc4be30 '   itemscope=\"itemscope\" itemtype=\"https:\/\/schema.org\/CreativeWork\" ><div class='avia_textblock'  itemprop=\"text\" ><p><strong>Lehrwerke<\/strong><\/p>\n<p style=\"font-weight: 400;\">11.+12. Klasse: Ci siamo Band 1, Ausgabe B, C.C. Buchner Verlag<\/p>\n<p style=\"font-weight: 400;\">12.+13. Klasse: Ci siamo Band 1+2, Ausgabe B, C.C. Buchner Verlag<\/p>\n<p><strong>Schulaufgaben<\/strong><\/p>\n<p style=\"font-weight: 400;\">11. Klasse: 4 Schulaufgaben (die 4. Schulaufgabe ist m\u00fcndlich)<\/p>\n<p style=\"font-weight: 400;\">12\/1: schriftliche Klausur<\/p>\n<p style=\"font-weight: 400;\">12\/2: schriftliche Klausur<\/p>\n<p style=\"font-weight: 400;\">13\/1: m\u00fcndliche Klausur<\/p>\n<p style=\"font-weight: 400;\">13\/2: kleiner Leistungsnachweis<\/p>\n<\/div><\/section><\/div><div  class='togglecontainer av-mdc1hxog-e4e52255208d755383b652a152290701  avia-builder-el-7  el_after_av_one_half  avia-builder-el-last  toggle_close_all' >\n<section class='av_toggle_section av-mdc1hwzh-a42e90d5fa09157d05ace544f373c062'  itemscope=\"itemscope\" itemtype=\"https:\/\/schema.org\/CreativeWork\" ><div role=\"tablist\" class=\"single_toggle\" data-tags=\"{Alle} \"  ><p id='toggle-toggle-id-1' data-fake-id='#toggle-id-1' class='toggler  av-title-above '  itemprop=\"headline\"  role='tab' tabindex='0' aria-controls='toggle-id-1' data-slide-speed=\"200\" data-title=\"Sonstiges\" data-title-open=\"\" data-aria_collapsed=\"Click to expand: Sonstiges\" data-aria_expanded=\"Click to collapse: Sonstiges\">Sonstiges<span class=\"toggle_icon\"><span class=\"vert_icon\"><\/span><span class=\"hor_icon\"><\/span><\/span><\/p><div id='toggle-id-1' aria-labelledby='toggle-toggle-id-1' role='region' class='toggle_wrap  av-title-above'  ><div class='toggle_content invers-color '  itemprop=\"text\" ><p style=\"font-weight: 400;\"><a href=\"https:\/\/www.gym-toelz.de\/index.php\/angebote-aktivitaeten\/austauschprogramme\/\" target=\"_blank\" rel=\"noopener\">Sch\u00fcleraustausch mit Pisa <\/a><a class=\"alignnone\" href=\"https:\/\/paulroos.co.za\/\" target=\"_blank\" rel=\"noopener\"><img loading=\"lazy\" decoding=\"async\" class=\"alignnone wp-image-1873\" src=\"https:\/\/www.gym-toelz.de\/wp-content\/uploads\/2025\/07\/icons8-new-tab-48.png\" sizes=\"auto, (max-width: 18px) 100vw, 18px\" srcset=\"https:\/\/www.gym-toelz.de\/wp-content\/uploads\/2025\/07\/icons8-new-tab-48.png 48w, https:\/\/www.gym-toelz.de\/wp-content\/uploads\/2025\/07\/icons8-new-tab-48-36x36.png 36w\" alt=\"\" width=\"18\" height=\"18\" \/><\/a><\/p>\n<\/div><\/div><\/div><\/section>\n<\/div><\/p>\n","protected":false},"excerpt":{"rendered":"","protected":false},"author":3,"featured_media":0,"parent":240,"menu_order":13,"comment_status":"closed","ping_status":"closed","template":"","meta":{"footnotes":""},"class_list":["post-1742","page","type-page","status-publish","hentry"],"_links":{"self":[{"href":"https:\/\/www.gym-toelz.de\/index.php\/wp-json\/wp\/v2\/pages\/1742","targetHints":{"allow":["GET"]}}],"collection":[{"href":"https:\/\/www.gym-toelz.de\/index.php\/wp-json\/wp\/v2\/pages"}],"about":[{"href":"https:\/\/www.gym-toelz.de\/index.php\/wp-json\/wp\/v2\/types\/page"}],"author":[{"embeddable":true,"href":"https:\/\/www.gym-toelz.de\/index.php\/wp-json\/wp\/v2\/users\/3"}],"replies":[{"embeddable":true,"href":"https:\/\/www.gym-toelz.de\/index.php\/wp-json\/wp\/v2\/comments?post=1742"}],"version-history":[{"count":5,"href":"https:\/\/www.gym-toelz.de\/index.php\/wp-json\/wp\/v2\/pages\/1742\/revisions"}],"predecessor-version":[{"id":3012,"href":"https:\/\/www.gym-toelz.de\/index.php\/wp-json\/wp\/v2\/pages\/1742\/revisions\/3012"}],"up":[{"embeddable":true,"href":"https:\/\/www.gym-toelz.de\/index.php\/wp-json\/wp\/v2\/pages\/240"}],"wp:attachment":[{"href":"https:\/\/www.gym-toelz.de\/index.php\/wp-json\/wp\/v2\/media?parent=1742"}],"curies":[{"name":"wp","href":"https:\/\/api.w.org\/{rel}","templated":true}]}}