{"id":173,"date":"2025-05-16T13:49:37","date_gmt":"2025-05-16T13:49:37","guid":{"rendered":"https:\/\/www.gym-toelz.de\/index.php\/mensa\/"},"modified":"2026-01-28T16:35:23","modified_gmt":"2026-01-28T15:35:23","slug":"mensa","status":"publish","type":"page","link":"https:\/\/www.gym-toelz.de\/index.php\/aktuelles\/mensa\/","title":{"rendered":"Mensa"},"content":{"rendered":"<p><strong>Mensa und Speiseplan<img loading=\"lazy\" decoding=\"async\" class=\"alignright wp-image-2415 \" src=\"https:\/\/www.gym-toelz.de\/wp-content\/uploads\/2025\/09\/mensa-rund-2025.jpeg\" alt=\"\" width=\"502\" height=\"328\" srcset=\"https:\/\/www.gym-toelz.de\/wp-content\/uploads\/2025\/09\/mensa-rund-2025.jpeg 1425w, https:\/\/www.gym-toelz.de\/wp-content\/uploads\/2025\/09\/mensa-rund-2025-300x196.jpeg 300w, https:\/\/www.gym-toelz.de\/wp-content\/uploads\/2025\/09\/mensa-rund-2025-1030x673.jpeg 1030w, https:\/\/www.gym-toelz.de\/wp-content\/uploads\/2025\/09\/mensa-rund-2025-768x502.jpeg 768w, https:\/\/www.gym-toelz.de\/wp-content\/uploads\/2025\/09\/mensa-rund-2025-705x461.jpeg 705w\" sizes=\"auto, (max-width: 502px) 100vw, 502px\" \/><\/strong><\/p>\n<p>Den aktuellen Speiseplan finden Sie unter<\/p>\n<p><a href=\"http:\/\/www.bestellung-toelz.de\" target=\"_blank\" rel=\"noopener\">www.bestellung-toelz.de (externer Link) <\/a><a href=\"http:\/\/www.bestellung-toelz.de\" target=\"_blank\" rel=\"noopener\"><img loading=\"lazy\" decoding=\"async\" class=\"alignnone wp-image-1873\" src=\"https:\/\/www.gym-toelz.de\/wp-content\/uploads\/2025\/07\/icons8-new-tab-48.png\" alt=\"\" width=\"18\" height=\"18\" srcset=\"https:\/\/www.gym-toelz.de\/wp-content\/uploads\/2025\/07\/icons8-new-tab-48.png 48w, https:\/\/www.gym-toelz.de\/wp-content\/uploads\/2025\/07\/icons8-new-tab-48-36x36.png 36w\" sizes=\"auto, (max-width: 18px) 100vw, 18px\" \/><\/a><\/p>\n<p>Bestellen Sie am besten mit Ihrem Kind zusammen das Essen f\u00fcr die jeweils n\u00e4chste Woche. Wenn Ihr Kind krank ist, k\u00f6nnen Sie das Essen bis 7.30 Uhr des gleichen Tages abbestellen.<\/p>\n<p>Wie melde ich mich an? Wie wird abgerechnet?<\/p>\n<p><a href=\"https:\/\/www.gym-toelz.de\/wp-content\/uploads\/2025\/06\/WichtigeInformationenMensa.pdf\" target=\"_blank\" rel=\"noopener\">HIER finden Sie den Info-Brief-Mensa als PDF <\/a><a href=\"https:\/\/www.gym-toelz.de\/wp-content\/uploads\/2025\/06\/WichtigeInformationenMensa.pdf\" target=\"_blank\" rel=\"noopener\"><img loading=\"lazy\" decoding=\"async\" class=\"wp-image-1873 alignnone\" src=\"https:\/\/www.gym-toelz.de\/wp-content\/uploads\/2025\/07\/icons8-new-tab-48.png\" alt=\"\" width=\"18\" height=\"18\" srcset=\"https:\/\/www.gym-toelz.de\/wp-content\/uploads\/2025\/07\/icons8-new-tab-48.png 48w, https:\/\/www.gym-toelz.de\/wp-content\/uploads\/2025\/07\/icons8-new-tab-48-36x36.png 36w\" sizes=\"auto, (max-width: 18px) 100vw, 18px\" \/><\/a><\/p>\n","protected":false},"excerpt":{"rendered":"<p>Mensa und Speiseplan Den aktuellen Speiseplan finden Sie unter www.bestellung-toelz.de (externer Link) Bestellen Sie am besten mit Ihrem Kind zusammen das Essen f\u00fcr die jeweils n\u00e4chste Woche. Wenn Ihr Kind krank ist, k\u00f6nnen Sie das Essen bis 7.30 Uhr des gleichen Tages abbestellen. Wie melde ich mich an? Wie wird abgerechnet? HIER finden Sie den [&hellip;]<\/p>\n","protected":false},"author":2,"featured_media":0,"parent":29,"menu_order":7,"comment_status":"closed","ping_status":"closed","template":"","meta":{"footnotes":""},"class_list":["post-173","page","type-page","status-publish","hentry"],"_links":{"self":[{"href":"https:\/\/www.gym-toelz.de\/index.php\/wp-json\/wp\/v2\/pages\/173","targetHints":{"allow":["GET"]}}],"collection":[{"href":"https:\/\/www.gym-toelz.de\/index.php\/wp-json\/wp\/v2\/pages"}],"about":[{"href":"https:\/\/www.gym-toelz.de\/index.php\/wp-json\/wp\/v2\/types\/page"}],"author":[{"embeddable":true,"href":"https:\/\/www.gym-toelz.de\/index.php\/wp-json\/wp\/v2\/users\/2"}],"replies":[{"embeddable":true,"href":"https:\/\/www.gym-toelz.de\/index.php\/wp-json\/wp\/v2\/comments?post=173"}],"version-history":[{"count":14,"href":"https:\/\/www.gym-toelz.de\/index.php\/wp-json\/wp\/v2\/pages\/173\/revisions"}],"predecessor-version":[{"id":2418,"href":"https:\/\/www.gym-toelz.de\/index.php\/wp-json\/wp\/v2\/pages\/173\/revisions\/2418"}],"up":[{"embeddable":true,"href":"https:\/\/www.gym-toelz.de\/index.php\/wp-json\/wp\/v2\/pages\/29"}],"wp:attachment":[{"href":"https:\/\/www.gym-toelz.de\/index.php\/wp-json\/wp\/v2\/media?parent=173"}],"curies":[{"name":"wp","href":"https:\/\/api.w.org\/{rel}","templated":true}]}}