{"id":1669,"date":"2025-07-22T15:56:56","date_gmt":"2025-07-22T15:56:56","guid":{"rendered":"https:\/\/www.gym-toelz.de\/?page_id=1669"},"modified":"2025-10-07T16:26:38","modified_gmt":"2025-10-07T16:26:38","slug":"kunst","status":"publish","type":"page","link":"https:\/\/www.gym-toelz.de\/index.php\/unterricht\/faecher\/kunst\/","title":{"rendered":"Kunst"},"content":{"rendered":"<div  class='avia-button-wrap av-mdeokxx2-ba348ff40bcf67ab637d5c571ba8d309-wrap avia-button-right  avia-builder-el-0  el_before_av_textblock  avia-builder-el-first '><a href='https:\/\/www.gym-toelz.de\/index.php\/unterricht\/faecher\/'  class='avia-button av-mdeokxx2-ba348ff40bcf67ab637d5c571ba8d309 av-link-btn avia-icon_select-no avia-size-medium avia-position-right avia-color-theme-color'   aria-label=\"Zur\u00fcck zu allen F\u00e4chern\"><span class='avia_iconbox_title' >Zur\u00fcck zu allen F\u00e4chern<\/span><\/a><\/div>\n<section  class='av_textblock_section av-mdc1a1w6-06b94ad16ecbe6ecafcf709e106978eb '   itemscope=\"itemscope\" itemtype=\"https:\/\/schema.org\/CreativeWork\" ><div class='avia_textblock'  itemprop=\"text\" ><p><strong>KUNST<\/strong><\/p>\n<\/div><\/section>\n\n<div  class='flex_column av-6le75b-c4b17d0cbcf06224bbc64f75fdb5880f av_one_half  avia-builder-el-3  el_after_av_postslider  el_before_av_one_half  first flex_column_div  '     ><section  class='av_textblock_section av-md5m8b02-d8d25be6372ae020d38928aa06f80d47 '   itemscope=\"itemscope\" itemtype=\"https:\/\/schema.org\/CreativeWork\" ><div class='avia_textblock'  itemprop=\"text\" ><p><strong>Das Fach<\/strong><\/p>\n<p>Das Fach Kunst gibt den Sch\u00fclerinnen und Sch\u00fclern die M\u00f6glichkeit, sich die Welt und ihre Fantasie selbstt\u00e4tig zu erschlie\u00dfen, eigene Ideen zu entwickeln und umzusetzen sowie handwerkliche F\u00e4higkeiten zu erwerben. Kreativit\u00e4t, Neugier, Selbstst\u00e4ndigkeit und Durchhalteverm\u00f6gen werden angeregt und miteinander kombiniert um zu eigenen Produkten zu kommen. Auch in der Theorie, im Betrachten, Analysieren, Vergleichen und Interpretieren von Kunstwerken, werden Wahrnehmung, Ausdrucksf\u00e4higkeit und Bildged\u00e4chtnis entwickelt, gef\u00f6rdert und gest\u00e4rkt.<\/p>\n<\/div><\/section><\/div>\n<div  class='flex_column av-4l46b3-a0225c42bbaf70a50f43e4a0a1be8a36 av_one_half  avia-builder-el-5  el_after_av_one_half  el_before_av_toggle_container  flex_column_div  '     ><section  class='av_textblock_section av-md5m9yeg-a9d28fd7cdae222de796d850bdc4be30 '   itemscope=\"itemscope\" itemtype=\"https:\/\/schema.org\/CreativeWork\" ><div class='avia_textblock'  itemprop=\"text\" ><p><strong>Lehrwerke<\/strong><\/p>\n<p class=\"docData;DOCY;v5;1786;BQiAAgAAEYQCAAAGiAIAAANNBAAABVsEAAAAAAAAAAAAAAAAAAAAAAAAAAAAAAAAAAAAAAAAAAAAAAAAAAAAAAAAAAAAAAAAAAAAAAAAAAAAAAAAAAAAAAAAAAAAAAAAAAAAAAAAAAAAAAAAAAAAAAAAAAAAAAAAAAAAAAAAAAAAAAAAAAAAAAAAAAAAAAAAAAAAAAAAAAAAAAAAAAAAAAAAAAAAAAAAAAAAAAAAAAAAAAAAAAAAAAAAAAAAAAAAAAAAAAAAAAAAAAAAAAAAAAAAAAAAAAAAAAAAAAAAAAAAAAAAAAAAAAAAAAAAAAAAAAAAAAAAAAAAAAAAAAAAAAAAAAAAAAAAAAAAAAAAAAAAAAAAAAAAAAAAAAAAAAAAAAAAAAAAAAAAAAAAAAAAAAAAAAAAAAAAAAAAAAAAAAAAAAAAAAAAAAAAAAAAAAAAAAAAAAAAAAAAAAAAAAAAAAAAAAAAAAAAAAAAAAAAAAAAAAAAAAAAAAAAAAAAAAAAAAAAAAAAAAAAAAAAAAAAAAAAAAAAAAAAAAAAAAAAAAAAAAAAAAAAAAAAAAAAAAAAAAAAAAAAAAAAAAAAAAAAAAAAAAAAAAAAAAAAAAAAAAAAAAAAAAAAAAAAAAAAAAAAAAAAAAAAAAAAAAAAAAAAAAAAAAAAAAAAAAAAAAAAAAAAAAAAAAAAAAAAAAAAAAAAAAAAAAAAAAAAAAAAAAAAAAAAAAAAAAAAAAAAAAAAAAAAAAAAAAAAAAAAAAAAAAAAAAAAAAAAAAAAAAAAAAAAAAAAAAAAAAAAAAAAAAAAAAAAAAAAAAAAAAAAAAAAAAAAAAAAAAAAAAAAAAAAAAAAAAAAAAAAAAAAwQEAAAAGAQAAASQAAAAVBgYAAAA2ADEANgABBgAAAAAJBgAAAAAaBgAAAAAbBgAAAAAC2AAAAAW1AAAAAQAAAAAIqwAAAACmAAAAUQAxADIALwAxADMAOgAgAEsAYQBtAG0AZQByAGwAbwBoAHIAIABLAHUAbgBzAHQAIABpAG0AIADcAGIAZQByAGIAbABpAGMAawAgABMgIABTAHQAaQBsAGUAIAATICAASwD8AG4AcwB0AGwAZQByACAAEyAgAFcAZQByAGsAZQAsACAATwBsAGQAZQBuAGIAbwB1AHIAZwAgAFYAZQByAGwAYQBnAAUKAAAAAQAAAAAIAAAAAAUKAAAAAQAAAAAIAAAAAACxAAAAASQAAAAVBgYAAAA2ADEANgABBgAAAAAJBgAAAAAaBgAAAAAbBgAAAAACgwAAAAVgAAAAAQAAAAAIVgAAAAIAAAAAAEwAAABLAHUAbgBzAHQAIABlAG4AdABkAGUAYwBrAGUAbgAgABMgIABPAGIAZQByAHMAdAB1AGYAZQAsACAAQwBvAHIAbgBlAGwAcwBlAG4ABQoAAAABAAAAAAgAAAAABQoAAAABAAAAAAgAAAAACgAAAAAAAAAAEQAAAACbAgAAABIAAAABBgAAAAAJBgAAAAAbBgAAAAABZwAAAAQGDgAAAEMAYQBtAGIAcgBpAGEABQYOAAAAQwBhAG0AYgByAGkAYQAHBh4AAABUAGkAbQBlAHMAIABOAGUAdwAgAFIAbwBtAGEAbgAGBhIAAABNAFMAIABNAGkAbgBjAGgAbwATAQECEwIAAAAOAgAAAQYAAAA2ADEANgACDAAAAE4AbwByAG0AYQBsAAkBAAAAAwgBAAAAAQQGAAAANgAxADYAEgYAAAA2ADEANgAKAQAAAAEF4QAAAAABAAEBAAIBCwMBAAQGDgAAAEMAYQBtAGIAcgBpAGEABQYOAAAAQwBhAG0AYgByAGkAYQAHBh4AAABUAGkAbQBlAHMAIABOAGUAdwAgAFIAbwBtAGEAbgAGBhIAAABNAFMAIABNAGkAbgBjAGgAbwAIBBgAAAAKAQAMAQAmBAAAAAAPAQAQAQARAQAnBAAAAAAUAQAVAQAWBBgAAAAXAQAYAQAZBgoAAABkAGUALQBEAEUAGgYKAAAAYQByAC0AUwBBABsGCgAAAGQAZQAtAEQARQAcBgIAAAAAAB4BAC4BAAbfAAAAAAEAAQYSAAAAJAQAAAAAJQQAAAAAJgQAAAAABQEBBgEABwEACAEACQYbAAAAJwTwAAAACwEBHAEAKAQAAAAAHQEAKQQAAAAADgYIAAAAAAEBAQP\/\/\/8ZAQEbBn0AAAAAFAAAAAADAAAABQQAAAAABgQEAAAAAwEAARQAAAAAAwAAAAUEAAAAAAYEBAAAAAMBAAIUAAAAAAMAAAAFBAAAAAAGBAQAAAADAQADFAAAAAADAAAABQQAAAAABgQEAAAAAwEACxQAAAAAAwAAAAUEAAAAAAYEBAAAAAMBACwBAA==\"><em>Q12\/13:<\/em><\/p>\n<p class=\"docData;DOCY;v5;1786;BQiAAgAAEYQCAAAGiAIAAANNBAAABVsEAAAAAAAAAAAAAAAAAAAAAAAAAAAAAAAAAAAAAAAAAAAAAAAAAAAAAAAAAAAAAAAAAAAAAAAAAAAAAAAAAAAAAAAAAAAAAAAAAAAAAAAAAAAAAAAAAAAAAAAAAAAAAAAAAAAAAAAAAAAAAAAAAAAAAAAAAAAAAAAAAAAAAAAAAAAAAAAAAAAAAAAAAAAAAAAAAAAAAAAAAAAAAAAAAAAAAAAAAAAAAAAAAAAAAAAAAAAAAAAAAAAAAAAAAAAAAAAAAAAAAAAAAAAAAAAAAAAAAAAAAAAAAAAAAAAAAAAAAAAAAAAAAAAAAAAAAAAAAAAAAAAAAAAAAAAAAAAAAAAAAAAAAAAAAAAAAAAAAAAAAAAAAAAAAAAAAAAAAAAAAAAAAAAAAAAAAAAAAAAAAAAAAAAAAAAAAAAAAAAAAAAAAAAAAAAAAAAAAAAAAAAAAAAAAAAAAAAAAAAAAAAAAAAAAAAAAAAAAAAAAAAAAAAAAAAAAAAAAAAAAAAAAAAAAAAAAAAAAAAAAAAAAAAAAAAAAAAAAAAAAAAAAAAAAAAAAAAAAAAAAAAAAAAAAAAAAAAAAAAAAAAAAAAAAAAAAAAAAAAAAAAAAAAAAAAAAAAAAAAAAAAAAAAAAAAAAAAAAAAAAAAAAAAAAAAAAAAAAAAAAAAAAAAAAAAAAAAAAAAAAAAAAAAAAAAAAAAAAAAAAAAAAAAAAAAAAAAAAAAAAAAAAAAAAAAAAAAAAAAAAAAAAAAAAAAAAAAAAAAAAAAAAAAAAAAAAAAAAAAAAAAAAAAAAAAAAAAAAAAAAAAAAAAAAAAAAAAAAAAAAAAAAAAAAAAAwQEAAAAGAQAAASQAAAAVBgYAAAA2ADEANgABBgAAAAAJBgAAAAAaBgAAAAAbBgAAAAAC2AAAAAW1AAAAAQAAAAAIqwAAAACmAAAAUQAxADIALwAxADMAOgAgAEsAYQBtAG0AZQByAGwAbwBoAHIAIABLAHUAbgBzAHQAIABpAG0AIADcAGIAZQByAGIAbABpAGMAawAgABMgIABTAHQAaQBsAGUAIAATICAASwD8AG4AcwB0AGwAZQByACAAEyAgAFcAZQByAGsAZQAsACAATwBsAGQAZQBuAGIAbwB1AHIAZwAgAFYAZQByAGwAYQBnAAUKAAAAAQAAAAAIAAAAAAUKAAAAAQAAAAAIAAAAAACxAAAAASQAAAAVBgYAAAA2ADEANgABBgAAAAAJBgAAAAAaBgAAAAAbBgAAAAACgwAAAAVgAAAAAQAAAAAIVgAAAAIAAAAAAEwAAABLAHUAbgBzAHQAIABlAG4AdABkAGUAYwBrAGUAbgAgABMgIABPAGIAZQByAHMAdAB1AGYAZQAsACAAQwBvAHIAbgBlAGwAcwBlAG4ABQoAAAABAAAAAAgAAAAABQoAAAABAAAAAAgAAAAACgAAAAAAAAAAEQAAAACbAgAAABIAAAABBgAAAAAJBgAAAAAbBgAAAAABZwAAAAQGDgAAAEMAYQBtAGIAcgBpAGEABQYOAAAAQwBhAG0AYgByAGkAYQAHBh4AAABUAGkAbQBlAHMAIABOAGUAdwAgAFIAbwBtAGEAbgAGBhIAAABNAFMAIABNAGkAbgBjAGgAbwATAQECEwIAAAAOAgAAAQYAAAA2ADEANgACDAAAAE4AbwByAG0AYQBsAAkBAAAAAwgBAAAAAQQGAAAANgAxADYAEgYAAAA2ADEANgAKAQAAAAEF4QAAAAABAAEBAAIBCwMBAAQGDgAAAEMAYQBtAGIAcgBpAGEABQYOAAAAQwBhAG0AYgByAGkAYQAHBh4AAABUAGkAbQBlAHMAIABOAGUAdwAgAFIAbwBtAGEAbgAGBhIAAABNAFMAIABNAGkAbgBjAGgAbwAIBBgAAAAKAQAMAQAmBAAAAAAPAQAQAQARAQAnBAAAAAAUAQAVAQAWBBgAAAAXAQAYAQAZBgoAAABkAGUALQBEAEUAGgYKAAAAYQByAC0AUwBBABsGCgAAAGQAZQAtAEQARQAcBgIAAAAAAB4BAC4BAAbfAAAAAAEAAQYSAAAAJAQAAAAAJQQAAAAAJgQAAAAABQEBBgEABwEACAEACQYbAAAAJwTwAAAACwEBHAEAKAQAAAAAHQEAKQQAAAAADgYIAAAAAAEBAQP\/\/\/8ZAQEbBn0AAAAAFAAAAAADAAAABQQAAAAABgQEAAAAAwEAARQAAAAAAwAAAAUEAAAAAAYEBAAAAAMBAAIUAAAAAAMAAAAFBAAAAAAGBAQAAAADAQADFAAAAAADAAAABQQAAAAABgQEAAAAAwEACxQAAAAAAwAAAAUEAAAAAAYEBAAAAAMBACwBAA==\">Kammerlohr kompakt, Oldenbourg Verlag<\/p>\n<p><strong>Schulaufgaben<\/strong><\/p>\n<p class=\"docData;DOCY;v5;1595;BQiAAgAAEYQCAAAGiAIAAAOOAwAABZwDAAAAAAAAAAAAAAAAAAAAAAAAAAAAAAAAAAAAAAAAAAAAAAAAAAAAAAAAAAAAAAAAAAAAAAAAAAAAAAAAAAAAAAAAAAAAAAAAAAAAAAAAAAAAAAAAAAAAAAAAAAAAAAAAAAAAAAAAAAAAAAAAAAAAAAAAAAAAAAAAAAAAAAAAAAAAAAAAAAAAAAAAAAAAAAAAAAAAAAAAAAAAAAAAAAAAAAAAAAAAAAAAAAAAAAAAAAAAAAAAAAAAAAAAAAAAAAAAAAAAAAAAAAAAAAAAAAAAAAAAAAAAAAAAAAAAAAAAAAAAAAAAAAAAAAAAAAAAAAAAAAAAAAAAAAAAAAAAAAAAAAAAAAAAAAAAAAAAAAAAAAAAAAAAAAAAAAAAAAAAAAAAAAAAAAAAAAAAAAAAAAAAAAAAAAAAAAAAAAAAAAAAAAAAAAAAAAAAAAAAAAAAAAAAAAAAAAAAAAAAAAAAAAAAAAAAAAAAAAAAAAAAAAAAAAAAAAAAAAAAAAAAAAAAAAAAAAAAAAAAAAAAAAAAAAAAAAAAAAAAAAAAAAAAAAAAAAAAAAAAAAAAAAAAAAAAAAAAAAAAAAAAAAAAAAAAAAAAAAAAAAAAAAAAAAAAAAAAAAAAAAAAAAAAAAAAAAAAAAAAAAAAAAAAAAAAAAAAAAAAAAAAAAAAAAAAAAAAAAAAAAAAAAAAAAAAAAAAAAAAAAAAAAAAAAAAAAAAAAAAAAAAAAAAAAAAAAAAAAAAAAAAAAAAAAAAAAAAAAAAAAAAAAAAAAAAAAAAAAAAAAAAAAAAAAAAAAAAAAAAAAAAAAAAAAAAAAAAAAAAAAAAAAAAAAAAAgEAAABsAAAAASQAAAAVBgYAAAA2ADEANgABBgAAAAAJBgAAAAAaBgAAAAAbBgAAAAACPgAAAAUbAAAAAQAAAAAIEQAAAAAMAAAAUQAxADIALwAxADMABQoAAAABAAAAAAgAAAAABQoAAAABAAAAAAgAAAAAAIwAAAABJAAAABUGBgAAADYAMQA2AAEGAAAAAAkGAAAAABoGAAAAABsGAAAAAAJeAAAABTsAAAABAAAAAAgxAAAAACwAAAAxACAASwBsAGEAdQBzAHUAcgAgAHAAcgBvACAAUwBlAG0AZQBzAHQAZQByAAUKAAAAAQAAAAAIAAAAAAUKAAAAAQAAAAAIAAAAAAoAAAAAAAAAABEAAAAAmwIAAAASAAAAAQYAAAAACQYAAAAAGwYAAAAAAWcAAAAEBg4AAABDAGEAbQBiAHIAaQBhAAUGDgAAAEMAYQBtAGIAcgBpAGEABwYeAAAAVABpAG0AZQBzACAATgBlAHcAIABSAG8AbQBhAG4ABgYSAAAATQBTACAATQBpAG4AYwBoAG8AEwEBAhMCAAAADgIAAAEGAAAANgAxADYAAgwAAABOAG8AcgBtAGEAbAAJAQAAAAMIAQAAAAEEBgAAADYAMQA2ABIGAAAANgAxADYACgEAAAABBeEAAAAAAQABAQACAQsDAQAEBg4AAABDAGEAbQBiAHIAaQBhAAUGDgAAAEMAYQBtAGIAcgBpAGEABwYeAAAAVABpAG0AZQBzACAATgBlAHcAIABSAG8AbQBhAG4ABgYSAAAATQBTACAATQBpAG4AYwBoAG8ACAQYAAAACgEADAEAJgQAAAAADwEAEAEAEQEAJwQAAAAAFAEAFQEAFgQYAAAAFwEAGAEAGQYKAAAAZABlAC0ARABFABoGCgAAAGEAcgAtAFMAQQAbBgoAAABkAGUALQBEAEUAHAYCAAAAAAAeAQAuAQAG3wAAAAABAAEGEgAAACQEAAAAACUEAAAAACYEAAAAAAUBAQYBAAcBAAgBAAkGGwAAACcE8AAAAAsBARwBACgEAAAAAB0BACkEAAAAAA4GCAAAAAABAQED\/\/\/\/GQEBGwZ9AAAAABQAAAAAAwAAAAUEAAAAAAYEBAAAAAMBAAEUAAAAAAMAAAAFBAAAAAAGBAQAAAADAQACFAAAAAADAAAABQQAAAAABgQEAAAAAwEAAxQAAAAAAwAAAAUEAAAAAAYEBAAAAAMBAAsUAAAAAAMAAAAFBAAAAAAGBAQAAAADAQAsAQA=\"><em>Q12\/13: <\/em>1 Klausur pro Semester<\/p>\n<\/div><\/section><\/div>\n<div  class='togglecontainer av-mdc1hxog-e4e52255208d755383b652a152290701  avia-builder-el-7  el_after_av_one_half  avia-builder-el-last  toggle_close_all' >\n<section class='av_toggle_section av-mdc1hwzh-bdcdec49492ce11737cc281e2fab2950'  itemscope=\"itemscope\" itemtype=\"https:\/\/schema.org\/CreativeWork\" ><div role=\"tablist\" class=\"single_toggle\" data-tags=\"{Alle} \"  ><p id='toggle-toggle-id-1' data-fake-id='#toggle-id-1' class='toggler  av-title-above '  itemprop=\"headline\"  role='tab' tabindex='0' aria-controls='toggle-id-1' data-slide-speed=\"200\" data-title=\"Leistungsfach Kunst\" data-title-open=\"\" data-aria_collapsed=\"Click to expand: Leistungsfach Kunst\" data-aria_expanded=\"Click to collapse: Leistungsfach Kunst\">Leistungsfach Kunst<span class=\"toggle_icon\"><span class=\"vert_icon\"><\/span><span class=\"hor_icon\"><\/span><\/span><\/p><div id='toggle-id-1' aria-labelledby='toggle-toggle-id-1' role='region' class='toggle_wrap  av-title-above'  ><div class='toggle_content invers-color '  itemprop=\"text\" ><p>Die lange Tradition der Leistungskurse bzw. der Addita Kunst hat sich auf den Weg ins G9 begeben. Mit der Wahl verpflichten sich die Sch\u00fclerinnen und Sch\u00fcler im Fach Kunst eine schriftliche Abiturpr\u00fcfung abzulegen. Mit 4 Schulstunden in der Woche k\u00f6nnen sie in den letzten beiden Schuljahren noch verst\u00e4rkt Neues probieren, die eigene Bildsprache intensiviert weiterentwickeln und vertieft kunstgeschichtliches Grundwissen erwerben.<\/p>\n<\/div><\/div><\/div><\/section>\n<section class='av_toggle_section av-mdc1h1pg-c80b6fd5ccd25ed7b20bfc441095c4c7'  itemscope=\"itemscope\" itemtype=\"https:\/\/schema.org\/CreativeWork\" ><div role=\"tablist\" class=\"single_toggle\" data-tags=\"{Alle} \"  ><p id='toggle-toggle-id-2' data-fake-id='#toggle-id-2' class='toggler  av-title-above '  itemprop=\"headline\"  role='tab' tabindex='0' aria-controls='toggle-id-2' data-slide-speed=\"200\" data-title=\"Blicke in Skizzenb\u00fccher des Additums\/Leistungsfachs Kunst und Projektbeispiele\" data-title-open=\"\" data-aria_collapsed=\"Click to expand: Blicke in Skizzenb\u00fccher des Additums\/Leistungsfachs Kunst und Projektbeispiele\" data-aria_expanded=\"Click to collapse: Blicke in Skizzenb\u00fccher des Additums\/Leistungsfachs Kunst und Projektbeispiele\">Blicke in Skizzenb\u00fccher des Additums\/Leistungsfachs Kunst und Projektbeispiele<span class=\"toggle_icon\"><span class=\"vert_icon\"><\/span><span class=\"hor_icon\"><\/span><\/span><\/p><div id='toggle-id-2' aria-labelledby='toggle-toggle-id-2' role='region' class='toggle_wrap  av-title-above'  ><div class='toggle_content invers-color '  itemprop=\"text\" ><\/div><\/div><\/div><\/section>\n<section class='av_toggle_section av-mdepw1dn-b513b72843bc58c6f1efd4ee99903801'  itemscope=\"itemscope\" itemtype=\"https:\/\/schema.org\/CreativeWork\" ><div role=\"tablist\" class=\"single_toggle\" data-tags=\"{Alle} \"  ><p id='toggle-toggle-id-3' data-fake-id='#toggle-id-3' class='toggler  av-title-above '  itemprop=\"headline\"  role='tab' tabindex='0' aria-controls='toggle-id-3' data-slide-speed=\"200\" data-title=\"Beispiele aus dem Unterricht\" data-title-open=\"\" data-aria_collapsed=\"Click to expand: Beispiele aus dem Unterricht\" data-aria_expanded=\"Click to collapse: Beispiele aus dem Unterricht\">Beispiele aus dem Unterricht<span class=\"toggle_icon\"><span class=\"vert_icon\"><\/span><span class=\"hor_icon\"><\/span><\/span><\/p><div id='toggle-id-3' aria-labelledby='toggle-toggle-id-3' role='region' class='toggle_wrap  av-title-above'  ><div class='toggle_content invers-color '  itemprop=\"text\" ><\/div><\/div><\/div><\/section>\n<section class='av_toggle_section av-mdepwfkj-b06227ebf45afe97199242fdeb0cd8be'  itemscope=\"itemscope\" itemtype=\"https:\/\/schema.org\/CreativeWork\" ><div role=\"tablist\" class=\"single_toggle\" data-tags=\"{Alle} \"  ><p id='toggle-toggle-id-4' data-fake-id='#toggle-id-4' class='toggler  av-title-above '  itemprop=\"headline\"  role='tab' tabindex='0' aria-controls='toggle-id-4' data-slide-speed=\"200\" data-title=\"Ausstellungen\" data-title-open=\"\" data-aria_collapsed=\"Click to expand: Ausstellungen\" data-aria_expanded=\"Click to collapse: Ausstellungen\">Ausstellungen<span class=\"toggle_icon\"><span class=\"vert_icon\"><\/span><span class=\"hor_icon\"><\/span><\/span><\/p><div id='toggle-id-4' aria-labelledby='toggle-toggle-id-4' role='region' class='toggle_wrap  av-title-above'  ><div class='toggle_content invers-color '  itemprop=\"text\" ><p>Eine Auswahl an Plakaten zu Ausstellungen und Projekten au\u00dferhalb und innerhalb der Schule.<\/p>\n<p><img loading=\"lazy\" decoding=\"async\" class=\"alignnone wp-image-2214 \" src=\"https:\/\/www.gym-toelz.de\/wp-content\/uploads\/2025\/08\/P-Seminar-Veranstaltungsplakat-Layout-Mert-Celik-Q12.png\" alt=\"\" width=\"214\" height=\"285\" srcset=\"https:\/\/www.gym-toelz.de\/wp-content\/uploads\/2025\/08\/P-Seminar-Veranstaltungsplakat-Layout-Mert-Celik-Q12.png 1512w, https:\/\/www.gym-toelz.de\/wp-content\/uploads\/2025\/08\/P-Seminar-Veranstaltungsplakat-Layout-Mert-Celik-Q12-225x300.png 225w, https:\/\/www.gym-toelz.de\/wp-content\/uploads\/2025\/08\/P-Seminar-Veranstaltungsplakat-Layout-Mert-Celik-Q12-773x1030.png 773w, https:\/\/www.gym-toelz.de\/wp-content\/uploads\/2025\/08\/P-Seminar-Veranstaltungsplakat-Layout-Mert-Celik-Q12-768x1024.png 768w, https:\/\/www.gym-toelz.de\/wp-content\/uploads\/2025\/08\/P-Seminar-Veranstaltungsplakat-Layout-Mert-Celik-Q12-1152x1536.png 1152w, https:\/\/www.gym-toelz.de\/wp-content\/uploads\/2025\/08\/P-Seminar-Veranstaltungsplakat-Layout-Mert-Celik-Q12-1125x1500.png 1125w, https:\/\/www.gym-toelz.de\/wp-content\/uploads\/2025\/08\/P-Seminar-Veranstaltungsplakat-Layout-Mert-Celik-Q12-529x705.png 529w\" sizes=\"auto, (max-width: 214px) 100vw, 214px\" \/> <img loading=\"lazy\" decoding=\"async\" class=\"alignnone wp-image-2213 \" src=\"https:\/\/www.gym-toelz.de\/wp-content\/uploads\/2025\/08\/PlakatAllesKunst-Malene-Pastor-Additum-Q121.jpg\" alt=\"\" width=\"197\" height=\"285\" srcset=\"https:\/\/www.gym-toelz.de\/wp-content\/uploads\/2025\/08\/PlakatAllesKunst-Malene-Pastor-Additum-Q121.jpg 1594w, https:\/\/www.gym-toelz.de\/wp-content\/uploads\/2025\/08\/PlakatAllesKunst-Malene-Pastor-Additum-Q121-207x300.jpg 207w, https:\/\/www.gym-toelz.de\/wp-content\/uploads\/2025\/08\/PlakatAllesKunst-Malene-Pastor-Additum-Q121-712x1030.jpg 712w, https:\/\/www.gym-toelz.de\/wp-content\/uploads\/2025\/08\/PlakatAllesKunst-Malene-Pastor-Additum-Q121-768x1111.jpg 768w, https:\/\/www.gym-toelz.de\/wp-content\/uploads\/2025\/08\/PlakatAllesKunst-Malene-Pastor-Additum-Q121-1062x1536.jpg 1062w, https:\/\/www.gym-toelz.de\/wp-content\/uploads\/2025\/08\/PlakatAllesKunst-Malene-Pastor-Additum-Q121-1416x2048.jpg 1416w, https:\/\/www.gym-toelz.de\/wp-content\/uploads\/2025\/08\/PlakatAllesKunst-Malene-Pastor-Additum-Q121-1037x1500.jpg 1037w, https:\/\/www.gym-toelz.de\/wp-content\/uploads\/2025\/08\/PlakatAllesKunst-Malene-Pastor-Additum-Q121-487x705.jpg 487w\" sizes=\"auto, (max-width: 197px) 100vw, 197px\" \/> <img loading=\"lazy\" decoding=\"async\" class=\"alignnone wp-image-2212 \" src=\"https:\/\/www.gym-toelz.de\/wp-content\/uploads\/2025\/08\/plakat201111-scaled.jpg\" alt=\"\" width=\"191\" height=\"283\" srcset=\"https:\/\/www.gym-toelz.de\/wp-content\/uploads\/2025\/08\/plakat201111-scaled.jpg 1726w, https:\/\/www.gym-toelz.de\/wp-content\/uploads\/2025\/08\/plakat201111-202x300.jpg 202w, https:\/\/www.gym-toelz.de\/wp-content\/uploads\/2025\/08\/plakat201111-694x1030.jpg 694w, https:\/\/www.gym-toelz.de\/wp-content\/uploads\/2025\/08\/plakat201111-768x1139.jpg 768w, https:\/\/www.gym-toelz.de\/wp-content\/uploads\/2025\/08\/plakat201111-1035x1536.jpg 1035w, https:\/\/www.gym-toelz.de\/wp-content\/uploads\/2025\/08\/plakat201111-1381x2048.jpg 1381w, https:\/\/www.gym-toelz.de\/wp-content\/uploads\/2025\/08\/plakat201111-1011x1500.jpg 1011w, https:\/\/www.gym-toelz.de\/wp-content\/uploads\/2025\/08\/plakat201111-475x705.jpg 475w\" sizes=\"auto, (max-width: 191px) 100vw, 191px\" \/> <img loading=\"lazy\" decoding=\"async\" class=\"alignnone wp-image-2210 \" src=\"https:\/\/www.gym-toelz.de\/wp-content\/uploads\/2025\/08\/Kunstschmiede-Plakat-Sabrina-Machka-Q12-scaled.jpg\" alt=\"\" width=\"201\" height=\"285\" srcset=\"https:\/\/www.gym-toelz.de\/wp-content\/uploads\/2025\/08\/Kunstschmiede-Plakat-Sabrina-Machka-Q12-scaled.jpg 1810w, https:\/\/www.gym-toelz.de\/wp-content\/uploads\/2025\/08\/Kunstschmiede-Plakat-Sabrina-Machka-Q12-212x300.jpg 212w, https:\/\/www.gym-toelz.de\/wp-content\/uploads\/2025\/08\/Kunstschmiede-Plakat-Sabrina-Machka-Q12-728x1030.jpg 728w, https:\/\/www.gym-toelz.de\/wp-content\/uploads\/2025\/08\/Kunstschmiede-Plakat-Sabrina-Machka-Q12-768x1086.jpg 768w, https:\/\/www.gym-toelz.de\/wp-content\/uploads\/2025\/08\/Kunstschmiede-Plakat-Sabrina-Machka-Q12-1086x1536.jpg 1086w, https:\/\/www.gym-toelz.de\/wp-content\/uploads\/2025\/08\/Kunstschmiede-Plakat-Sabrina-Machka-Q12-1448x2048.jpg 1448w, https:\/\/www.gym-toelz.de\/wp-content\/uploads\/2025\/08\/Kunstschmiede-Plakat-Sabrina-Machka-Q12-1060x1500.jpg 1060w, https:\/\/www.gym-toelz.de\/wp-content\/uploads\/2025\/08\/Kunstschmiede-Plakat-Sabrina-Machka-Q12-498x705.jpg 498w\" sizes=\"auto, (max-width: 201px) 100vw, 201px\" \/><\/p>\n<\/div><\/div><\/div><\/section>\n<section class='av_toggle_section av-mdn9jb4t-d5f50d398d4a5dd48ac2912253a2bf15'  itemscope=\"itemscope\" itemtype=\"https:\/\/schema.org\/CreativeWork\" ><div role=\"tablist\" class=\"single_toggle\" data-tags=\"{Alle} \"  ><p id='toggle-toggle-id-5' data-fake-id='#toggle-id-5' class='toggler  av-title-above '  itemprop=\"headline\"  role='tab' tabindex='0' aria-controls='toggle-id-5' data-slide-speed=\"200\" data-title=\"Wettbewerbe\" data-title-open=\"\" data-aria_collapsed=\"Click to expand: Wettbewerbe\" data-aria_expanded=\"Click to collapse: Wettbewerbe\">Wettbewerbe<span class=\"toggle_icon\"><span class=\"vert_icon\"><\/span><span class=\"hor_icon\"><\/span><\/span><\/p><div id='toggle-id-5' aria-labelledby='toggle-toggle-id-5' role='region' class='toggle_wrap  av-title-above'  ><div class='toggle_content invers-color '  itemprop=\"text\" ><ul>\n<li class=\"docData;DOCY;v5;1633;BQiAAgAAEYQCAAAGiAIAAAOUAwAABaIDAAAAAAAAAAAAAAAAAAAAAAAAAAAAAAAAAAAAAAAAAAAAAAAAAAAAAAAAAAAAAAAAAAAAAAAAAAAAAAAAAAAAAAAAAAAAAAAAAAAAAAAAAAAAAAAAAAAAAAAAAAAAAAAAAAAAAAAAAAAAAAAAAAAAAAAAAAAAAAAAAAAAAAAAAAAAAAAAAAAAAAAAAAAAAAAAAAAAAAAAAAAAAAAAAAAAAAAAAAAAAAAAAAAAAAAAAAAAAAAAAAAAAAAAAAAAAAAAAAAAAAAAAAAAAAAAAAAAAAAAAAAAAAAAAAAAAAAAAAAAAAAAAAAAAAAAAAAAAAAAAAAAAAAAAAAAAAAAAAAAAAAAAAAAAAAAAAAAAAAAAAAAAAAAAAAAAAAAAAAAAAAAAAAAAAAAAAAAAAAAAAAAAAAAAAAAAAAAAAAAAAAAAAAAAAAAAAAAAAAAAAAAAAAAAAAAAAAAAAAAAAAAAAAAAAAAAAAAAAAAAAAAAAAAAAAAAAAAAAAAAAAAAAAAAAAAAAAAAAAAAAAAAAAAAAAAAAAAAAAAAAAAAAAAAAAAAAAAAAAAAAAAAAAAAAAAAAAAAAAAAAAAAAAAAAAAAAAAAAAAAAAAAAAAAAAAAAAAAAAAAAAAAAAAAAAAAAAAAAAAAAAAAAAAAAAAAAAAAAAAAAAAAAAAAAAAAAAAAAAAAAAAAAAAAAAAAAAAAAAAAAAAAAAAAAAAAAAAAAAAAAAAAAAAAAAAAAAAAAAAAAAAAAAAAAAAAAAAAAAAAAAAAAAAAAAAAAAAAAAAAAAAAAAAAAAAAAAAAAAAAAAAAAAAAAAAAAAAAAAAAAAAAAAAAAAACAEAAACIAAAAASQAAAAVBgYAAAA2ADEANgABBgAAAAAJBgAAAAAaBgAAAAAbBgAAAAACWgAAAAU3AAAAAQAAAAAILQAAAAAoAAAAUgBhAGkAZgBmAGUAaQBzAGUAbgB3AGUAdAB0AGIAZQB3AGUAcgBiAAUKAAAAAQAAAAAIAAAAAAUKAAAAAQAAAAAIAAAAAAB2AAAAASQAAAAVBgYAAAA2ADEANgABBgAAAAAJBgAAAAAaBgAAAAAbBgAAAAACSAAAAAUlAAAAAQAAAAAIGwAAAAAWAAAAYwByAG8AcwBzAC0AbQBlAGQAaQBhAAUKAAAAAQAAAAAIAAAAAAUKAAAAAQAAAAAIAAAAAAoAAAAAAAAAABEAAAAAuwIAAAASAAAAAQYAAAAACQYAAAAAGwYAAAAAAY8AAAAEBg4AAABDAGEAbQBiAHIAaQBhAAUGDgAAAEMAYQBtAGIAcgBpAGEABwYeAAAAVABpAG0AZQBzACAATgBlAHcAIABSAG8AbQBhAG4ABgYKAAAALf8z\/yAADmYdZxMBARkGCgAAAGQAZQAtAEQARQAaBgoAAABhAHIALQBTAEEAGwYKAAAAegBoAC0AQwBOAAILAgAAAAYCAAABBgAAADYAMQA2AAIMAAAATgBvAHIAbQBhAGwACQEAAAADCAEAAAABBAYAAAA2ADEANgASBgAAADYAMQA2AAoBAAAAAQXZAAAAAAEAAQEAAgELAwEABAYOAAAAQwBhAG0AYgByAGkAYQAFBg4AAABDAGEAbQBiAHIAaQBhAAcGHgAAAFQAaQBtAGUAcwAgAE4AZQB3ACAAUgBvAG0AYQBuAAYGCgAAAC3\/M\/8gAA5mHWcIBBgAAAAKAQAMAQAmBAAAAAAPAQAQAQARAQAnBAAAAAAUAQAVAQAWBBgAAAAXAQAYAQAZBgoAAABkAGUALQBEAEUAGgYKAAAAYQByAC0AUwBBABsGCgAAAGQAZQAtAEQARQAcBgIAAAAAAB4BAC4BAAbfAAAAAAEAAQYSAAAAJAQAAAAAJQQAAAAAJgQAAAAABQEBBgEABwEACAEACQYbAAAAJwTwAAAACwEBHAEAKAQAAAAAHQEAKQQAAAAADgYIAAAAAAEBAQP\/\/\/8ZAQEbBn0AAAAAFAAAAAADAAAABQQAAAAABgQEAAAAAwEAARQAAAAAAwAAAAUEAAAAAAYEBAAAAAMBAAIUAAAAAAMAAAAFBAAAAAAGBAQAAAADAQADFAAAAAADAAAABQQAAAAABgQEAAAAAwEACxQAAAAAAwAAAAUEAAAAAAYEBAAAAAMBACwBAA==\">Raiffeisenwettbewerb<\/li>\n<li>cross-media<\/li>\n<\/ul>\n<\/div><\/div><\/div><\/section>\n<\/div>\n","protected":false},"excerpt":{"rendered":"","protected":false},"author":3,"featured_media":0,"parent":240,"menu_order":14,"comment_status":"closed","ping_status":"closed","template":"","meta":{"footnotes":""},"class_list":["post-1669","page","type-page","status-publish","hentry"],"_links":{"self":[{"href":"https:\/\/www.gym-toelz.de\/index.php\/wp-json\/wp\/v2\/pages\/1669","targetHints":{"allow":["GET"]}}],"collection":[{"href":"https:\/\/www.gym-toelz.de\/index.php\/wp-json\/wp\/v2\/pages"}],"about":[{"href":"https:\/\/www.gym-toelz.de\/index.php\/wp-json\/wp\/v2\/types\/page"}],"author":[{"embeddable":true,"href":"https:\/\/www.gym-toelz.de\/index.php\/wp-json\/wp\/v2\/users\/3"}],"replies":[{"embeddable":true,"href":"https:\/\/www.gym-toelz.de\/index.php\/wp-json\/wp\/v2\/comments?post=1669"}],"version-history":[{"count":6,"href":"https:\/\/www.gym-toelz.de\/index.php\/wp-json\/wp\/v2\/pages\/1669\/revisions"}],"predecessor-version":[{"id":2927,"href":"https:\/\/www.gym-toelz.de\/index.php\/wp-json\/wp\/v2\/pages\/1669\/revisions\/2927"}],"up":[{"embeddable":true,"href":"https:\/\/www.gym-toelz.de\/index.php\/wp-json\/wp\/v2\/pages\/240"}],"wp:attachment":[{"href":"https:\/\/www.gym-toelz.de\/index.php\/wp-json\/wp\/v2\/media?parent=1669"}],"curies":[{"name":"wp","href":"https:\/\/api.w.org\/{rel}","templated":true}]}}