{"id":1662,"date":"2025-07-22T15:47:46","date_gmt":"2025-07-22T15:47:46","guid":{"rendered":"https:\/\/www.gym-toelz.de\/?page_id=1662"},"modified":"2026-03-14T09:15:49","modified_gmt":"2026-03-14T08:15:49","slug":"wirtschaftundrecht","status":"publish","type":"page","link":"https:\/\/www.gym-toelz.de\/index.php\/unterricht\/faecher\/wirtschaftundrecht\/","title":{"rendered":"Wirtschaft und Recht"},"content":{"rendered":"<div  class='avia-button-wrap av-mdeokxx2-ba348ff40bcf67ab637d5c571ba8d309-wrap avia-button-right  avia-builder-el-0  el_before_av_textblock  avia-builder-el-first '><a href='https:\/\/www.gym-toelz.de\/index.php\/unterricht\/faecher\/'  class='avia-button av-mdeokxx2-ba348ff40bcf67ab637d5c571ba8d309 av-link-btn avia-icon_select-no avia-size-medium avia-position-right avia-color-theme-color'   aria-label=\"Zur\u00fcck zu allen F\u00e4chern\"><span class='avia_iconbox_title' >Zur\u00fcck zu allen F\u00e4chern<\/span><\/a><\/div>\n<section  class='av_textblock_section av-mdc1a1w6-06b94ad16ecbe6ecafcf709e106978eb '   itemscope=\"itemscope\" itemtype=\"https:\/\/schema.org\/CreativeWork\" ><div class='avia_textblock'  itemprop=\"text\" ><p><b>Wirtschaft und Recht<\/b><\/p>\n<\/div><\/section>\n<div  data-slideshow-options=\"{&quot;animation&quot;:&quot;fade&quot;,&quot;autoplay&quot;:false,&quot;loop_autoplay&quot;:&quot;once&quot;,&quot;interval&quot;:&quot;5&quot;,&quot;loop_manual&quot;:&quot;manual-endless&quot;,&quot;autoplay_stopper&quot;:false,&quot;noNavigation&quot;:false,&quot;show_slide_delay&quot;:90}\" class='avia-content-slider avia-content-slider-active avia-content-slider1 avia-content-slider-odd  avia-builder-el-2  el_after_av_textblock  el_before_av_one_half  av-slideshow-ui av-control-default   av-no-slider-navigation av-slideshow-manual av-loop-once av-loop-manual-endless '  itemscope=\"itemscope\" itemtype=\"https:\/\/schema.org\/Blog\" ><div class=\"avia-content-slider-inner\"><div class=\"slide-entry-wrap\"><article class='slide-entry flex_column  post-entry post-entry-3990 slide-entry-overview slide-loop-1 slide-parity-odd  av_one_third first real-thumbnail posttype-post post-format-standard'  itemscope=\"itemscope\" itemtype=\"https:\/\/schema.org\/CreativeWork\" ><a href='https:\/\/www.gym-toelz.de\/index.php\/2026\/03\/16\/planspiel-boerse-2026\/' data-rel='slide-1' class='slide-image' title='Planspiel B\u00f6rse 2026'><img decoding=\"async\" fetchpriority=\"high\" width=\"495\" height=\"400\" src=\"https:\/\/www.gym-toelz.de\/wp-content\/uploads\/2026\/03\/2026_03_11-Siegerehrung-Planspiel-Boerse-Jailhouse-1041-495x400.jpg\" class=\"wp-image-3991 avia-img-lazy-loading-not-3991 attachment-portfolio size-portfolio wp-post-image\" alt=\"\" srcset=\"https:\/\/www.gym-toelz.de\/wp-content\/uploads\/2026\/03\/2026_03_11-Siegerehrung-Planspiel-Boerse-Jailhouse-1041-495x400.jpg 495w, https:\/\/www.gym-toelz.de\/wp-content\/uploads\/2026\/03\/2026_03_11-Siegerehrung-Planspiel-Boerse-Jailhouse-1041-845x684.jpg 845w\" sizes=\"(max-width: 495px) 100vw, 495px\" \/><\/a><div class=\"slide-content\"><header class=\"entry-content-header\" aria-label=\"Slide: Planspiel B\u00f6rse 2026\"><h3 class='slide-entry-title entry-title '  itemprop=\"headline\" ><a href='https:\/\/www.gym-toelz.de\/index.php\/2026\/03\/16\/planspiel-boerse-2026\/' title='Planspiel B\u00f6rse 2026'>Planspiel B\u00f6rse 2026<\/a><\/h3><span class=\"av-vertical-delimiter\"><\/span><\/header><div class=\"slide-meta\"><time class='slide-meta-time updated'  itemprop=\"datePublished\" datetime=\"2026-03-16T10:28:37+01:00\" >Montag, M\u00e4rz 16, 2026<\/time><\/div><div class='slide-entry-excerpt entry-content'  itemprop=\"text\" >Rekord im Planspiel B\u00f6rse: 130.000 junge Menschen dabei\r\nMit\u2026<\/div><\/div><footer class=\"entry-footer\"><\/footer><span class='hidden'>\n\t\t\t\t<span class='av-structured-data'  itemprop=\"image\" itemscope=\"itemscope\" itemtype=\"https:\/\/schema.org\/ImageObject\" >\n\t\t\t\t\t\t<span itemprop='url'>https:\/\/www.gym-toelz.de\/wp-content\/uploads\/2026\/03\/2026_03_11-Siegerehrung-Planspiel-Boerse-Jailhouse-1041-scaled.jpg<\/span>\n\t\t\t\t\t\t<span itemprop='height'>1703<\/span>\n\t\t\t\t\t\t<span itemprop='width'>2560<\/span>\n\t\t\t\t<\/span>\n\t\t\t\t<span class='av-structured-data'  itemprop=\"publisher\" itemtype=\"https:\/\/schema.org\/Organization\" itemscope=\"itemscope\" >\n\t\t\t\t\t\t<span itemprop='name'>Hanno Froehlich<\/span>\n\t\t\t\t\t\t<span itemprop='logo' itemscope itemtype='https:\/\/schema.org\/ImageObject'>\n\t\t\t\t\t\t\t<span itemprop='url'>https:\/\/www.gym-toelz.de\/wp-content\/uploads\/2025\/06\/schriftzug-Kopf-weissGVS_Logo-klein-300x114.png<\/span>\n\t\t\t\t\t\t<\/span>\n\t\t\t\t<\/span><span class='av-structured-data'  itemprop=\"author\" itemscope=\"itemscope\" itemtype=\"https:\/\/schema.org\/Person\" ><span itemprop='name'>Hanno Froehlich<\/span><\/span><span class='av-structured-data'  itemprop=\"datePublished\" datetime=\"2025-07-22T15:47:46+02:00\" >2026-03-16 10:28:37<\/span><span class='av-structured-data'  itemprop=\"dateModified\" itemtype=\"https:\/\/schema.org\/dateModified\" >2026-03-16 16:53:43<\/span><span class='av-structured-data'  itemprop=\"mainEntityOfPage\" itemtype=\"https:\/\/schema.org\/mainEntityOfPage\" ><span itemprop='name'>Planspiel B\u00f6rse 2026<\/span><\/span><\/span><\/article><article class='slide-entry flex_column  post-entry post-entry-2911 slide-entry-overview slide-loop-2 slide-parity-even  post-entry-last  av_one_third  real-thumbnail posttype-post post-format-standard'  itemscope=\"itemscope\" itemtype=\"https:\/\/schema.org\/CreativeWork\" ><a href='https:\/\/www.gym-toelz.de\/index.php\/2025\/11\/06\/einblick-in-die-justiz-besuch-im-muenchner-amtsgericht\/' data-rel='slide-1' class='slide-image' title='Einblick in die Justiz \u2013 Besuch im M\u00fcnchner Amtsgericht'><img decoding=\"async\" fetchpriority=\"high\" width=\"495\" height=\"400\" src=\"https:\/\/www.gym-toelz.de\/wp-content\/uploads\/2025\/11\/q13-amtsgericht25-495x400.png\" class=\"wp-image-2910 avia-img-lazy-loading-not-2910 attachment-portfolio size-portfolio wp-post-image\" alt=\"\" srcset=\"https:\/\/www.gym-toelz.de\/wp-content\/uploads\/2025\/11\/q13-amtsgericht25-495x400.png 495w, https:\/\/www.gym-toelz.de\/wp-content\/uploads\/2025\/11\/q13-amtsgericht25-845x684.png 845w\" sizes=\"(max-width: 495px) 100vw, 495px\" \/><\/a><div class=\"slide-content\"><header class=\"entry-content-header\" aria-label=\"Slide: Einblick in die Justiz \u2013 Besuch im M\u00fcnchner Amtsgericht\"><h3 class='slide-entry-title entry-title '  itemprop=\"headline\" ><a href='https:\/\/www.gym-toelz.de\/index.php\/2025\/11\/06\/einblick-in-die-justiz-besuch-im-muenchner-amtsgericht\/' title='Einblick in die Justiz \u2013 Besuch im M\u00fcnchner Amtsgericht'>Einblick in die Justiz \u2013 Besuch im M\u00fcnchner Amtsgericht<\/a><\/h3><span class=\"av-vertical-delimiter\"><\/span><\/header><div class=\"slide-meta\"><time class='slide-meta-time updated'  itemprop=\"datePublished\" datetime=\"2025-11-06T07:14:28+01:00\" >Donnerstag, November 6, 2025<\/time><\/div><div class='slide-entry-excerpt entry-content'  itemprop=\"text\" >Mitte Oktober hatten vier elfte Klassen sowie einige interessierte\u2026<\/div><\/div><footer class=\"entry-footer\"><\/footer><span class='hidden'>\n\t\t\t\t<span class='av-structured-data'  itemprop=\"image\" itemscope=\"itemscope\" itemtype=\"https:\/\/schema.org\/ImageObject\" >\n\t\t\t\t\t\t<span itemprop='url'>https:\/\/www.gym-toelz.de\/wp-content\/uploads\/2025\/11\/q13-amtsgericht25.png<\/span>\n\t\t\t\t\t\t<span itemprop='height'>888<\/span>\n\t\t\t\t\t\t<span itemprop='width'>1268<\/span>\n\t\t\t\t<\/span>\n\t\t\t\t<span class='av-structured-data'  itemprop=\"publisher\" itemtype=\"https:\/\/schema.org\/Organization\" itemscope=\"itemscope\" >\n\t\t\t\t\t\t<span itemprop='name'>Hanno Froehlich<\/span>\n\t\t\t\t\t\t<span itemprop='logo' itemscope itemtype='https:\/\/schema.org\/ImageObject'>\n\t\t\t\t\t\t\t<span itemprop='url'>https:\/\/www.gym-toelz.de\/wp-content\/uploads\/2025\/06\/schriftzug-Kopf-weissGVS_Logo-klein-300x114.png<\/span>\n\t\t\t\t\t\t<\/span>\n\t\t\t\t<\/span><span class='av-structured-data'  itemprop=\"author\" itemscope=\"itemscope\" itemtype=\"https:\/\/schema.org\/Person\" ><span itemprop='name'>Hanno Froehlich<\/span><\/span><span class='av-structured-data'  itemprop=\"datePublished\" datetime=\"2025-07-22T15:47:46+02:00\" >2025-11-06 07:14:28<\/span><span class='av-structured-data'  itemprop=\"dateModified\" itemtype=\"https:\/\/schema.org\/dateModified\" >2025-11-16 16:49:45<\/span><span class='av-structured-data'  itemprop=\"mainEntityOfPage\" itemtype=\"https:\/\/schema.org\/mainEntityOfPage\" ><span itemprop='name'>Einblick in die Justiz \u2013 Besuch im M\u00fcnchner Amtsgericht<\/span><\/span><\/span><\/article><\/div><\/div><\/div>\n<div  class='flex_column av-6le75b-c4b17d0cbcf06224bbc64f75fdb5880f av_one_half  avia-builder-el-3  el_after_av_postslider  el_before_av_one_half  first flex_column_div  '     ><section  class='av_textblock_section av-md5m8b02-d8d25be6372ae020d38928aa06f80d47 '   itemscope=\"itemscope\" itemtype=\"https:\/\/schema.org\/CreativeWork\" ><div class='avia_textblock'  itemprop=\"text\" ><p><strong>Das Fach<\/strong><\/p>\n<p>Das Fach Wirtschaft und Recht vermittelt grundlegende Kenntnisse \u00fcber wirtschaftliche Zusammenh\u00e4nge und rechtliche Strukturen. Die Sch\u00fcler*innen lernen, wirtschaftliche Entscheidungen zu verstehen, unternehmerisches Denken zu entwickeln und ihre Rolle als Konsumenten und Staatsb\u00fcrger bewusst wahrzunehmen. Ziel ist es, \u00f6konomische und rechtliche Kompetenzen zu f\u00f6rdern, um aktuelle gesellschaftliche Herausforderungen reflektiert und verantwortungsbewusst beurteilen zu k\u00f6nnen.<\/p>\n<\/div><\/section><\/div>\n<div  class='flex_column av-4l46b3-a0225c42bbaf70a50f43e4a0a1be8a36 av_one_half  avia-builder-el-5  el_after_av_one_half  el_before_av_toggle_container  flex_column_div  '     ><section  class='av_textblock_section av-md5m9yeg-a9d28fd7cdae222de796d850bdc4be30 '   itemscope=\"itemscope\" itemtype=\"https:\/\/schema.org\/CreativeWork\" ><div class='avia_textblock'  itemprop=\"text\" ><p><strong>Fachschaftsleitung<\/strong><\/p>\n<p>Barbara Reiser<\/p>\n<p><strong>Lehrwerke<\/strong><\/p>\n<p>Startup Buchnerverlag<\/p>\n<p><strong>Schulaufgaben<\/strong><\/p>\n<p>Q12\/ 13 eine Klausur pro Semester<\/p>\n<\/div><\/section><\/div>\n<div  class='togglecontainer av-mdc1hxog-e4e52255208d755383b652a152290701  avia-builder-el-7  el_after_av_one_half  avia-builder-el-last  toggle_close_all' >\n<section class='av_toggle_section av-mdc1hwzh-a42e90d5fa09157d05ace544f373c062'  itemscope=\"itemscope\" itemtype=\"https:\/\/schema.org\/CreativeWork\" ><div role=\"tablist\" class=\"single_toggle\" data-tags=\"{Alle} \"  ><p id='toggle-toggle-id-1' data-fake-id='#toggle-id-1' class='toggler  av-title-above '  itemprop=\"headline\"  role='tab' tabindex='0' aria-controls='toggle-id-1' data-slide-speed=\"200\" data-title=\"Sonstiges\" data-title-open=\"\" data-aria_collapsed=\"Click to expand: Sonstiges\" data-aria_expanded=\"Click to collapse: Sonstiges\">Sonstiges<span class=\"toggle_icon\"><span class=\"vert_icon\"><\/span><span class=\"hor_icon\"><\/span><\/span><\/p><div id='toggle-id-1' aria-labelledby='toggle-toggle-id-1' role='region' class='toggle_wrap  av-title-above'  ><div class='toggle_content invers-color '  itemprop=\"text\" ><p>Jahrgangsstufe 9: Praktikum, Besuch einer Handwerksmesse<br \/>\nJahrgangsstufe 10: Planspiel B\u00f6rse; Jugend gr\u00fcndet<br \/>\nJahrgangsstufe 11: Besuch Amtsgericht<\/p>\n<\/div><\/div><\/div><\/section>\n<section class='av_toggle_section av-mmq1wmyl-65888134a3ee6294b235a0846a79320f'  itemscope=\"itemscope\" itemtype=\"https:\/\/schema.org\/CreativeWork\" ><div role=\"tablist\" class=\"single_toggle\" data-tags=\"{Alle} \"  ><p id='toggle-toggle-id-2' data-fake-id='#toggle-id-2' class='toggler  av-title-above '  itemprop=\"headline\"  role='tab' tabindex='0' aria-controls='toggle-id-2' data-slide-speed=\"200\" data-title=\"Planspiel B\u00f6rse\" data-title-open=\"\" data-aria_collapsed=\"Click to expand: Planspiel B\u00f6rse\" data-aria_expanded=\"Click to collapse: Planspiel B\u00f6rse\">Planspiel B\u00f6rse<span class=\"toggle_icon\"><span class=\"vert_icon\"><\/span><span class=\"hor_icon\"><\/span><\/span><\/p><div id='toggle-id-2' aria-labelledby='toggle-toggle-id-2' role='region' class='toggle_wrap  av-title-above'  ><div class='toggle_content invers-color '  itemprop=\"text\" ><p>Planspiel B\u00f6rse 2025<\/p>\n<p><a class=\"alignnone\" href=\"https:\/\/www.gym-toelz.de\/wp-content\/uploads\/2026\/03\/PlanspielBoerse25_Praesentation_Siegerehrung_Sparkasse.pdf\" target=\"_blank\" rel=\"noopener\">Siegerehrung Pr\u00e4sentation (PDF) <img loading=\"lazy\" decoding=\"async\" class=\"alignnone wp-image-1873\" src=\"https:\/\/www.gym-toelz.de\/wp-content\/uploads\/2025\/07\/icons8-new-tab-48.png\" sizes=\"auto, (max-width: 18px) 100vw, 18px\" srcset=\"https:\/\/www.gym-toelz.de\/wp-content\/uploads\/2025\/07\/icons8-new-tab-48.png 48w, https:\/\/www.gym-toelz.de\/wp-content\/uploads\/2025\/07\/icons8-new-tab-48-36x36.png 36w\" alt=\"\" width=\"18\" height=\"18\" \/><\/a><\/p>\n<p><a class=\"alignnone\" href=\"https:\/\/www.gym-toelz.de\/wp-content\/uploads\/2026\/03\/PlanspielBoerse2025_ZahlenFaktenSiegerInnen_Spielende.pdf\" target=\"_blank\" rel=\"noopener\">Pressemitteilung &#8211; Zahlen &#8211; Fakten (PDF) <img loading=\"lazy\" decoding=\"async\" class=\"alignnone wp-image-1873\" src=\"https:\/\/www.gym-toelz.de\/wp-content\/uploads\/2025\/07\/icons8-new-tab-48.png\" sizes=\"auto, (max-width: 18px) 100vw, 18px\" srcset=\"https:\/\/www.gym-toelz.de\/wp-content\/uploads\/2025\/07\/icons8-new-tab-48.png 48w, https:\/\/www.gym-toelz.de\/wp-content\/uploads\/2025\/07\/icons8-new-tab-48-36x36.png 36w\" alt=\"\" width=\"18\" height=\"18\" \/><\/a><\/p>\n<\/div><\/div><\/div><\/section>\n<\/div>\n","protected":false},"excerpt":{"rendered":"","protected":false},"author":3,"featured_media":0,"parent":240,"menu_order":22,"comment_status":"closed","ping_status":"closed","template":"","meta":{"footnotes":""},"class_list":["post-1662","page","type-page","status-publish","hentry"],"_links":{"self":[{"href":"https:\/\/www.gym-toelz.de\/index.php\/wp-json\/wp\/v2\/pages\/1662","targetHints":{"allow":["GET"]}}],"collection":[{"href":"https:\/\/www.gym-toelz.de\/index.php\/wp-json\/wp\/v2\/pages"}],"about":[{"href":"https:\/\/www.gym-toelz.de\/index.php\/wp-json\/wp\/v2\/types\/page"}],"author":[{"embeddable":true,"href":"https:\/\/www.gym-toelz.de\/index.php\/wp-json\/wp\/v2\/users\/3"}],"replies":[{"embeddable":true,"href":"https:\/\/www.gym-toelz.de\/index.php\/wp-json\/wp\/v2\/comments?post=1662"}],"version-history":[{"count":16,"href":"https:\/\/www.gym-toelz.de\/index.php\/wp-json\/wp\/v2\/pages\/1662\/revisions"}],"predecessor-version":[{"id":3950,"href":"https:\/\/www.gym-toelz.de\/index.php\/wp-json\/wp\/v2\/pages\/1662\/revisions\/3950"}],"up":[{"embeddable":true,"href":"https:\/\/www.gym-toelz.de\/index.php\/wp-json\/wp\/v2\/pages\/240"}],"wp:attachment":[{"href":"https:\/\/www.gym-toelz.de\/index.php\/wp-json\/wp\/v2\/media?parent=1662"}],"curies":[{"name":"wp","href":"https:\/\/api.w.org\/{rel}","templated":true}]}}