{"id":1591,"date":"2025-07-20T18:46:11","date_gmt":"2025-07-20T18:46:11","guid":{"rendered":"https:\/\/www.gym-toelz.de\/?page_id=1591"},"modified":"2025-10-20T10:37:07","modified_gmt":"2025-10-20T10:37:07","slug":"naturundtechnik","status":"publish","type":"page","link":"https:\/\/www.gym-toelz.de\/index.php\/unterricht\/faecher\/naturundtechnik\/","title":{"rendered":"Natur und Technik"},"content":{"rendered":"<div  class='avia-button-wrap av-2azfiv-4d84bb1de38f0c510b166111d96c1306-wrap avia-button-right  avia-builder-el-0  el_before_av_textblock  avia-builder-el-first '><a href='https:\/\/www.gym-toelz.de\/index.php\/unterricht\/faecher\/'  class='avia-button av-2azfiv-4d84bb1de38f0c510b166111d96c1306 av-link-btn avia-icon_select-no avia-size-medium avia-position-right avia-color-theme-color'   aria-label=\"Zur\u00fcck zu allen F\u00e4chern\"><span class='avia_iconbox_title' >Zur\u00fcck zu allen F\u00e4chern<\/span><\/a><\/div>\n<section  class='av_textblock_section av-mdc17r4i-1895a282917b0da1b2cde45c19a32e3a '   itemscope=\"itemscope\" itemtype=\"https:\/\/schema.org\/CreativeWork\" ><div class='avia_textblock'  itemprop=\"text\" ><p><strong>NATUR UND TECHNIK<\/strong><\/p>\n<\/div><\/section>\n\n<div  class='flex_column av-6le75b-c4b17d0cbcf06224bbc64f75fdb5880f av_one_half  avia-builder-el-3  el_after_av_postslider  el_before_av_one_half  first flex_column_div  '     ><section  class='av_textblock_section av-md5m8b02-d8d25be6372ae020d38928aa06f80d47 '   itemscope=\"itemscope\" itemtype=\"https:\/\/schema.org\/CreativeWork\" ><div class='avia_textblock'  itemprop=\"text\" ><p><strong>Das Fach<\/strong><\/p>\n<p class=\"docData;DOCY;v5;4879;BQiAAgAAEYQCAAAGiAIAAAP\/EQAABQ0SAAAAAAAAAAAAAAAAAAAAAAAAAAAAAAAAAAAAAAAAAAAAAAAAAAAAAAAAAAAAAAAAAAAAAAAAAAAAAAAAAAAAAAAAAAAAAAAAAAAAAAAAAAAAAAAAAAAAAAAAAAAAAAAAAAAAAAAAAAAAAAAAAAAAAAAAAAAAAAAAAAAAAAAAAAAAAAAAAAAAAAAAAAAAAAAAAAAAAAAAAAAAAAAAAAAAAAAAAAAAAAAAAAAAAAAAAAAAAAAAAAAAAAAAAAAAAAAAAAAAAAAAAAAAAAAAAAAAAAAAAAAAAAAAAAAAAAAAAAAAAAAAAAAAAAAAAAAAAAAAAAAAAAAAAAAAAAAAAAAAAAAAAAAAAAAAAAAAAAAAAAAAAAAAAAAAAAAAAAAAAAAAAAAAAAAAAAAAAAAAAAAAAAAAAAAAAAAAAAAAAAAAAAAAAAAAAAAAAAAAAAAAAAAAAAAAAAAAAAAAAAAAAAAAAAAAAAAAAAAAAAAAAAAAAAAAAAAAAAAAAAAAAAAAAAAAAAAAAAAAAAAAAAAAAAAAAAAAAAAAAAAAAAAAAAAAAAAAAAAAAAAAAAAAAAAAAAAAAAAAAAAAAAAAAAAAAAAAAAAAAAAAAAAAAAAAAAAAAAAAAAAAAAAAAAAAAAAAAAAAAAAAAAAAAAAAAAAAAAAAAAAAAAAAAAAAAAAAAAAAAAAAAAAAAAAAAAAAAAAAAAAAAAAAAAAAAAAAAAAAAAAAAAAAAAAAAAAAAAAAAAAAAAAAAAAAAAAAAAAAAAAAAAAAAAAAAAAAAAAAAAAAAAAAAAAAAAAAAAAAAAAAAAAAAAAAAAAAAAAAAAAAAAAAAAAAcw8AAAD0AQAAARgAAAABBgAAAAAJBgAAAAAaBgAAAAAbBgAAAAAC0gEAAAURAAAAAQAAAAAIBwAAAAACAAAAIAAFEQAAAAEAAAAACAcAAAAAAgAAAB4gBYMBAAABAAAAAAh5AQAAAHQBAABEAGEAcwAgAEYAYQBjAGgAIABOAGEAdAB1AHIAIAB1AG4AZAAgAFQAZQBjAGgAbgBpAGsAIABsAGUAZwB0ACAAZQBpAG4AZQAgAEIAYQBzAGkAcwAgAGYA\/AByACAAZQBpAG4AZQAgAG4AYQB0AHUAcgB3AGkAcwBzAGUAbgBzAGMAaABhAGYAdABsAGkAYwBoAGUALAAgAHQAZQBjAGgAbgBpAHMAYwBoAGUAIABzAG8AdwBpAGUAIABpAG4AZgBvAHIAbQBhAHQAaQBzAGMAaABlACAARwByAHUAbgBkAGIAaQBsAGQAdQBuAGcAIAB1AG4AZAAgAGwAZQBpAHMAdABlAHQAIABkAGEAbQBpAHQAIABlAGkAbgBlAG4AIAB3AGUAcwBlAG4AdABsAGkAYwBoAGUAbgAgAEIAZQBpAHQAcgBhAGcAIAB6AHUAcgAgAEEAbABsAGcAZQBtAGUAaQBuAGIAaQBsAGQAdQBuAGcALgAFCgAAAAEAAAAACAAAAAAFCgAAAAEAAAAACAAAAAAAggAAAAEYAAAAAQYAAAAACQYAAAAAGgYAAAAAGwYAAAAAAmAAAAAFEQAAAAEAAAAACAcAAAAAAgAAACgABREAAAABAAAAAAgHAAAAAAIAAAAmIAURAAAAAQAAAAAIBwAAAAACAAAAKQAFCgAAAAEAAAAACAAAAAAFCgAAAAEAAAAACAAAAAAA2AIAAAEYAAAAAQYAAAAACQYAAAAAGgYAAAAAGwYAAAAAArYCAAAFfwAAAAEAAAAACHUAAAAAcAAAAEQAZQByACAARgBhAGMAaAB1AG4AdABlAHIAcgBpAGMAaAB0ACAAaQBzAHQAIABtAG8AZAB1AGwAYQByACAAYQB1AHMAIABkAGUAbgAgAFMAYwBoAHcAZQByAHAAdQBuAGsAdABlAG4AIABOAGEAdAAFDwIAAAEAAAAACAUCAAAAAAIAAHUAcgB3AGkAcwBzAGUAbgBzAGMAaABhAGYAdABsAGkAYwBoAGUAcwAgAEEAcgBiAGUAaQB0AGUAbgAsACAAQgBpAG8AbABvAGcAaQBlACwAIABJAG4AZgBvAHIAbQBhAHQAaQBrACAAdQBuAGQAIABQAGgAeQBzAGkAawAgAGEAdQBmAGcAZQBiAGEAdQB0ACwAIABpAG4AdABlAGcAcgBpAGUAcgB0ACAAegB1AGQAZQBtACAASQBuAGgAYQBsAHQAZQAgAGEAdQBzACAAZABlAHIAIABDAGgAZQBtAGkAZQAgAGIAegB3AC4AIABkAGUAcgAgAEcAZQBvAGcAcgBhAHAAaABpAGUAIAB1AG4AZAAgAHIAZQBwAHIA5ABzAGUAbgB0AGkAZQByAHQAIABkAGEAZAB1AHIAYwBoACAAcwBvAHcAbwBoAGwAIAB3AGUAcwBlAG4AdABsAGkAYwBoAGUAIABDAGgAYQByAGEAawB0AGUAcgBpAHMAdABpAGsAYQAgAGQAZQByACAARgBhAGMAaABkAGkAcwB6AGkAcABsAGkAbgBlAG4AIABhAGwAcwAgAGEAdQBjAGgAIABkAGUAcgBlAG4AIABpAG4AaABhAGwAdABsAGkAYwBoAGUAbgAgAFoAdQBzAGEAbQBtAGUAbgBoAGEAbgBnAC4ABQoAAAABAAAAAAgAAAAABQoAAAABAAAAAAgAAAAAAIIAAAABGAAAAAEGAAAAAAkGAAAAABoGAAAAABsGAAAAAAJgAAAABREAAAABAAAAAAgHAAAAAAIAAAAoAAURAAAAAQAAAAAIBwAAAAACAAAAJiAFEQAAAAEAAAAACAcAAAAAAgAAACkABQoAAAABAAAAAAgAAAAABQoAAAABAAAAAAgAAAAAAGADAAABGAAAAAEGAAAAAAkGAAAAABoGAAAAABsGAAAAAAI+AwAABQcBAAABAAAAAAj9AAAAAPgAAABEAGEAcwAgAEUAeABwAGUAcgBpAG0AZQBuAHQAaQBlAHIAZQBuACAAcwBvAHcAaQBlACAAZABhAHMAIABCAGUAbwBiAGEAYwBoAHQAZQBuACAAdQBuAGQAIABVAG4AdABlAHIAcwB1AGMAaABlAG4AIAB2AG8AbgAgAEwAZQBiAGUAdwBlAHMAZQBuACAAdQBuAGQAIABPAGIAagBlAGsAdABlAG4AIABzAGkAbgBkACAAegBlAG4AdAByAGEAbABlACAATQBlAHQAaABvAGQAZQBuACAAZABlAHIAIABFAHIAawBlAG4AbgB0AG4AaQBzAGcAZQB3AAUPAgAAAQAAAAAIBQIAAAAAAgAAaQBuAG4AdQBuAGcAIAB1AG4AZAAgAHMAcABpAGUAbABlAG4AIABkAGEAaABlAHIAIABpAG4AIABkAGUAbgAgAE4AYQB0AHUAcgB3AGkAcwBzAGUAbgBzAGMAaABhAGYAdABlAG4AIABlAGkAbgBlACAAYgBlAGQAZQB1AHQAZQBuAGQAZQAgAFIAbwBsAGwAZQAuACAARABpAGUAIABTAGMAaAD8AGwAZQByAGkAbgBuAGUAbgAgAHUAbgBkACAAUwBjAGgA\/ABsAGUAcgAgAHMAYwBoAOQAcgBmAGUAbgAgAGkAaAByAGUAIABCAGUAbwBiAGEAYwBoAHQAdQBuAGcAcwBnAGEAYgBlACwAIABzAHQAZQBsAGwAZQBuACAAZQBpAGcAZQBuAGUAIABGAHIAYQBnAGUAbgAsACAAZwBlAGgAZQBuACAAZQBpAGcAZQBuAGUAbgAgAHUAbgBkACAAZwBlAGcAZQBiAGUAbgBlAG4AIABGAHIAYQBnAGUAcwB0AGUAbABsAHUAbgBnAGUAbgAgAGEAdQBmACAAZABlAG4AIABHAHIAdQBuAGQAIAB1AG4AZAAgAHYAZQByAGIAZQBzAHMAZQByAG4AIABpAGgAcgAgAG0AYQBuAHUAZQBsAGwAZQBzACAARwBlAHMAYwBoAGkAYwBrAC4AoAAFCgAAAAEAAAAACAAAAAAFCgAAAAEAAAAACAAAAAAAggAAAAEYAAAAAQYAAAAACQYAAAAAGgYAAAAAGwYAAAAAAmAAAAAFEQAAAAEAAAAACAcAAAAAAgAAACgABREAAAABAAAAAAgHAAAAAAIAAAAmIAURAAAAAQAAAAAIBwAAAAACAAAAKQAFCgAAAAEAAAAACAAAAAAFCgAAAAEAAAAACAAAAAAAvAIAAAEYAAAAAQYAAAAACQYAAAAAGgYAAAAAGwYAAAAAApoCAAAFTQAAAAEAAAAACEMAAAAAPgAAAEIAZQBpAG0AIABFAHgAcABlAHIAaQBtAGUAbgB0AGkAZQByAGUAbgAsACAAYgBlAGkAbQAgAEEAcgBiAGUABQ8CAAABAAAAAAgFAgAAAAACAABpAHQAZQBuACAAaQBuACAARwByAHUAcABwAGUAbgAgAHUAbgBkACAAZABlAHIAIABEAHUAcgBjAGgAZgD8AGgAcgB1AG4AZwAgAHYAbwBuACAAUAByAG8AagBlAGsAdABlAG4AIAB3AGUAcgBkAGUAbgAgAFoAdQB2AGUAcgBsAOQAcwBzAGkAZwBrAGUAaQB0ACAAdQBuAGQAIABrAG8AbQBtAHUAbgBpAGsAYQB0AGkAdgBlACAARgDkAGgAaQBnAGsAZQBpAHQAZQBuACAAZABlAHIAIABTAGMAaAD8AGwAZQByAGkAbgBuAGUAbgAgAHUAbgBkACAAUwBjAGgA\/ABsAGUAcgAgAGcAZQBmAG8AcgBkAGUAcgB0AC4AIABEAGkAZQBzACAAdAByAOQAZwB0ACAAegB1AHIAIABTAHQA5AByAGsAdQBuAGcAIABpAGgAcgBlAHIAIABzAG8AegBpAGEAbABlAG4AIABLAG8AbQBwAGUAdABlAG4AegBlAG4AIABiAGUAaQAgAHUAbgBkACAAZgD2AHIAZABlAHIAdAAgAHoAdQBnAGwAZQBpAGMAaAAgAEUAaQBnAGUAbgBpAG4AaQB0AGkAYQB0AGkAdgBlACAAdQBuAGQAIABTAGUAbABiAHMAdADkAG4AZABpAGcAawBlAGkAdAAuAAURAAAAAQAAAAAIBwAAAAACAAAAHCAFCgAAAAEAAAAACAAAAAAFCgAAAAEAAAAACAAAAAAATwAAAAEYAAAAAQYAAAAACQYAAAAAGgYAAAAAGwYAAAAAAi0AAAAFCgAAAAEAAAAACAAAAAAFCgAAAAEAAAAACAAAAAAFCgAAAAEAAAAACAAAAAAAiQIAAAEYAAAAAQYAAAAACQYAAAAAGgYAAAAAGwYAAAAAAmcCAAAFEQAAAAEAAAAACAcAAAAAAgAAACAABRsAAAABAAAAAAgRAAAAAAwAAAAoAEEAdQBzADoAIAAK+AEAAAF8AAAAaAB0AHQAcABzADoALwAvAHcAdwB3AC4AbABlAGgAcgBwAGwAYQBuAHAAbAB1AHMALgBiAGEAeQBlAHIAbgAuAGQAZQAvAGYAYQBjAGgAcAByAG8AZgBpAGwALwBnAHkAbQBuAGEAcwBpAHUAbQAvAG4AdABfAGcAeQBtAAN8AAAAaAB0AHQAcABzADoALwAvAHcAdwB3AC4AbABlAGgAcgBwAGwAYQBuAHAAbAB1AHMALgBiAGEAeQBlAHIAbgAuAGQAZQAvAGYAYQBjAGgAcAByAG8AZgBpAGwALwBnAHkAbQBuAGEAcwBpAHUAbQAvAG4AdABfAGcAeQBtAAQBAAAAAQDrAAAABY8AAAABDAAAAA0GBgAAADYANQAwAAh5AAAAAHQAAABoAHQAdABwAHMAOgAvAC8AdwB3AHcALgBsAGUAaAByAHAAbABhAG4AcABsAHUAcwAuAGIAYQB5AGUAcgBuAC4AZABlAC8AZgBhAGMAaABwAHIAbwBmAGkAbAAvAGcAeQBtAG4AYQBzAGkAdQBtAC8AbgB0ABccAAAAAAQAAAAAAAAAAQ4AAABfAEcAbwBCAGEAYwBrABgJAAAAAAQAAAAAAAAABSMAAAABDAAAAA0GBgAAADYANQAwAAgNAAAAAAgAAABfAGcAeQBtAAURAAAAAQAAAAAIBwAAAAACAAAAKQAFCgAAAAEAAAAACAAAAAAFCgAAAAEAAAAACAAAAAAKAAAAAAAAAAARAAAAAP4AAAAALQAAAAEGAAAAAAkGGwAAACcEFgEAAAsBARwBACgEAAAAAB0BACkEoAAAABsGAAAAAAFOAAAAKAEHKQEHKgEHKwEFEwEBCAQYAAAAFgQYAAAAGQYKAAAAZABlAC0ARABFABoGCgAAAGEAcgAtAFMAQQAbBgoAAABlAG4ALQBVAFMALgEDAnQAAAAAbwAAAAEGAAAANgA1ADAAAhIAAABIAHkAcABlAHIAbABpAG4AawAJAQAAAAEDBgAAADYAMgA3AAsEAAAAYwAAAA4BAAAAAQURAAAAAgEMCQNGeIYcBgMAAAABAQsGEgAAAAEGAAAAAAkGAAAAABsGAAAAAA==\">\u00a0\u201eDas Fach Natur und Technik legt eine Basis f\u00fcr eine naturwissenschaftliche, technische sowie informatische Grundbildung und leistet damit einen wesentlichen Beitrag zur Allgemeinbildung. (\u2026)<\/p>\n<p>Der Fachunterricht ist modular aus den Schwerpunkten Naturwissenschaftliches Arbeiten, Biologie, Informatik und Physik aufgebaut, integriert zudem Inhalte aus der Chemie bzw. der Geographie und repr\u00e4sentiert dadurch sowohl wesentliche Charakteristika der Fachdisziplinen als auch deren inhaltlichen Zusammenhang. (\u2026)<\/p>\n<p>Das Experimentieren sowie das Beobachten und Untersuchen von Lebewesen und Objekten sind zentrale Methoden der Erkenntnisgewinnung und spielen daher in den Naturwissenschaften eine bedeutende Rolle. Die Sch\u00fclerinnen und Sch\u00fcler sch\u00e4rfen ihre Beobachtungsgabe, stellen eigene Fragen, gehen eigenen und gegebenen Fragestellungen auf den Grund und verbessern ihr manuelles Geschick. (\u2026)<\/p>\n<p>Beim Experimentieren, beim Arbeiten in Gruppen und der Durchf\u00fchrung von Projekten werden Zuverl\u00e4ssigkeit und kommunikative F\u00e4higkeiten der Sch\u00fclerinnen und Sch\u00fcler gefordert. Dies tr\u00e4gt zur St\u00e4rkung ihrer sozialen Kompetenzen bei und f\u00f6rdert zugleich Eigeninitiative und Selbst\u00e4ndigkeit.\u201c<\/p>\n<\/div><\/section><\/div>\n<div  class='flex_column av-4l46b3-a0225c42bbaf70a50f43e4a0a1be8a36 av_one_half  avia-builder-el-5  el_after_av_one_half  el_before_av_toggle_container  flex_column_div  '     ><section  class='av_textblock_section av-md5m9yeg-a9d28fd7cdae222de796d850bdc4be30 '   itemscope=\"itemscope\" itemtype=\"https:\/\/schema.org\/CreativeWork\" ><div class='avia_textblock'  itemprop=\"text\" ><p><strong>Lehrwerke<\/strong><\/p>\n<p><em>5. Klasse (naturwissenschaftliches Arbeiten):<\/em> Fokus Naturwissenschaftliches Arbeiten, Cornelsen Verlag<\/p>\n<p><em>5. &amp; 6. Klasse (Biologie)<\/em>: bioskop, Westermann Verlag<\/p>\n<p><em>6. Klasse (Informatik):<\/em> Informatik 1 Informationsdarstellung, Cornelsen Verlag<\/p>\n<p><em>7. Klasse (Informatik):<\/em> Informatik 2 Internet, Algorithmen, Cornelsen Verlag<\/p>\n<p><em>7. Klasse (Physik):<\/em> Natur und Technik 7 Physik, C.C. Buchner Verlag<\/p>\n<p><strong>Schulaufgaben<\/strong><\/p>\n<p class=\"docData;DOCY;v5;2414;BQiAAgAAEYQCAAAGiAIAAANeCAAABWwIAAAAAAAAAAAAAAAAAAAAAAAAAAAAAAAAAAAAAAAAAAAAAAAAAAAAAAAAAAAAAAAAAAAAAAAAAAAAAAAAAAAAAAAAAAAAAAAAAAAAAAAAAAAAAAAAAAAAAAAAAAAAAAAAAAAAAAAAAAAAAAAAAAAAAAAAAAAAAAAAAAAAAAAAAAAAAAAAAAAAAAAAAAAAAAAAAAAAAAAAAAAAAAAAAAAAAAAAAAAAAAAAAAAAAAAAAAAAAAAAAAAAAAAAAAAAAAAAAAAAAAAAAAAAAAAAAAAAAAAAAAAAAAAAAAAAAAAAAAAAAAAAAAAAAAAAAAAAAAAAAAAAAAAAAAAAAAAAAAAAAAAAAAAAAAAAAAAAAAAAAAAAAAAAAAAAAAAAAAAAAAAAAAAAAAAAAAAAAAAAAAAAAAAAAAAAAAAAAAAAAAAAAAAAAAAAAAAAAAAAAAAAAAAAAAAAAAAAAAAAAAAAAAAAAAAAAAAAAAAAAAAAAAAAAAAAAAAAAAAAAAAAAAAAAAAAAAAAAAAAAAAAAAAAAAAAAAAAAAAAAAAAAAAAAAAAAAAAAAAAAAAAAAAAAAAAAAAAAAAAAAAAAAAAAAAAAAAAAAAAAAAAAAAAAAAAAAAAAAAAAAAAAAAAAAAAAAAAAAAAAAAAAAAAAAAAAAAAAAAAAAAAAAAAAAAAAAAAAAAAAAAAAAAAAAAAAAAAAAAAAAAAAAAAAAAAAAAAAAAAAAAAAAAAAAAAAAAAAAAAAAAAAAAAAAAAAAAAAAAAAAAAAAAAAAAAAAAAAAAAAAAAAAAAAAAAAAAAAAAAAAAAAAAAAAAAAAAAAAAAAAAAAAAAAAAA0gUAAABmAQAAAR4AAAABBgAAAAAJBgAAAAAaBgYAAAABAQEVAQEbBgAAAAACPgEAAAUPAQAAAQYAAAABAQEVAQEI\/wAAAAD6AAAASQBtACAARgBhAGMAaAAgAE4AYQB0AHUAcgAgAHUAbgBkACAAVABlAGMAaABuAGkAawAgAHcAZQByAGQAZQBuACAAbgB1AHIAIABrAGwAZQBpAG4AZQAgAHMAYwBoAHIAaQBmAHQAbABpAGMAaABlACAATABlAGkAcwB0AHUAbgBnAHMAZQByAGgAZQBiAHUAbgBnAGUAbgAgAGcAZQBmAG8AcgBkAGUAcgB0ACwAIABhAGwAcwBvACAAawBlAGkAbgBlACAAUwBjAGgAdQBsAGEAdQBmAGcAYQBiAGUAbgAgAGcAZQBzAGMAaAByAGkAZQBiAGUAbgAuAAUQAAAAAQYAAAABAQEVAQEIAAAAAAUQAAAAAQYAAAABAQEVAQEIAAAAAABiBAAAAR4AAAABBgAAAAAJBgAAAAAaBgYAAAABAQEVAQEbBgAAAAACOgQAAAUpAAAAAQYAAAABAQEVAQEIGQAAAAAUAAAASQBuACAAZABlAHIAIAA2AC4AIAAFHQAAAAEGAAAAAQEBFQEBCA0AAAAACAAAAEoAZwBzAHQABUcAAAABBgAAAAEBARUBAQg3AAAAADIAAAAuACAAawBhAG4AbgAgAGUAaQBuAGUAIABzAGMAaAByAGkAZgB0AGwAaQBjAGgAZQAgAAU5AAAAAQYAAAABAQEVAQEIKQAAAAAkAAAATABlAHIAbgBzAHQAYQBuAGQAcwBlAHIAaABlAGIAdQBuAGcABS0AAAABBgAAAAEBARUBAQgdAAAAABgAAAAgAGUAcgBmAG8AbABnAGUAbgA6ACAAIAAK\/wIAAAHsAAAAaAB0AHQAcABzADoALwAvAHcAdwB3AC4AaQBzAGIALgBiAGEAeQBlAHIAbgAuAGQAZQAvAHMAYwBoAHUAbABhAHIAdABlAG4ALwBnAHkAbQBuAGEAcwBpAHUAbQAvAGwAZQBpAHMAdAB1AG4AZwBzAGUAcgBoAGUAYgB1AG4AZwBlAG4ALwBmAHIAZQBpAHcAaQBsAGwAaQBnAGUALQBsAGUAcgBuAHMAdABhAG4AZABzAGUAcgBoAGUAYgB1AG4AZwBlAG4ALwBuAGEAdAB1AHIALQB1AG4AZAAtAHQAZQBjAGgAbgBpAGsALwAD7AAAAGgAdAB0AHAAcwA6AC8ALwB3AHcAdwAuAGkAcwBiAC4AYgBhAHkAZQByAG4ALgBkAGUALwBzAGMAaAB1AGwAYQByAHQAZQBuAC8AZwB5AG0AbgBhAHMAaQB1AG0ALwBsAGUAaQBzAHQAdQBuAGcAcwBlAHIAaABlAGIAdQBuAGcAZQBuAC8AZgByAGUAaQB3AGkAbABsAGkAZwBlAC0AbABlAHIAbgBzAHQAYQBuAGQAcwBlAHIAaABlAGIAdQBuAGcAZQBuAC8AbgBhAHQAdQByAC0AdQBuAGQALQB0AGUAYwBoAG4AaQBrAC8ABAEAAAABABIBAAAFDQEAAAESAAAAAQEBDQYGAAAANgA1ADAAFQEBCPEAAAAA7AAAAGgAdAB0AHAAcwA6AC8ALwB3AHcAdwAuAGkAcwBiAC4AYgBhAHkAZQByAG4ALgBkAGUALwBzAGMAaAB1AGwAYQByAHQAZQBuAC8AZwB5AG0AbgBhAHMAaQB1AG0ALwBsAGUAaQBzAHQAdQBuAGcAcwBlAHIAaABlAGIAdQBuAGcAZQBuAC8AZgByAGUAaQB3AGkAbABsAGkAZwBlAC0AbABlAHIAbgBzAHQAYQBuAGQAcwBlAHIAaABlAGIAdQBuAGcAZQBuAC8AbgBhAHQAdQByAC0AdQBuAGQALQB0AGUAYwBoAG4AaQBrAC8ABRAAAAABBgAAAAEBARUBAQgAAAAABRAAAAABBgAAAAEBARUBAQgAAAAACgAAAAAAAAAAEQAAAAD+AAAAAC0AAAABBgAAAAAJBhsAAAAnBBYBAAALAQEcAQAoBAAAAAAdAQApBKAAAAAbBgAAAAABTgAAACgBBykBByoBBysBBRMBAQgEGAAAABYEGAAAABkGCgAAAGQAZQAtAEQARQAaBgoAAABhAHIALQBTAEEAGwYKAAAAZQBuAC0AVQBTAC4BAwJ0AAAAAG8AAAABBgAAADYANQAwAAISAAAASAB5AHAAZQByAGwAaQBuAGsACQEAAAABAwYAAAA2ADIANwALBAAAAGMAAAAOAQAAAAEFEQAAAAIBDAkDRniGHAYDAAAAAQELBhIAAAABBgAAAAAJBgAAAAAbBgAAAAA=\">Im Fach Natur und Technik werden nur kleine schriftliche Leistungserhebungen gefordert, also keine Schulaufgaben geschrieben.<\/p>\n<p>In der 6. Jgst. kann eine schriftliche Lernstandserhebung erfolgen:<\/p>\n<p style=\"text-align: center;\"><a href=\"https:\/\/www.isb.bayern.de\/schularten\/gymnasium\/leistungserhebungen\/freiwillige-lernstandserhebungen\/natur-und-technik\/\" target=\"_blank\" rel=\"noopener\">externer Link <img loading=\"lazy\" decoding=\"async\" class=\"alignnone wp-image-1873\" src=\"https:\/\/www.gym-toelz.de\/wp-content\/uploads\/2025\/07\/icons8-new-tab-48.png\" alt=\"\" width=\"18\" height=\"18\" srcset=\"https:\/\/www.gym-toelz.de\/wp-content\/uploads\/2025\/07\/icons8-new-tab-48.png 48w, https:\/\/www.gym-toelz.de\/wp-content\/uploads\/2025\/07\/icons8-new-tab-48-36x36.png 36w\" sizes=\"auto, (max-width: 18px) 100vw, 18px\" \/><\/a><\/p>\n<\/div><\/section><\/div>\n<div  class='togglecontainer av-md8z71fw-9c68f11392c0a375f96ba079024b62d4  avia-builder-el-7  el_after_av_one_half  avia-builder-el-last  toggle_close_all' >\n<section class='av_toggle_section av-md8z1mib-ed394ff9f57fc6e16ddf339b9c6e5657'  itemscope=\"itemscope\" itemtype=\"https:\/\/schema.org\/CreativeWork\" ><div role=\"tablist\" class=\"single_toggle\" data-tags=\"{Alle} \"  ><p id='toggle-toggle-id-1' data-fake-id='#toggle-id-1' class='toggler  av-title-above '  itemprop=\"headline\"  role='tab' tabindex='0' aria-controls='toggle-id-1' data-slide-speed=\"200\" data-title=\"Wettbewerbe\" data-title-open=\"\" data-aria_collapsed=\"Click to expand: Wettbewerbe\" data-aria_expanded=\"Click to collapse: Wettbewerbe\">Wettbewerbe<span class=\"toggle_icon\"><span class=\"vert_icon\"><\/span><span class=\"hor_icon\"><\/span><\/span><\/p><div id='toggle-id-1' aria-labelledby='toggle-toggle-id-1' role='region' class='toggle_wrap  av-title-above'  ><div class='toggle_content invers-color '  itemprop=\"text\" ><p><strong>Experimente antworten<\/strong><\/p>\n<p><a href=\"https:\/\/www.mint-bayern.de\/entdecken\/landeswettbewerb-experimente-antworten-bayern\/\" target=\"_blank\" rel=\"noopener\">externer Link <img loading=\"lazy\" decoding=\"async\" class=\"alignnone wp-image-1873\" src=\"https:\/\/www.gym-toelz.de\/wp-content\/uploads\/2025\/07\/icons8-new-tab-48.png\" alt=\"\" width=\"18\" height=\"18\" srcset=\"https:\/\/www.gym-toelz.de\/wp-content\/uploads\/2025\/07\/icons8-new-tab-48.png 48w, https:\/\/www.gym-toelz.de\/wp-content\/uploads\/2025\/07\/icons8-new-tab-48-36x36.png 36w\" sizes=\"auto, (max-width: 18px) 100vw, 18px\" \/>\u00a0 \u00a0 <\/a><a href=\"https:\/\/www.mint-bayern.de\/entdecken\/landeswettbewerb-experimente-antworten-bayern\/\" target=\"_blank\" rel=\"noopener\"><img loading=\"lazy\" decoding=\"async\" class=\"alignnone wp-image-2797\" src=\"https:\/\/www.gym-toelz.de\/wp-content\/uploads\/2025\/10\/mintraum-logo-gruen.png\" alt=\"\" width=\"128\" height=\"82\" \/><\/a><\/p>\n<p><strong>Junior-Science-Olympiade<\/strong><\/p>\n<p><a href=\"https:\/\/www.scienceolympiaden.de\/ijso\" target=\"_blank\" rel=\"noopener\">externer Link <img loading=\"lazy\" decoding=\"async\" class=\"alignnone wp-image-1873\" src=\"https:\/\/www.gym-toelz.de\/wp-content\/uploads\/2025\/07\/icons8-new-tab-48.png\" alt=\"\" width=\"18\" height=\"18\" srcset=\"https:\/\/www.gym-toelz.de\/wp-content\/uploads\/2025\/07\/icons8-new-tab-48.png 48w, https:\/\/www.gym-toelz.de\/wp-content\/uploads\/2025\/07\/icons8-new-tab-48-36x36.png 36w\" sizes=\"auto, (max-width: 18px) 100vw, 18px\" \/>\u00a0\u00a0 <\/a><a href=\"https:\/\/www.scienceolympiaden.de\/ijso\" target=\"_blank\" rel=\"noopener\"><img loading=\"lazy\" decoding=\"async\" class=\"alignnone wp-image-2794 \" src=\"https:\/\/www.gym-toelz.de\/wp-content\/uploads\/2025\/10\/IJSO-science-olympiade.jpg\" alt=\"\" width=\"193\" height=\"110\" srcset=\"https:\/\/www.gym-toelz.de\/wp-content\/uploads\/2025\/10\/IJSO-science-olympiade.jpg 700w, https:\/\/www.gym-toelz.de\/wp-content\/uploads\/2025\/10\/IJSO-science-olympiade-300x171.jpg 300w\" sizes=\"auto, (max-width: 193px) 100vw, 193px\" \/><\/a><\/p>\n<p><strong>Sch\u00fcler experimentieren<\/strong><\/p>\n<p><a href=\"https:\/\/www.jugend-forscht.de\/\" target=\"_blank\" rel=\"noopener\">externer Link <img loading=\"lazy\" decoding=\"async\" class=\"alignnone wp-image-1873\" src=\"https:\/\/www.gym-toelz.de\/wp-content\/uploads\/2025\/07\/icons8-new-tab-48.png\" alt=\"\" width=\"18\" height=\"18\" srcset=\"https:\/\/www.gym-toelz.de\/wp-content\/uploads\/2025\/07\/icons8-new-tab-48.png 48w, https:\/\/www.gym-toelz.de\/wp-content\/uploads\/2025\/07\/icons8-new-tab-48-36x36.png 36w\" sizes=\"auto, (max-width: 18px) 100vw, 18px\" \/>\u00a0 <\/a>\u00a0 <a href=\"https:\/\/www.jugend-forscht.de\/\" target=\"_blank\" rel=\"noopener\"><img loading=\"lazy\" decoding=\"async\" class=\"alignnone wp-image-2792\" src=\"https:\/\/www.gym-toelz.de\/wp-content\/uploads\/2025\/10\/logo_jugend-forscht_wir-foerdern-talente.png\" alt=\"\" width=\"233\" height=\"46\" srcset=\"https:\/\/www.gym-toelz.de\/wp-content\/uploads\/2025\/10\/logo_jugend-forscht_wir-foerdern-talente.png 304w, https:\/\/www.gym-toelz.de\/wp-content\/uploads\/2025\/10\/logo_jugend-forscht_wir-foerdern-talente-300x59.png 300w\" sizes=\"auto, (max-width: 233px) 100vw, 233px\" \/><\/a><\/p>\n<p><strong>J\u00e4hrlicher schulinterner Fotowettbewerb zu wechselnden Themen f\u00fcr die 6. Jahrgangsstufe<\/strong><\/p>\n<\/div><\/div><\/div><\/section>\n<section class='av_toggle_section av-24zt2m-547a3eee2ea762bedcc22e11e1eecc30'  itemscope=\"itemscope\" itemtype=\"https:\/\/schema.org\/CreativeWork\" ><div role=\"tablist\" class=\"single_toggle\" data-tags=\"{Alle} \"  ><p id='toggle-toggle-id-2' data-fake-id='#toggle-id-2' class='toggler  av-title-above '  itemprop=\"headline\"  role='tab' tabindex='0' aria-controls='toggle-id-2' data-slide-speed=\"200\" data-title=\"Sonstiges\" data-title-open=\"\" data-aria_collapsed=\"Click to expand: Sonstiges\" data-aria_expanded=\"Click to collapse: Sonstiges\">Sonstiges<span class=\"toggle_icon\"><span class=\"vert_icon\"><\/span><span class=\"hor_icon\"><\/span><\/span><\/p><div id='toggle-id-2' aria-labelledby='toggle-toggle-id-2' role='region' class='toggle_wrap  av-title-above'  ><div class='toggle_content invers-color '  itemprop=\"text\" ><p>6. Jahrgangsstufe: Vortrag zu Wirbeltieren<\/p>\n<\/div><\/div><\/div><\/section>\n<\/div>\n","protected":false},"excerpt":{"rendered":"","protected":false},"author":3,"featured_media":0,"parent":240,"menu_order":17,"comment_status":"closed","ping_status":"closed","template":"","meta":{"footnotes":""},"class_list":["post-1591","page","type-page","status-publish","hentry"],"_links":{"self":[{"href":"https:\/\/www.gym-toelz.de\/index.php\/wp-json\/wp\/v2\/pages\/1591","targetHints":{"allow":["GET"]}}],"collection":[{"href":"https:\/\/www.gym-toelz.de\/index.php\/wp-json\/wp\/v2\/pages"}],"about":[{"href":"https:\/\/www.gym-toelz.de\/index.php\/wp-json\/wp\/v2\/types\/page"}],"author":[{"embeddable":true,"href":"https:\/\/www.gym-toelz.de\/index.php\/wp-json\/wp\/v2\/users\/3"}],"replies":[{"embeddable":true,"href":"https:\/\/www.gym-toelz.de\/index.php\/wp-json\/wp\/v2\/comments?post=1591"}],"version-history":[{"count":10,"href":"https:\/\/www.gym-toelz.de\/index.php\/wp-json\/wp\/v2\/pages\/1591\/revisions"}],"predecessor-version":[{"id":2923,"href":"https:\/\/www.gym-toelz.de\/index.php\/wp-json\/wp\/v2\/pages\/1591\/revisions\/2923"}],"up":[{"embeddable":true,"href":"https:\/\/www.gym-toelz.de\/index.php\/wp-json\/wp\/v2\/pages\/240"}],"wp:attachment":[{"href":"https:\/\/www.gym-toelz.de\/index.php\/wp-json\/wp\/v2\/media?parent=1591"}],"curies":[{"name":"wp","href":"https:\/\/api.w.org\/{rel}","templated":true}]}}