{"id":156,"date":"2025-05-16T13:42:53","date_gmt":"2025-05-16T13:42:53","guid":{"rendered":"https:\/\/www.gym-toelz.de\/index.php\/verbindungslehrkraefte\/"},"modified":"2026-01-28T16:35:24","modified_gmt":"2026-01-28T15:35:24","slug":"verbindungslehrkraefte","status":"publish","type":"page","link":"https:\/\/www.gym-toelz.de\/index.php\/unsere-schule\/unterstuetzung\/verbindungslehrkraefte\/","title":{"rendered":"Verbindungslehrkr\u00e4fte"},"content":{"rendered":"<p><strong>Verbindungslehrkr\u00e4fte<\/strong><br \/>\nDie Verbindungslehrkr\u00e4fte werden von den Sch\u00fclern j\u00e4hrlich gew\u00e4hlt und sind f\u00fcr Sch\u00fcler da, die Probleme mit Lehrkr\u00e4ften oder mit Sch\u00fclern haben. Sie unterst\u00fctzen au\u00dferdem die SMV, Veranstaltungen zu organisieren.<\/p>\n<p>Die Verbindungslehrkr\u00e4fte an unserer Schule sind Frau Kleehaupt, Herr Fleschutz und Herr Walz.<\/p>\n<p>Falls also ein Sch\u00fcler ein Problem hat, kann er jederzeit mit jedem der Verbindungslehrkr\u00e4fte Kontakt aufnehmen.<\/p>\n","protected":false},"excerpt":{"rendered":"<p>Verbindungslehrkr\u00e4fte Die Verbindungslehrkr\u00e4fte werden von den Sch\u00fclern j\u00e4hrlich gew\u00e4hlt und sind f\u00fcr Sch\u00fcler da, die Probleme mit Lehrkr\u00e4ften oder mit Sch\u00fclern haben. Sie unterst\u00fctzen au\u00dferdem die SMV, Veranstaltungen zu organisieren. Die Verbindungslehrkr\u00e4fte an unserer Schule sind Frau Kleehaupt, Herr Fleschutz und Herr Walz. Falls also ein Sch\u00fcler ein Problem hat, kann er jederzeit mit jedem [&hellip;]<\/p>\n","protected":false},"author":2,"featured_media":0,"parent":146,"menu_order":34,"comment_status":"closed","ping_status":"closed","template":"","meta":{"footnotes":""},"class_list":["post-156","page","type-page","status-publish","hentry"],"_links":{"self":[{"href":"https:\/\/www.gym-toelz.de\/index.php\/wp-json\/wp\/v2\/pages\/156","targetHints":{"allow":["GET"]}}],"collection":[{"href":"https:\/\/www.gym-toelz.de\/index.php\/wp-json\/wp\/v2\/pages"}],"about":[{"href":"https:\/\/www.gym-toelz.de\/index.php\/wp-json\/wp\/v2\/types\/page"}],"author":[{"embeddable":true,"href":"https:\/\/www.gym-toelz.de\/index.php\/wp-json\/wp\/v2\/users\/2"}],"replies":[{"embeddable":true,"href":"https:\/\/www.gym-toelz.de\/index.php\/wp-json\/wp\/v2\/comments?post=156"}],"version-history":[{"count":3,"href":"https:\/\/www.gym-toelz.de\/index.php\/wp-json\/wp\/v2\/pages\/156\/revisions"}],"predecessor-version":[{"id":2017,"href":"https:\/\/www.gym-toelz.de\/index.php\/wp-json\/wp\/v2\/pages\/156\/revisions\/2017"}],"up":[{"embeddable":true,"href":"https:\/\/www.gym-toelz.de\/index.php\/wp-json\/wp\/v2\/pages\/146"}],"wp:attachment":[{"href":"https:\/\/www.gym-toelz.de\/index.php\/wp-json\/wp\/v2\/media?parent=156"}],"curies":[{"name":"wp","href":"https:\/\/api.w.org\/{rel}","templated":true}]}}