{"id":146,"date":"2025-05-16T13:42:52","date_gmt":"2025-05-16T13:42:52","guid":{"rendered":"https:\/\/www.gym-toelz.de\/index.php\/unterstuetzung\/"},"modified":"2026-01-28T16:35:24","modified_gmt":"2026-01-28T15:35:24","slug":"unterstuetzung","status":"publish","type":"page","link":"https:\/\/www.gym-toelz.de\/index.php\/unsere-schule\/unterstuetzung\/","title":{"rendered":"Unterst\u00fctzung"},"content":{"rendered":"<p><strong>Unterst\u00fctzung<\/strong><\/p>\n<p>Hier k\u00f6nnen Sie sich \u00fcber die Schulpsychologie\/Schulsozialarbeit, die Beratungslehrkraft, Berufsorientierung, die Stufenbetreuer sowie Oberstufenkoordinatoren und die Verbindungslehrkr\u00e4fte informieren!<\/p>\n<p><strong>Benutzen Sie hierzu die unterschiedlichen Links auf der rechten oder oberen Navigationsleiste\u2026.<\/strong><\/p>\n","protected":false},"excerpt":{"rendered":"<p>Unterst\u00fctzung Hier k\u00f6nnen Sie sich \u00fcber die Schulpsychologie\/Schulsozialarbeit, die Beratungslehrkraft, Berufsorientierung, die Stufenbetreuer sowie Oberstufenkoordinatoren und die Verbindungslehrkr\u00e4fte informieren! Benutzen Sie hierzu die unterschiedlichen Links auf der rechten oder oberen Navigationsleiste\u2026.<\/p>\n","protected":false},"author":2,"featured_media":0,"parent":32,"menu_order":29,"comment_status":"closed","ping_status":"closed","template":"","meta":{"footnotes":""},"class_list":["post-146","page","type-page","status-publish","hentry"],"_links":{"self":[{"href":"https:\/\/www.gym-toelz.de\/index.php\/wp-json\/wp\/v2\/pages\/146","targetHints":{"allow":["GET"]}}],"collection":[{"href":"https:\/\/www.gym-toelz.de\/index.php\/wp-json\/wp\/v2\/pages"}],"about":[{"href":"https:\/\/www.gym-toelz.de\/index.php\/wp-json\/wp\/v2\/types\/page"}],"author":[{"embeddable":true,"href":"https:\/\/www.gym-toelz.de\/index.php\/wp-json\/wp\/v2\/users\/2"}],"replies":[{"embeddable":true,"href":"https:\/\/www.gym-toelz.de\/index.php\/wp-json\/wp\/v2\/comments?post=146"}],"version-history":[{"count":3,"href":"https:\/\/www.gym-toelz.de\/index.php\/wp-json\/wp\/v2\/pages\/146\/revisions"}],"predecessor-version":[{"id":2441,"href":"https:\/\/www.gym-toelz.de\/index.php\/wp-json\/wp\/v2\/pages\/146\/revisions\/2441"}],"up":[{"embeddable":true,"href":"https:\/\/www.gym-toelz.de\/index.php\/wp-json\/wp\/v2\/pages\/32"}],"wp:attachment":[{"href":"https:\/\/www.gym-toelz.de\/index.php\/wp-json\/wp\/v2\/media?parent=146"}],"curies":[{"name":"wp","href":"https:\/\/api.w.org\/{rel}","templated":true}]}}