{"id":1448,"date":"2025-07-16T07:20:31","date_gmt":"2025-07-16T07:20:31","guid":{"rendered":"https:\/\/www.gym-toelz.de\/?page_id=1448"},"modified":"2025-10-07T16:19:45","modified_gmt":"2025-10-07T16:19:45","slug":"informatik","status":"publish","type":"page","link":"https:\/\/www.gym-toelz.de\/index.php\/unterricht\/faecher\/informatik\/","title":{"rendered":"Informatik"},"content":{"rendered":"<div  class='avia-button-wrap av-2o36fs-35ab0f9832130abac8319775bfa6ae2d-wrap avia-button-right  avia-builder-el-0  el_before_av_textblock  avia-builder-el-first '><a href='https:\/\/www.gym-toelz.de\/index.php\/unterricht\/faecher\/'  class='avia-button av-2o36fs-35ab0f9832130abac8319775bfa6ae2d av-link-btn avia-icon_select-no avia-size-medium avia-position-right avia-color-theme-color'   aria-label=\"Zur\u00fcck zu allen F\u00e4chern\"><span class='avia_iconbox_title' >Zur\u00fcck zu allen F\u00e4chern<\/span><\/a><\/div>\n<section  class='av_textblock_section av-mdc19n0h-7433b86851ea3354a65e42df45536e52 '   itemscope=\"itemscope\" itemtype=\"https:\/\/schema.org\/CreativeWork\" ><div class='avia_textblock'  itemprop=\"text\" ><p><strong>INFORMATIK<\/strong><\/p>\n<\/div><\/section>\n<div  data-slideshow-options=\"{&quot;animation&quot;:&quot;fade&quot;,&quot;autoplay&quot;:false,&quot;loop_autoplay&quot;:&quot;once&quot;,&quot;interval&quot;:&quot;5&quot;,&quot;loop_manual&quot;:&quot;manual-endless&quot;,&quot;autoplay_stopper&quot;:false,&quot;noNavigation&quot;:false,&quot;show_slide_delay&quot;:90}\" class='avia-content-slider avia-content-slider-active avia-content-slider1 avia-content-slider-odd  avia-builder-el-2  el_after_av_textblock  el_before_av_one_half  av-slideshow-ui av-control-default   av-no-slider-navigation av-slideshow-manual av-loop-once av-loop-manual-endless '  itemscope=\"itemscope\" itemtype=\"https:\/\/schema.org\/Blog\" ><div class=\"avia-content-slider-inner\"><div class=\"slide-entry-wrap\"><article class='slide-entry flex_column  post-entry post-entry-3803 slide-entry-overview slide-loop-1 slide-parity-odd  post-entry-last  av_one_third first real-thumbnail posttype-post post-format-standard'  itemscope=\"itemscope\" itemtype=\"https:\/\/schema.org\/CreativeWork\" ><a href='https:\/\/www.gym-toelz.de\/index.php\/2026\/02\/13\/informatik-biber-wettbewerb-2026\/' data-rel='slide-1' class='slide-image' title='Informatik-Biber-Wettbewerb 2026'><img decoding=\"async\" fetchpriority=\"high\" width=\"180\" height=\"180\" src=\"https:\/\/www.gym-toelz.de\/wp-content\/uploads\/2025\/06\/informatik-biber-2-transparent-text-e1749332164123.png\" class=\"wp-image-430 avia-img-lazy-loading-not-430 attachment-portfolio size-portfolio wp-post-image\" alt=\"\" \/><\/a><div class=\"slide-content\"><header class=\"entry-content-header\" aria-label=\"Slide: Informatik-Biber-Wettbewerb 2026\"><h3 class='slide-entry-title entry-title '  itemprop=\"headline\" ><a href='https:\/\/www.gym-toelz.de\/index.php\/2026\/02\/13\/informatik-biber-wettbewerb-2026\/' title='Informatik-Biber-Wettbewerb 2026'>Informatik-Biber-Wettbewerb 2026<\/a><\/h3><span class=\"av-vertical-delimiter\"><\/span><\/header><div class=\"slide-meta\"><time class='slide-meta-time updated'  itemprop=\"datePublished\" datetime=\"2026-02-13T08:49:12+01:00\" >Freitag, Februar 13, 2026<\/time><\/div><div class='slide-entry-excerpt entry-content'  itemprop=\"text\" >Gro\u00dfartige Erfolge beim Informatik-Biber-Wettbewerb 2026\r\nDer\u2026<\/div><\/div><footer class=\"entry-footer\"><\/footer><span class='hidden'>\n\t\t\t\t<span class='av-structured-data'  itemprop=\"image\" itemscope=\"itemscope\" itemtype=\"https:\/\/schema.org\/ImageObject\" >\n\t\t\t\t\t\t<span itemprop='url'>https:\/\/www.gym-toelz.de\/wp-content\/uploads\/2025\/06\/informatik-biber-2-transparent-text-e1749332164123.png<\/span>\n\t\t\t\t\t\t<span itemprop='height'>180<\/span>\n\t\t\t\t\t\t<span itemprop='width'>180<\/span>\n\t\t\t\t<\/span>\n\t\t\t\t<span class='av-structured-data'  itemprop=\"publisher\" itemtype=\"https:\/\/schema.org\/Organization\" itemscope=\"itemscope\" >\n\t\t\t\t\t\t<span itemprop='name'>Hanno Froehlich<\/span>\n\t\t\t\t\t\t<span itemprop='logo' itemscope itemtype='https:\/\/schema.org\/ImageObject'>\n\t\t\t\t\t\t\t<span itemprop='url'>https:\/\/www.gym-toelz.de\/wp-content\/uploads\/2025\/06\/schriftzug-Kopf-weissGVS_Logo-klein-300x114.png<\/span>\n\t\t\t\t\t\t<\/span>\n\t\t\t\t<\/span><span class='av-structured-data'  itemprop=\"author\" itemscope=\"itemscope\" itemtype=\"https:\/\/schema.org\/Person\" ><span itemprop='name'>Hanno Froehlich<\/span><\/span><span class='av-structured-data'  itemprop=\"datePublished\" datetime=\"2025-07-16T07:20:31+02:00\" >2026-02-13 08:49:12<\/span><span class='av-structured-data'  itemprop=\"dateModified\" itemtype=\"https:\/\/schema.org\/dateModified\" >2026-02-13 09:14:09<\/span><span class='av-structured-data'  itemprop=\"mainEntityOfPage\" itemtype=\"https:\/\/schema.org\/mainEntityOfPage\" ><span itemprop='name'>Informatik-Biber-Wettbewerb 2026<\/span><\/span><\/span><\/article><\/div><\/div><\/div>\n<div  class='flex_column av-6le75b-c4b17d0cbcf06224bbc64f75fdb5880f av_one_half  avia-builder-el-3  el_after_av_postslider  el_before_av_one_half  first flex_column_div  '     ><section  class='av_textblock_section av-md5m8b02-d8d25be6372ae020d38928aa06f80d47 '   itemscope=\"itemscope\" itemtype=\"https:\/\/schema.org\/CreativeWork\" ><div class='avia_textblock'  itemprop=\"text\" ><p><strong>Das Fach<\/strong><\/p>\n<p style=\"font-weight: 400;\">Grundanliegen der Informatik ist, bei Sch\u00fclerinnen und Sch\u00fclern analytisches Denken zu f\u00f6rdern und sie mit den Grundlagen der digitalen Welt vertraut zu machen. Dabei geht es nicht nur darum, ihnen Kenntnisse im Umgang mit Computern, Programmiersprachen und digitalen Technologien zu vermitteln, sondern ihre Probleml\u00f6sungsf\u00e4higkeiten zu entwickeln. \u00a0Zudem werden aktuelle Anwendungsbereiche der Informatik, wie beispielsweise die k\u00fcnstliche Intelligenz (11. Jahrgangsstufe), thematisiert und auch deren M\u00f6glichkeiten und Grenzen ausgelotet. Ziel ist hier unter anderem, einen sicheren und verantwortungsbewussten Umgang mit digitalen Medien zu erm\u00f6glichen.<\/p>\n<\/div><\/section><\/div>\n<div  class='flex_column av-4l46b3-a0225c42bbaf70a50f43e4a0a1be8a36 av_one_half  avia-builder-el-5  el_after_av_one_half  el_before_av_toggle_container  flex_column_div  '     ><section  class='av_textblock_section av-md5m9yeg-a9d28fd7cdae222de796d850bdc4be30 '   itemscope=\"itemscope\" itemtype=\"https:\/\/schema.org\/CreativeWork\" ><div class='avia_textblock'  itemprop=\"text\" ><p><strong>Fachschaftsleitung<\/strong><\/p>\n<p>Susanne Stocker-Schmidbauer<\/p>\n<p><strong>Lehrwerke<\/strong><\/p>\n<p style=\"font-weight: 400;\">Informatik-Reihe des Cornelsenverlages f\u00fcr Bayern.<\/p>\n<p><strong>Schulaufgaben<\/strong><\/p>\n<p style=\"font-weight: 400;\">Nur in Q12 und Q13 je eine pro Halbjahr.<\/p>\n<\/div><\/section><\/div>\n<div  class='togglecontainer av-mdt11uyf-cee83cff0789b5c477f71da6e8e14414  avia-builder-el-7  el_after_av_one_half  avia-builder-el-last  toggle_close_all' >\n<section class='av_toggle_section av-mdt11th9-0cb35715a880f3caaafc05fec5b33048'  itemscope=\"itemscope\" itemtype=\"https:\/\/schema.org\/CreativeWork\" ><div role=\"tablist\" class=\"single_toggle\" data-tags=\"{Alle} \"  ><p id='toggle-toggle-id-1' data-fake-id='#toggle-id-1' class='toggler  av-title-above '  itemprop=\"headline\"  role='tab' tabindex='0' aria-controls='toggle-id-1' data-slide-speed=\"200\" data-title=\"Wettbewerbe\" data-title-open=\"\" data-aria_collapsed=\"Click to expand: Wettbewerbe\" data-aria_expanded=\"Click to collapse: Wettbewerbe\">Wettbewerbe<span class=\"toggle_icon\"><span class=\"vert_icon\"><\/span><span class=\"hor_icon\"><\/span><\/span><\/p><div id='toggle-id-1' aria-labelledby='toggle-toggle-id-1' role='region' class='toggle_wrap  av-title-above'  ><div class='toggle_content invers-color '  itemprop=\"text\" ><p><strong>Wettbewerbe<\/strong><\/p>\n<p style=\"font-weight: 400;\">Informatik-Biber im November f\u00fcr die ganze Schule.<\/p>\n<p><a href=\"https:\/\/wettbewerb.informatik-biber.de\/\" target=\"_blank\" rel=\"noopener\"><img loading=\"lazy\" decoding=\"async\" class=\"alignnone wp-image-2184 size-full\" src=\"https:\/\/www.gym-toelz.de\/wp-content\/uploads\/2025\/08\/informatikbiber-2025.png\" alt=\"\" width=\"110\" height=\"93\" \/><\/a> <a href=\"https:\/\/wettbewerb.informatik-biber.de\/\" target=\"_blank\" rel=\"noopener\">externer Link <img loading=\"lazy\" decoding=\"async\" class=\"alignnone wp-image-1873\" src=\"https:\/\/www.gym-toelz.de\/wp-content\/uploads\/2025\/07\/icons8-new-tab-48.png\" alt=\"\" width=\"18\" height=\"18\" srcset=\"https:\/\/www.gym-toelz.de\/wp-content\/uploads\/2025\/07\/icons8-new-tab-48.png 48w, https:\/\/www.gym-toelz.de\/wp-content\/uploads\/2025\/07\/icons8-new-tab-48-36x36.png 36w\" sizes=\"auto, (max-width: 18px) 100vw, 18px\" \/><\/a><\/p>\n<p style=\"font-weight: 400;\">M\u00f6glichkeit einer Teilnahme beim Bundeswettbewerb Informatik als W-Seminar-Arbeit einzureichen.<\/p>\n<p><a href=\"https:\/\/bwinf.de\/bundeswettbewerb\/\" target=\"_blank\" rel=\"noopener\"><img loading=\"lazy\" decoding=\"async\" class=\"alignnone wp-image-2182\" src=\"https:\/\/www.gym-toelz.de\/wp-content\/uploads\/2025\/08\/bundesweit-informatik-2025-180x135.png\" alt=\"\" width=\"139\" height=\"104\" \/><\/a><a href=\"https:\/\/bwinf.de\/bundeswettbewerb\/\" target=\"_blank\" rel=\"noopener\"> externer Link <img loading=\"lazy\" decoding=\"async\" class=\"alignnone wp-image-1873\" src=\"https:\/\/www.gym-toelz.de\/wp-content\/uploads\/2025\/07\/icons8-new-tab-48.png\" alt=\"\" width=\"18\" height=\"18\" srcset=\"https:\/\/www.gym-toelz.de\/wp-content\/uploads\/2025\/07\/icons8-new-tab-48.png 48w, https:\/\/www.gym-toelz.de\/wp-content\/uploads\/2025\/07\/icons8-new-tab-48-36x36.png 36w\" sizes=\"auto, (max-width: 18px) 100vw, 18px\" \/><\/a><\/p>\n<\/div><\/div><\/div><\/section>\n<\/div>\n","protected":false},"excerpt":{"rendered":"","protected":false},"author":3,"featured_media":0,"parent":240,"menu_order":12,"comment_status":"closed","ping_status":"closed","template":"","meta":{"footnotes":""},"class_list":["post-1448","page","type-page","status-publish","hentry"],"_links":{"self":[{"href":"https:\/\/www.gym-toelz.de\/index.php\/wp-json\/wp\/v2\/pages\/1448","targetHints":{"allow":["GET"]}}],"collection":[{"href":"https:\/\/www.gym-toelz.de\/index.php\/wp-json\/wp\/v2\/pages"}],"about":[{"href":"https:\/\/www.gym-toelz.de\/index.php\/wp-json\/wp\/v2\/types\/page"}],"author":[{"embeddable":true,"href":"https:\/\/www.gym-toelz.de\/index.php\/wp-json\/wp\/v2\/users\/3"}],"replies":[{"embeddable":true,"href":"https:\/\/www.gym-toelz.de\/index.php\/wp-json\/wp\/v2\/comments?post=1448"}],"version-history":[{"count":8,"href":"https:\/\/www.gym-toelz.de\/index.php\/wp-json\/wp\/v2\/pages\/1448\/revisions"}],"predecessor-version":[{"id":2922,"href":"https:\/\/www.gym-toelz.de\/index.php\/wp-json\/wp\/v2\/pages\/1448\/revisions\/2922"}],"up":[{"embeddable":true,"href":"https:\/\/www.gym-toelz.de\/index.php\/wp-json\/wp\/v2\/pages\/240"}],"wp:attachment":[{"href":"https:\/\/www.gym-toelz.de\/index.php\/wp-json\/wp\/v2\/media?parent=1448"}],"curies":[{"name":"wp","href":"https:\/\/api.w.org\/{rel}","templated":true}]}}