{"id":123,"date":"2025-05-16T13:24:48","date_gmt":"2025-05-16T13:24:48","guid":{"rendered":"https:\/\/www.gym-toelz.de\/index.php\/schulforum\/"},"modified":"2026-01-28T16:35:24","modified_gmt":"2026-01-28T15:35:24","slug":"schulforum","status":"publish","type":"page","link":"https:\/\/www.gym-toelz.de\/index.php\/unsere-schule\/schulfamilie\/schulforum\/","title":{"rendered":"Schulforum"},"content":{"rendered":"<p><strong>Schulforum<\/strong><br \/>\nMitglieder des Schulforums sind der Schulleiter sowie drei von der Lehrerkonferenz gew\u00e4hlte Lehrkr\u00e4fte, die oder der Elternbeiratsvorsitzende sowie zwei vom Elternbeirat gew\u00e4hlte Elternbeiratsmitglieder, der Sch\u00fclerausschuss und ein Vertreter des Sachaufwandstr\u00e4gers.<\/p>\n","protected":false},"excerpt":{"rendered":"<p>Schulforum Mitglieder des Schulforums sind der Schulleiter sowie drei von der Lehrerkonferenz gew\u00e4hlte Lehrkr\u00e4fte, die oder der Elternbeiratsvorsitzende sowie zwei vom Elternbeirat gew\u00e4hlte Elternbeiratsmitglieder, der Sch\u00fclerausschuss und ein Vertreter des Sachaufwandstr\u00e4gers.<\/p>\n","protected":false},"author":2,"featured_media":0,"parent":113,"menu_order":18,"comment_status":"closed","ping_status":"closed","template":"","meta":{"footnotes":""},"class_list":["post-123","page","type-page","status-publish","hentry"],"_links":{"self":[{"href":"https:\/\/www.gym-toelz.de\/index.php\/wp-json\/wp\/v2\/pages\/123","targetHints":{"allow":["GET"]}}],"collection":[{"href":"https:\/\/www.gym-toelz.de\/index.php\/wp-json\/wp\/v2\/pages"}],"about":[{"href":"https:\/\/www.gym-toelz.de\/index.php\/wp-json\/wp\/v2\/types\/page"}],"author":[{"embeddable":true,"href":"https:\/\/www.gym-toelz.de\/index.php\/wp-json\/wp\/v2\/users\/2"}],"replies":[{"embeddable":true,"href":"https:\/\/www.gym-toelz.de\/index.php\/wp-json\/wp\/v2\/comments?post=123"}],"version-history":[{"count":2,"href":"https:\/\/www.gym-toelz.de\/index.php\/wp-json\/wp\/v2\/pages\/123\/revisions"}],"predecessor-version":[{"id":781,"href":"https:\/\/www.gym-toelz.de\/index.php\/wp-json\/wp\/v2\/pages\/123\/revisions\/781"}],"up":[{"embeddable":true,"href":"https:\/\/www.gym-toelz.de\/index.php\/wp-json\/wp\/v2\/pages\/113"}],"wp:attachment":[{"href":"https:\/\/www.gym-toelz.de\/index.php\/wp-json\/wp\/v2\/media?parent=123"}],"curies":[{"name":"wp","href":"https:\/\/api.w.org\/{rel}","templated":true}]}}