{"id":121,"date":"2025-05-16T13:24:48","date_gmt":"2025-05-16T13:24:48","guid":{"rendered":"https:\/\/www.gym-toelz.de\/index.php\/elternbeirat\/"},"modified":"2026-01-28T16:35:24","modified_gmt":"2026-01-28T15:35:24","slug":"elternbeirat","status":"publish","type":"page","link":"https:\/\/www.gym-toelz.de\/index.php\/unsere-schule\/schulfamilie\/elternbeirat\/","title":{"rendered":"Elternbeirat"},"content":{"rendered":"<p><strong>Elternbeirat<\/strong><br \/>\nDer Elternbeirat ist ein wichtiger Teil unserer Schulfamilie und bringt die Sicht der Eltern in den Austausch mit der Schulleitung ein. Er gestaltet aktiv mit, wenn es um bestimmte Entscheidungen im Schulalltag geht. Dies geschieht zum einen in den regelm\u00e4\u00dfigen Sitzungen, zum anderen im Schulforum oder auch im Disziplinarausschuss. Au\u00dferdem pflegt der Elternbeirat eine enge Zusammenarbeit mit dem F\u00f6rderverein.<br \/>\nMit Hilfe eines offenen und respektvollen Dialogs unter den Beteiligten werden gemeinsam L\u00f6sungen gefunden, die f\u00fcr alle funktionieren &#8211; vor allem f\u00fcr unsere Kinder.<\/p>\n<p><strong>D\u00fcrfen wir vorstellen?<\/strong><br \/>\nUnser aktuelles Team besteht aus zw\u00f6lf Mitgliedern, die 2024 von Eltern der Sch\u00fclerinnen und Sch\u00fcler f\u00fcr zwei Jahre gew\u00e4hlt wurden. Gemeinsam engagieren wir uns bis Sommer 2026 f\u00fcr ein lebendiges und unterst\u00fctzendes Schulleben.<\/p>\n<p><img loading=\"lazy\" decoding=\"async\" class=\" wp-image-845 aligncenter\" src=\"https:\/\/www.gym-toelz.de\/wp-content\/uploads\/2025\/06\/elternbeirat-1-2024-300x213.png\" alt=\"\" width=\"621\" height=\"441\" srcset=\"https:\/\/www.gym-toelz.de\/wp-content\/uploads\/2025\/06\/elternbeirat-1-2024-300x213.png 300w, https:\/\/www.gym-toelz.de\/wp-content\/uploads\/2025\/06\/elternbeirat-1-2024-1030x731.png 1030w, https:\/\/www.gym-toelz.de\/wp-content\/uploads\/2025\/06\/elternbeirat-1-2024-768x545.png 768w, https:\/\/www.gym-toelz.de\/wp-content\/uploads\/2025\/06\/elternbeirat-1-2024-1536x1090.png 1536w, https:\/\/www.gym-toelz.de\/wp-content\/uploads\/2025\/06\/elternbeirat-1-2024-1500x1064.png 1500w, https:\/\/www.gym-toelz.de\/wp-content\/uploads\/2025\/06\/elternbeirat-1-2024-260x185.png 260w, https:\/\/www.gym-toelz.de\/wp-content\/uploads\/2025\/06\/elternbeirat-1-2024-705x500.png 705w, https:\/\/www.gym-toelz.de\/wp-content\/uploads\/2025\/06\/elternbeirat-1-2024.png 1749w\" sizes=\"auto, (max-width: 621px) 100vw, 621px\" \/><\/p>\n<h5>Funktionen und Rollen im aktuellen Elternbeirat:<\/h5>\n<p>1. Vorsitzende des Elternbeirats: Natascha Mahnel<br \/>\n2. Vorsitzender des Elternbeirats: Norbert Goldschatz<br \/>\nKontakt zu den Klassenelternsprechern: Anke Schneider<br \/>\nSchulforum: Natascha Mahnel, Patrizia Scheffel, Stephanie Schuhmacher-Gebler<br \/>\nDisziplinarausschuss: Sylvia del Sel, Eva Burchard, Judith Stehr<br \/>\nBurkina Faso: Maria Ebert<br \/>\nGabriel: Anke Schneider<br \/>\nInternet-Auftritt des Elternbeirats: Franz Gr\u00f6ger<br \/>\nBerufsorientierung: Eva Burchard, Norbert Goldschatz<\/p>\n<p><strong>Sie m\u00f6chten Kontakt mit uns aufnehmen?<\/strong><br \/>\nSchreiben Sie uns einfach eine Mail an\u00a0<a href=\"mailto:elternbeirat@gymtoelz.de\">elternbeirat@gymtoelz.de<\/a>.<br \/>\nDie n\u00e4chste Wahl zum Elternbeirat findet im Herbst 2026 statt. Haben Sie Interesse, sich einzubringen und das Schulleben aktiv mitzugestalten?<br \/>\nWir freuen uns auf Ihre Nachricht.<\/p>\n","protected":false},"excerpt":{"rendered":"<p>Elternbeirat Der Elternbeirat ist ein wichtiger Teil unserer Schulfamilie und bringt die Sicht der Eltern in den Austausch mit der Schulleitung ein. Er gestaltet aktiv mit, wenn es um bestimmte Entscheidungen im Schulalltag geht. Dies geschieht zum einen in den regelm\u00e4\u00dfigen Sitzungen, zum anderen im Schulforum oder auch im Disziplinarausschuss. Au\u00dferdem pflegt der Elternbeirat eine [&hellip;]<\/p>\n","protected":false},"author":2,"featured_media":0,"parent":113,"menu_order":17,"comment_status":"closed","ping_status":"closed","template":"","meta":{"footnotes":""},"class_list":["post-121","page","type-page","status-publish","hentry"],"_links":{"self":[{"href":"https:\/\/www.gym-toelz.de\/index.php\/wp-json\/wp\/v2\/pages\/121","targetHints":{"allow":["GET"]}}],"collection":[{"href":"https:\/\/www.gym-toelz.de\/index.php\/wp-json\/wp\/v2\/pages"}],"about":[{"href":"https:\/\/www.gym-toelz.de\/index.php\/wp-json\/wp\/v2\/types\/page"}],"author":[{"embeddable":true,"href":"https:\/\/www.gym-toelz.de\/index.php\/wp-json\/wp\/v2\/users\/2"}],"replies":[{"embeddable":true,"href":"https:\/\/www.gym-toelz.de\/index.php\/wp-json\/wp\/v2\/comments?post=121"}],"version-history":[{"count":8,"href":"https:\/\/www.gym-toelz.de\/index.php\/wp-json\/wp\/v2\/pages\/121\/revisions"}],"predecessor-version":[{"id":3577,"href":"https:\/\/www.gym-toelz.de\/index.php\/wp-json\/wp\/v2\/pages\/121\/revisions\/3577"}],"up":[{"embeddable":true,"href":"https:\/\/www.gym-toelz.de\/index.php\/wp-json\/wp\/v2\/pages\/113"}],"wp:attachment":[{"href":"https:\/\/www.gym-toelz.de\/index.php\/wp-json\/wp\/v2\/media?parent=121"}],"curies":[{"name":"wp","href":"https:\/\/api.w.org\/{rel}","templated":true}]}}