{"id":117,"date":"2025-05-16T13:24:48","date_gmt":"2025-05-16T13:24:48","guid":{"rendered":"https:\/\/www.gym-toelz.de\/index.php\/kollegium\/"},"modified":"2026-01-28T16:35:24","modified_gmt":"2026-01-28T15:35:24","slug":"kollegium","status":"publish","type":"page","link":"https:\/\/www.gym-toelz.de\/index.php\/unsere-schule\/schulfamilie\/kollegium\/","title":{"rendered":"Kollegium"},"content":{"rendered":"<p><img loading=\"lazy\" decoding=\"async\" class=\"wp-image-2952 size-full aligncenter\" src=\"https:\/\/www.gym-toelz.de\/wp-content\/uploads\/2025\/11\/Kollegium-Homepage-2025-web-schmal.jpg\" alt=\"\" width=\"2337\" height=\"1110\" srcset=\"https:\/\/www.gym-toelz.de\/wp-content\/uploads\/2025\/11\/Kollegium-Homepage-2025-web-schmal.jpg 2337w, https:\/\/www.gym-toelz.de\/wp-content\/uploads\/2025\/11\/Kollegium-Homepage-2025-web-schmal-300x142.jpg 300w, https:\/\/www.gym-toelz.de\/wp-content\/uploads\/2025\/11\/Kollegium-Homepage-2025-web-schmal-1030x489.jpg 1030w, https:\/\/www.gym-toelz.de\/wp-content\/uploads\/2025\/11\/Kollegium-Homepage-2025-web-schmal-768x365.jpg 768w, https:\/\/www.gym-toelz.de\/wp-content\/uploads\/2025\/11\/Kollegium-Homepage-2025-web-schmal-1536x730.jpg 1536w, https:\/\/www.gym-toelz.de\/wp-content\/uploads\/2025\/11\/Kollegium-Homepage-2025-web-schmal-2048x973.jpg 2048w, https:\/\/www.gym-toelz.de\/wp-content\/uploads\/2025\/11\/Kollegium-Homepage-2025-web-schmal-1500x712.jpg 1500w, https:\/\/www.gym-toelz.de\/wp-content\/uploads\/2025\/11\/Kollegium-Homepage-2025-web-schmal-705x335.jpg 705w\" sizes=\"auto, (max-width: 2337px) 100vw, 2337px\" \/><\/p>\n<p style=\"text-align: center;\"><em>Kollegium GvS (Stand September 2025)<\/em><\/p>\n<p style=\"text-align: center;\">Gerne k\u00f6nnen Sie \u00fcber das<\/p>\n<p style=\"text-align: center;\"><a href=\"https:\/\/toelgvs.eltern-portal.org\/\" target=\"_blank\" rel=\"noopener\">Elternportal (externer Link) <img loading=\"lazy\" decoding=\"async\" class=\"alignnone wp-image-1873\" src=\"https:\/\/www.gym-toelz.de\/wp-content\/uploads\/2025\/07\/icons8-new-tab-48.png\" alt=\"\" width=\"18\" height=\"18\" srcset=\"https:\/\/www.gym-toelz.de\/wp-content\/uploads\/2025\/07\/icons8-new-tab-48.png 48w, https:\/\/www.gym-toelz.de\/wp-content\/uploads\/2025\/07\/icons8-new-tab-48-36x36.png 36w\" sizes=\"auto, (max-width: 18px) 100vw, 18px\" \/><\/a><\/p>\n<p style=\"text-align: center;\">mit den Lehrkr\u00e4ften Kontakt aufnehmen.<\/p>\n","protected":false},"excerpt":{"rendered":"<p>Kollegium GvS (Stand September 2025) Gerne k\u00f6nnen Sie \u00fcber das Elternportal (externer Link) mit den Lehrkr\u00e4ften Kontakt aufnehmen.<\/p>\n","protected":false},"author":2,"featured_media":0,"parent":113,"menu_order":14,"comment_status":"closed","ping_status":"closed","template":"","meta":{"footnotes":""},"class_list":["post-117","page","type-page","status-publish","hentry"],"_links":{"self":[{"href":"https:\/\/www.gym-toelz.de\/index.php\/wp-json\/wp\/v2\/pages\/117","targetHints":{"allow":["GET"]}}],"collection":[{"href":"https:\/\/www.gym-toelz.de\/index.php\/wp-json\/wp\/v2\/pages"}],"about":[{"href":"https:\/\/www.gym-toelz.de\/index.php\/wp-json\/wp\/v2\/types\/page"}],"author":[{"embeddable":true,"href":"https:\/\/www.gym-toelz.de\/index.php\/wp-json\/wp\/v2\/users\/2"}],"replies":[{"embeddable":true,"href":"https:\/\/www.gym-toelz.de\/index.php\/wp-json\/wp\/v2\/comments?post=117"}],"version-history":[{"count":11,"href":"https:\/\/www.gym-toelz.de\/index.php\/wp-json\/wp\/v2\/pages\/117\/revisions"}],"predecessor-version":[{"id":2953,"href":"https:\/\/www.gym-toelz.de\/index.php\/wp-json\/wp\/v2\/pages\/117\/revisions\/2953"}],"up":[{"embeddable":true,"href":"https:\/\/www.gym-toelz.de\/index.php\/wp-json\/wp\/v2\/pages\/113"}],"wp:attachment":[{"href":"https:\/\/www.gym-toelz.de\/index.php\/wp-json\/wp\/v2\/media?parent=117"}],"curies":[{"name":"wp","href":"https:\/\/api.w.org\/{rel}","templated":true}]}}