{"id":115,"date":"2025-05-16T13:24:48","date_gmt":"2025-05-16T13:24:48","guid":{"rendered":"https:\/\/www.gym-toelz.de\/index.php\/sekretariat\/"},"modified":"2026-01-28T16:35:24","modified_gmt":"2026-01-28T15:35:24","slug":"sekretariat","status":"publish","type":"page","link":"https:\/\/www.gym-toelz.de\/index.php\/unsere-schule\/schulfamilie\/sekretariat\/","title":{"rendered":"Sekretariat"},"content":{"rendered":"<p><strong>Sekretariat<\/strong><\/p>\n<p><strong>Sekretariat I<\/strong><\/p>\n<p>\u00d6ffnungszeiten: Montag, Dienstag, Donnerstag: 7.30 &#8211; 16.00 Uhr; Mittwoch, Freitag: 7.30 &#8211; 13.00 Uhr.<\/p>\n<p>Tel.: 08041\/799488 &#8211; 0;\u00a0Fax.: 08041\/799488 &#8211; 400;\u00a0E-Mail: <a href=\"mailto:sekretariat@gymtoelz.de\">sekretariat@gymtoelz.de<\/a><\/p>\n<p>Sekretariat I (A2.08): Verwaltungsangestellte Christine Gr\u00fcnwald, Gabriele Nun, Adrienn Parti<\/p>\n<p>Zust\u00e4ndigkeit:\u00a0Sch\u00fcler &#8211; und Klassenverwaltung, Neuaufnahmen, Austritte, Personalverwaltung etc.<\/p>\n<p><strong>Sekretariat II<\/strong><\/p>\n<p>Sekretariat II (A2.11): Verwaltungsangestellte Marika Bernigshausen, Christina Kampmann<\/p>\n<p>Zust\u00e4ndigkeit: Finanzverwaltung, Sch\u00fclerbef\u00f6rderung, Beglaubigungen, etc.<\/p>\n<p>Email: <a href=\"mailto:marika.bernigshausen@gymtoelz.de\">marika.bernigshausen@gymtoelz.de<\/a> und\u00a0<a href=\"mailto:christina.kampmann@gymtoelz.de\" target=\"_blank\" rel=\"noopener\">christina.kampmann@gymtoelz.de<\/a><\/p>\n","protected":false},"excerpt":{"rendered":"<p>Sekretariat Sekretariat I \u00d6ffnungszeiten: Montag, Dienstag, Donnerstag: 7.30 &#8211; 16.00 Uhr; Mittwoch, Freitag: 7.30 &#8211; 13.00 Uhr. Tel.: 08041\/799488 &#8211; 0;\u00a0Fax.: 08041\/799488 &#8211; 400;\u00a0E-Mail: sekretariat@gymtoelz.de Sekretariat I (A2.08): Verwaltungsangestellte Christine Gr\u00fcnwald, Gabriele Nun, Adrienn Parti Zust\u00e4ndigkeit:\u00a0Sch\u00fcler &#8211; und Klassenverwaltung, Neuaufnahmen, Austritte, Personalverwaltung etc. Sekretariat II Sekretariat II (A2.11): Verwaltungsangestellte Marika Bernigshausen, Christina Kampmann Zust\u00e4ndigkeit: Finanzverwaltung, [&hellip;]<\/p>\n","protected":false},"author":2,"featured_media":0,"parent":113,"menu_order":13,"comment_status":"closed","ping_status":"closed","template":"","meta":{"footnotes":""},"class_list":["post-115","page","type-page","status-publish","hentry"],"_links":{"self":[{"href":"https:\/\/www.gym-toelz.de\/index.php\/wp-json\/wp\/v2\/pages\/115","targetHints":{"allow":["GET"]}}],"collection":[{"href":"https:\/\/www.gym-toelz.de\/index.php\/wp-json\/wp\/v2\/pages"}],"about":[{"href":"https:\/\/www.gym-toelz.de\/index.php\/wp-json\/wp\/v2\/types\/page"}],"author":[{"embeddable":true,"href":"https:\/\/www.gym-toelz.de\/index.php\/wp-json\/wp\/v2\/users\/2"}],"replies":[{"embeddable":true,"href":"https:\/\/www.gym-toelz.de\/index.php\/wp-json\/wp\/v2\/comments?post=115"}],"version-history":[{"count":12,"href":"https:\/\/www.gym-toelz.de\/index.php\/wp-json\/wp\/v2\/pages\/115\/revisions"}],"predecessor-version":[{"id":3488,"href":"https:\/\/www.gym-toelz.de\/index.php\/wp-json\/wp\/v2\/pages\/115\/revisions\/3488"}],"up":[{"embeddable":true,"href":"https:\/\/www.gym-toelz.de\/index.php\/wp-json\/wp\/v2\/pages\/113"}],"wp:attachment":[{"href":"https:\/\/www.gym-toelz.de\/index.php\/wp-json\/wp\/v2\/media?parent=115"}],"curies":[{"name":"wp","href":"https:\/\/api.w.org\/{rel}","templated":true}]}}